{"id":748696,"date":"2025-08-28T03:37:15","date_gmt":"2025-08-28T00:37:15","guid":{"rendered":"https:\/\/roveyayinevi.com.tr\/index.php\/urun\/yuzuculer-ve-antrenorler-icin-yuzme-hijyeni\/"},"modified":"2026-04-16T03:01:33","modified_gmt":"2026-04-16T00:01:33","slug":"yuzuculer-ve-antrenorler-icin-yuzme-hijyeni","status":"publish","type":"product","link":"https:\/\/roveyayinevi.com.tr\/index.php\/urun\/yuzuculer-ve-antrenorler-icin-yuzme-hijyeni\/","title":{"rendered":"Y\u00fcz\u00fcc\u00fcler ve Antren\u00f6rler \u0130\u00e7in Y\u00fczme Hijyeni"},"content":{"rendered":"<p>B\u00d6L\u00dcM 1 G\u0130R\u0130\u015e Temel Y\u00fczme Malzemeleri   B\u00d6L\u00dcM 2 Y\u00dcZME HAVUZLARINDA TEM\u0130ZL\u0130K VE H\u0130JYEN Giri\u015f Hijyen Nedir? Y\u00fczme Havuzlar\u0131nda Hijyen Neden \u00d6nemlidir? Hijyen ile \u0130lgili Tan\u0131mlar Rekreasyonel Havuzlarda Y\u00fczme Hijyeni Y\u00fcksek Risk Alt\u0131ndaki Ki\u015filer Y\u00fczme Havuzlar\u0131nda Yayg\u0131n Olarak G\u00f6r\u00fclen Enfeksiyonlar Ki\u015fisel Hijyen El Temizli\u011fi Ayak Temizli\u011fi V\u00fccut Temizli\u011fi Su G\u00fcvenli\u011fi   B\u00d6L\u00dcM 3 EKLER: Y\u00d6NETMEL\u0130KLER VE \u00d6RNEK H\u0130JYEN UYGULAMALARI Ek 1: Y\u00fczme Havuzlar\u0131n\u0131n Tabi Olaca\u011f\u0131 Sa\u011fl\u0131k Esaslar\u0131 Hakk\u0131nda Y\u00f6netmelik Ek 2: Havuzlar ve Site Havuzlar\u0131 \u0130\u00e7in Kontroll\u00fc Sosyal Hayat \u00c7al\u0131\u015fma Rehberi (Sa\u011fl\u0131k Bakanl\u0131\u011f\u0131)Ek 3: Tesislerin Yeniden A\u00e7\u0131lmas\u0131 ve Planlamalar\u0131 (T\u00fcrkiye Y\u00fczme Federasyonu)Ek 4: Pandemi D\u00f6nemi M\u00fcsabaka Havuzu Kullan\u0131m Kurallar\u0131 (T\u00fcrkiye Y\u00fczme Federasyonu)<\/p>\n","protected":false},"excerpt":{"rendered":"<p>B\u00d6L\u00dcM 1 G\u0130R\u0130\u015e Temel Y\u00fczme Malzemeleri B\u00d6L\u00dcM 2 Y\u00dcZME HAVUZLARINDA TEM\u0130ZL\u0130K VE H\u0130JYEN Giri\u015f Hijyen Nedir? Y\u00fczme Havuzlar\u0131nda Hijyen Neden \u00d6nemlidir? Hijyen ile \u0130lgili Tan\u0131mlar Rekreasyonel<span class=\"excerpt-hellip\"> [\u2026]<\/span><\/p>\n","protected":false},"featured_media":0,"template":"","meta":{"_monsterinsights_skip_tracking":false,"_monsterinsights_sitenote_active":false,"_monsterinsights_sitenote_note":"","_monsterinsights_sitenote_category":0},"product_brand":[],"product_cat":[15563,15564],"product_tag":[],"class_list":{"0":"post-748696","1":"product","2":"type-product","3":"status-publish","5":"product_cat-hobi","6":"product_cat-spor","7":"pa_cilt-ciltsiz","8":"pa_tur-kitap","9":"pa_yayinevi-gazi-kitabevi","10":"pa_yazar-burcu-ertas-dolek","12":"first","13":"instock","14":"sale","15":"shipping-taxable","16":"purchasable","17":"product-type-simple"},"_links":{"self":[{"href":"https:\/\/roveyayinevi.com.tr\/index.php\/wp-json\/wp\/v2\/product\/748696","targetHints":{"allow":["GET"]}}],"collection":[{"href":"https:\/\/roveyayinevi.com.tr\/index.php\/wp-json\/wp\/v2\/product"}],"about":[{"href":"https:\/\/roveyayinevi.com.tr\/index.php\/wp-json\/wp\/v2\/types\/product"}],"wp:attachment":[{"href":"https:\/\/roveyayinevi.com.tr\/index.php\/wp-json\/wp\/v2\/media?parent=748696"}],"wp:term":[{"taxonomy":"product_brand","embeddable":true,"href":"https:\/\/roveyayinevi.com.tr\/index.php\/wp-json\/wp\/v2\/product_brand?post=748696"},{"taxonomy":"product_cat","embeddable":true,"href":"https:\/\/roveyayinevi.com.tr\/index.php\/wp-json\/wp\/v2\/product_cat?post=748696"},{"taxonomy":"product_tag","embeddable":true,"href":"https:\/\/roveyayinevi.com.tr\/index.php\/wp-json\/wp\/v2\/product_tag?post=748696"}],"curies":[{"name":"wp","href":"https:\/\/api.w.org\/{rel}","templated":true}]}}