{"id":748695,"date":"2025-08-28T03:37:14","date_gmt":"2025-08-28T00:37:14","guid":{"rendered":"https:\/\/roveyayinevi.com.tr\/index.php\/urun\/klasik-eserler-dizisi-40-kitap\/"},"modified":"2026-04-16T03:01:33","modified_gmt":"2026-04-16T00:01:33","slug":"klasik-eserler-dizisi-40-kitap","status":"publish","type":"product","link":"https:\/\/roveyayinevi.com.tr\/index.php\/urun\/klasik-eserler-dizisi-40-kitap\/","title":{"rendered":"Klasik Eserler Dizisi (40 Kitap)"},"content":{"rendered":"<p>Birbirinden g\u00fczel 40 tane klasikle\u015fmi\u015f,olmazsa olmaz, ba\u015fucu kitaplar\u0131&#8230;Her biri d\u00f6neminin en kuvvetli kalemince yaz\u0131lm\u0131\u015f ve her biri insanl\u0131k tarihinin en net aynas\u0131&#8230;  &#8220;KLAS\u0130K ESERLER D\u0130Z\u0130S\u0130&#8221;NDE YER ALAN K\u0130TAPLAR   80 G\u00dcNDE DEVR-\u0130 ALEM AL\u0130CE HAR\u0130KALAR \u00dcLKES\u0130NDE ANDERSEN MASALLARI AY&#8217;A YOLCULUK B\u0130R \u015eEFTAL\u0130 B\u0130N \u015eEFTAL\u0130 \u00c7EHOV&#8217;DAN H\u0130KAYELER \u00c7OCUK KALB\u0130 DEDE KORKUT H\u0130KAYELER\u0130 <\/p>\n","protected":false},"excerpt":{"rendered":"<p>Birbirinden g\u00fczel 40 tane klasikle\u015fmi\u015f,olmazsa olmaz, ba\u015fucu kitaplar\u0131&#8230;Her biri d\u00f6neminin en kuvvetli kalemince yaz\u0131lm\u0131\u015f ve her biri insanl\u0131k tarihinin en net aynas\u0131&#8230; &#8220;KLAS\u0130K ESERLER D\u0130Z\u0130S\u0130&#8221;NDE YER<span class=\"excerpt-hellip\"> [\u2026]<\/span><\/p>\n","protected":false},"featured_media":0,"template":"","meta":{"_monsterinsights_skip_tracking":false,"_monsterinsights_sitenote_active":false,"_monsterinsights_sitenote_note":"","_monsterinsights_sitenote_category":0},"product_brand":[],"product_cat":[12274,12467],"product_tag":[],"class_list":{"0":"post-748695","1":"product","2":"type-product","3":"status-publish","5":"product_cat-cocuk-ve-genclik-kitaplari","6":"product_cat-dunya-klasikleri","7":"pa_cilt-ciltsiz","8":"pa_tur-kitap","9":"pa_yayinevi-ema-kitap","10":"pa_yazar-kolektif","12":"first","13":"instock","14":"sale","15":"shipping-taxable","16":"purchasable","17":"product-type-simple"},"_links":{"self":[{"href":"https:\/\/roveyayinevi.com.tr\/index.php\/wp-json\/wp\/v2\/product\/748695","targetHints":{"allow":["GET"]}}],"collection":[{"href":"https:\/\/roveyayinevi.com.tr\/index.php\/wp-json\/wp\/v2\/product"}],"about":[{"href":"https:\/\/roveyayinevi.com.tr\/index.php\/wp-json\/wp\/v2\/types\/product"}],"wp:attachment":[{"href":"https:\/\/roveyayinevi.com.tr\/index.php\/wp-json\/wp\/v2\/media?parent=748695"}],"wp:term":[{"taxonomy":"product_brand","embeddable":true,"href":"https:\/\/roveyayinevi.com.tr\/index.php\/wp-json\/wp\/v2\/product_brand?post=748695"},{"taxonomy":"product_cat","embeddable":true,"href":"https:\/\/roveyayinevi.com.tr\/index.php\/wp-json\/wp\/v2\/product_cat?post=748695"},{"taxonomy":"product_tag","embeddable":true,"href":"https:\/\/roveyayinevi.com.tr\/index.php\/wp-json\/wp\/v2\/product_tag?post=748695"}],"curies":[{"name":"wp","href":"https:\/\/api.w.org\/{rel}","templated":true}]}}