{"id":748693,"date":"2025-08-28T03:37:11","date_gmt":"2025-08-28T00:37:11","guid":{"rendered":"https:\/\/roveyayinevi.com.tr\/index.php\/urun\/arkadas-oykuler-10-kitap-soru-kitapcigi\/"},"modified":"2026-04-16T03:01:33","modified_gmt":"2026-04-16T00:01:33","slug":"arkadas-oykuler-10-kitap-soru-kitapcigi","status":"publish","type":"product","link":"https:\/\/roveyayinevi.com.tr\/index.php\/urun\/arkadas-oykuler-10-kitap-soru-kitapcigi\/","title":{"rendered":"Arkada\u015f \u00d6yk\u00fcler (10 Kitap + Soru Kitap\u00e7\u0131\u011f\u0131)"},"content":{"rendered":"<p>Birbirinden g\u00fczel 10 tane klasikle\u015fmi\u015f,olmazsa olmaz, ba\u015fucu kitaplar\u0131&#8230;Her biri d\u00f6neminin en kuvvetli kalemince yaz\u0131lm\u0131\u015f ve her biri insanl\u0131k tarihinin en net aynas\u0131&#8230;&#8221;ARKADA\u015e \u00d6YK\u00dcLER&#8221;DE YER ALAN K\u0130TAPLAR DEMET DEMET H\u0130K\u00c2YE PAPATYA \u00c7OCUK BAYRAMI \u0130K\u0130 YIL OKUL TAT\u0130L\u0130 SEV\u0130ML\u0130 TA\u015eITLAR PARMAK \u00c7OCUK KEND\u0130N\u0130 SUDA G\u00d6REN GEY\u0130K HAYAL D\u00dcNYASI K\u00dc\u00c7\u00dcK DEN\u0130Z KIZI MAHZENE G\u0130REN GEL\u0130NC\u0130K <\/p>\n","protected":false},"excerpt":{"rendered":"<p>Birbirinden g\u00fczel 10 tane klasikle\u015fmi\u015f,olmazsa olmaz, ba\u015fucu kitaplar\u0131&#8230;Her biri d\u00f6neminin en kuvvetli kalemince yaz\u0131lm\u0131\u015f ve her biri insanl\u0131k tarihinin en net aynas\u0131&#8230;&#8221;ARKADA\u015e \u00d6YK\u00dcLER&#8221;DE YER ALAN K\u0130TAPLAR<span class=\"excerpt-hellip\"> [\u2026]<\/span><\/p>\n","protected":false},"featured_media":0,"template":"","meta":{"_monsterinsights_skip_tracking":false,"_monsterinsights_sitenote_active":false,"_monsterinsights_sitenote_note":"","_monsterinsights_sitenote_category":0},"product_brand":[],"product_cat":[12274,12467],"product_tag":[],"class_list":{"0":"post-748693","1":"product","2":"type-product","3":"status-publish","5":"product_cat-cocuk-ve-genclik-kitaplari","6":"product_cat-dunya-klasikleri","7":"pa_cilt-ciltsiz","8":"pa_tur-kitap","9":"pa_yayinevi-bicirik-yayinlari","10":"pa_yazar-kolektif","12":"first","13":"instock","14":"sale","15":"shipping-taxable","16":"purchasable","17":"product-type-simple"},"_links":{"self":[{"href":"https:\/\/roveyayinevi.com.tr\/index.php\/wp-json\/wp\/v2\/product\/748693","targetHints":{"allow":["GET"]}}],"collection":[{"href":"https:\/\/roveyayinevi.com.tr\/index.php\/wp-json\/wp\/v2\/product"}],"about":[{"href":"https:\/\/roveyayinevi.com.tr\/index.php\/wp-json\/wp\/v2\/types\/product"}],"wp:attachment":[{"href":"https:\/\/roveyayinevi.com.tr\/index.php\/wp-json\/wp\/v2\/media?parent=748693"}],"wp:term":[{"taxonomy":"product_brand","embeddable":true,"href":"https:\/\/roveyayinevi.com.tr\/index.php\/wp-json\/wp\/v2\/product_brand?post=748693"},{"taxonomy":"product_cat","embeddable":true,"href":"https:\/\/roveyayinevi.com.tr\/index.php\/wp-json\/wp\/v2\/product_cat?post=748693"},{"taxonomy":"product_tag","embeddable":true,"href":"https:\/\/roveyayinevi.com.tr\/index.php\/wp-json\/wp\/v2\/product_tag?post=748693"}],"curies":[{"name":"wp","href":"https:\/\/api.w.org\/{rel}","templated":true}]}}