{"id":748691,"date":"2025-08-28T03:37:09","date_gmt":"2025-08-28T00:37:09","guid":{"rendered":"https:\/\/roveyayinevi.com.tr\/index.php\/urun\/step-aerobik\/"},"modified":"2026-04-16T03:01:33","modified_gmt":"2026-04-16T00:01:33","slug":"step-aerobik","status":"publish","type":"product","link":"https:\/\/roveyayinevi.com.tr\/index.php\/urun\/step-aerobik\/","title":{"rendered":"Step &#8211; Aerobik"},"content":{"rendered":"<p>\u0130\u00e7indekiler:     B\u00f6l\u00fcm 1 1. \u0130nsanlarda Hareket Etme \u0130htiyaci 2. Hareketsizli\u011fe Ba\u011fli Olarak Geli\u015fen Hastaliklar 3. Sporun Sa\u011fli\u011fa Etkileri 4. \u0130deal Kilo Hesaplama Y\u00f6ntemleri 5. Egzersiz Ve Kalp Atim Sayisi B\u00f6l\u00fcm 2 6. Step- Aerobik Derslerinin Geli\u015fimi 7. Step \u2013 Aerobik Salonlari Fiziksel Ko\u015fullari 8. Step-Aerobik Yaparken Ne Giyinilmeli 9. Step \u2013Aerobik Ekipmanlari 10. Step \u2013 Aerobik Derslerinde M\u00fczik Kullanimi B\u00f6l\u00fcm 3 11. Aerobik Temel Adimlamalari 12. Step Temel Adimlari 13. Step Tekni\u011fi 14. Step \u2013 Aerobik Ders Plan 15. Step-Aerobik Koreografi \u00d6\u011fretim Teknikleri 16. Step-Aerobik E\u011fitmeni \u0130\u00e7in Tavsiyeler<\/p>\n","protected":false},"excerpt":{"rendered":"<p>\u0130\u00e7indekiler: B\u00f6l\u00fcm 1 1. \u0130nsanlarda Hareket Etme \u0130htiyaci 2. Hareketsizli\u011fe Ba\u011fli Olarak Geli\u015fen Hastaliklar 3. Sporun Sa\u011fli\u011fa Etkileri 4. \u0130deal Kilo Hesaplama Y\u00f6ntemleri 5. Egzersiz Ve<span class=\"excerpt-hellip\"> [\u2026]<\/span><\/p>\n","protected":false},"featured_media":0,"template":"","meta":{"_monsterinsights_skip_tracking":false,"_monsterinsights_sitenote_active":false,"_monsterinsights_sitenote_note":"","_monsterinsights_sitenote_category":0},"product_brand":[],"product_cat":[15563,15564],"product_tag":[],"class_list":{"0":"post-748691","1":"product","2":"type-product","3":"status-publish","5":"product_cat-hobi","6":"product_cat-spor","7":"pa_cilt-ciltsiz","8":"pa_tur-kitap","9":"pa_yayinevi-gazi-kitabevi","10":"pa_yazar-emre-bagci","12":"first","13":"instock","14":"sale","15":"shipping-taxable","16":"purchasable","17":"product-type-simple"},"_links":{"self":[{"href":"https:\/\/roveyayinevi.com.tr\/index.php\/wp-json\/wp\/v2\/product\/748691","targetHints":{"allow":["GET"]}}],"collection":[{"href":"https:\/\/roveyayinevi.com.tr\/index.php\/wp-json\/wp\/v2\/product"}],"about":[{"href":"https:\/\/roveyayinevi.com.tr\/index.php\/wp-json\/wp\/v2\/types\/product"}],"wp:attachment":[{"href":"https:\/\/roveyayinevi.com.tr\/index.php\/wp-json\/wp\/v2\/media?parent=748691"}],"wp:term":[{"taxonomy":"product_brand","embeddable":true,"href":"https:\/\/roveyayinevi.com.tr\/index.php\/wp-json\/wp\/v2\/product_brand?post=748691"},{"taxonomy":"product_cat","embeddable":true,"href":"https:\/\/roveyayinevi.com.tr\/index.php\/wp-json\/wp\/v2\/product_cat?post=748691"},{"taxonomy":"product_tag","embeddable":true,"href":"https:\/\/roveyayinevi.com.tr\/index.php\/wp-json\/wp\/v2\/product_tag?post=748691"}],"curies":[{"name":"wp","href":"https:\/\/api.w.org\/{rel}","templated":true}]}}