{"id":748689,"date":"2025-08-28T03:37:07","date_gmt":"2025-08-28T00:37:07","guid":{"rendered":"https:\/\/roveyayinevi.com.tr\/index.php\/urun\/guncel-turist-rehberligi-arastirmalari\/"},"modified":"2026-04-16T03:01:33","modified_gmt":"2026-04-16T00:01:33","slug":"guncel-turist-rehberligi-arastirmalari","status":"publish","type":"product","link":"https:\/\/roveyayinevi.com.tr\/index.php\/urun\/guncel-turist-rehberligi-arastirmalari\/","title":{"rendered":"G\u00fcncel Turist Rehberli\u011fi Ara\u015ft\u0131rmalar\u0131"},"content":{"rendered":"<p>\u0130\u00e7indekiler:     B\u00d6L\u00dcM 1 K\u00fclt\u00fcr Turlar\u0131 Kapsam\u0131nda Ziyaret\u00e7i Deneyiminde Turist Rehberlerinin Rol\u00fc: Pamukkale B\u00f6lgesi \u00d6rne\u011fi   B\u00d6L\u00dcM 2 Covid-19 Sonras\u0131 Turist Rehberli\u011fi Ara\u015ft\u0131rmalar\u0131   B\u00d6L\u00dcM 3 Covid-19 Pandemisi ve Sa\u011fl\u0131k Turizmi Konulu \u00c7al\u0131\u015fmalar\u0131n Bibliyometrik Analizi   B\u00d6L\u00dcM 4 Turist Rehberlerinin Destinasyon Y\u00f6netimi Kavram\u0131na Yakla\u015f\u0131mlar\u0131: Kelime \u0130li\u015fkilendirme Testi ile Analizi   B\u00d6L\u00dcM 5 T\u00fcrk Mutfa\u011f\u0131n\u0131n S\u00fcrd\u00fcr\u00fclebilirli\u011finde Gastronomi Rehberlerinin Rol\u00fc   B\u00d6L\u00dcM 6 Ulusal Turist Rehberli\u011fi Kongrelerinde Sunulan Bildirilerin 5N1K Perspektifinden \u0130ncelenmesi   B\u00d6L\u00dcM 7 Yerel Gastronomik De\u011ferlerin \u015eehrin Marka De\u011ferine Katk\u0131s\u0131: Hac\u0131 \u015eerif \u00d6rne\u011fi <\/p>\n","protected":false},"excerpt":{"rendered":"<p>\u0130\u00e7indekiler: B\u00d6L\u00dcM 1 K\u00fclt\u00fcr Turlar\u0131 Kapsam\u0131nda Ziyaret\u00e7i Deneyiminde Turist Rehberlerinin Rol\u00fc: Pamukkale B\u00f6lgesi \u00d6rne\u011fi B\u00d6L\u00dcM 2 Covid-19 Sonras\u0131 Turist Rehberli\u011fi Ara\u015ft\u0131rmalar\u0131 B\u00d6L\u00dcM 3 Covid-19 Pandemisi ve<span class=\"excerpt-hellip\"> [\u2026]<\/span><\/p>\n","protected":false},"featured_media":0,"template":"","meta":{"_monsterinsights_skip_tracking":false,"_monsterinsights_sitenote_active":false,"_monsterinsights_sitenote_note":"","_monsterinsights_sitenote_category":0},"product_brand":[],"product_cat":[13055,13054],"product_tag":[],"class_list":{"0":"post-748689","1":"product","2":"type-product","3":"status-publish","5":"product_cat-gezi-rehberi","6":"product_cat-gezi-ve-rehber-kitaplari","7":"pa_cilt-ciltsiz","8":"pa_tur-kitap","9":"pa_yayinevi-gazi-kitabevi","10":"pa_yazar-kolektif","12":"first","13":"instock","14":"sale","15":"shipping-taxable","16":"purchasable","17":"product-type-simple"},"_links":{"self":[{"href":"https:\/\/roveyayinevi.com.tr\/index.php\/wp-json\/wp\/v2\/product\/748689","targetHints":{"allow":["GET"]}}],"collection":[{"href":"https:\/\/roveyayinevi.com.tr\/index.php\/wp-json\/wp\/v2\/product"}],"about":[{"href":"https:\/\/roveyayinevi.com.tr\/index.php\/wp-json\/wp\/v2\/types\/product"}],"wp:attachment":[{"href":"https:\/\/roveyayinevi.com.tr\/index.php\/wp-json\/wp\/v2\/media?parent=748689"}],"wp:term":[{"taxonomy":"product_brand","embeddable":true,"href":"https:\/\/roveyayinevi.com.tr\/index.php\/wp-json\/wp\/v2\/product_brand?post=748689"},{"taxonomy":"product_cat","embeddable":true,"href":"https:\/\/roveyayinevi.com.tr\/index.php\/wp-json\/wp\/v2\/product_cat?post=748689"},{"taxonomy":"product_tag","embeddable":true,"href":"https:\/\/roveyayinevi.com.tr\/index.php\/wp-json\/wp\/v2\/product_tag?post=748689"}],"curies":[{"name":"wp","href":"https:\/\/api.w.org\/{rel}","templated":true}]}}