{"id":748688,"date":"2025-08-28T03:37:06","date_gmt":"2025-08-28T00:37:06","guid":{"rendered":"https:\/\/roveyayinevi.com.tr\/index.php\/urun\/sporcularda-farkli-siddetlerdeki-aerobik-egzersizin-bozucu-etkiye-direnc-ve-calisma-bellegi-uzerine-etkileri\/"},"modified":"2026-04-16T03:01:33","modified_gmt":"2026-04-16T00:01:33","slug":"sporcularda-farkli-siddetlerdeki-aerobik-egzersizin-bozucu-etkiye-direnc-ve-calisma-bellegi-uzerine-etkileri","status":"publish","type":"product","link":"https:\/\/roveyayinevi.com.tr\/index.php\/urun\/sporcularda-farkli-siddetlerdeki-aerobik-egzersizin-bozucu-etkiye-direnc-ve-calisma-bellegi-uzerine-etkileri\/","title":{"rendered":"Sporcularda Farkl\u0131 \u015eiddetlerdeki Aerobik Egzersizin Bozucu Etkiye Diren\u00e7 ve \u00c7al\u0131\u015fma Belle\u011fi \u00dczerine Etkileri"},"content":{"rendered":"<p>\u0130\u00e7indekiler:     \u00d6NS\u00d6Z 1. G\u0130R\u0130\u015e 1.1. Bili\u015f 1.2. Bili\u015fsel S\u00fcre\u00e7ler 1.3. Y\u00f6netici \u0130\u015flevler 1.4. Ketleme 1.5. Bozucu Etkiye Diren\u00e7 (Interference Control) 1.6. Bellek 1.7. \u00c7al\u0131\u015fma Belle\u011fi (\u00c7B) Modelleri 1.7.1. Modal Model 1.7.2. Baddeley\u2019in \u00c7ok Bile\u015fenli Modeli 1.7.2.1. Fonolojik D\u00f6ng\u00fc 1.7.2.2. G\u00f6rsel-Mek\u00e2nsal Kopyalama 1.7.2.2. Merkezi Y\u00f6netici 1.7.2.4. Olaysal Tampon 1.7.3. Kane ve Engle\u2019\u0131n Y\u00f6netici Dikkat Modeli 1.7.4. Cowan\u2019\u0131n B\u00fct\u00fcnle\u015fik Bile\u015fenler Modeli 1.7.5. Uzun S\u00fcreli \u00c7al\u0131\u015fma Belle\u011fi 1.8. Aerobik Egzersizin Y\u00f6netici \u0130\u015flevler \u00dczerindeki Etkilerinin Alt\u0131nda Yatan Mekanizmalar 1.8.1. Amaca Y\u00f6nelik ve \u0130lgi \u00c7ekici Egzersizlerde Yer Alan Bili\u015fsel Talepler 1.8.2. Karma\u015f\u0131k Motor Hareketleri Ger\u00e7ekle\u015ftirmek \u0130\u00e7in Gerekli Bili\u015fsel D\u00fczenlemeler 1.8.3. Aerobik Egzersizle Uyar\u0131lma Sonucu Beyinde Ger\u00e7ekle\u015fen Fizyolojik De\u011fi\u015fiklikler 1.8.3.1. Kronik Aerobik Egzersizin Fizyolojik Etkileri 1.8.3.2. Akut Aerobik Egzersizin Fizyolojik Etkileri 1.9. Problem 1.10. Hipotezler 1.11. Say\u0131lt\u0131lar 1.12. S\u0131n\u0131rl\u0131l\u0131klar 1.13. Ara\u015ft\u0131rman\u0131n Amac\u0131 ve \u00d6nemi 2. GERE\u00c7 VE Y\u00d6NTEM 2.1. Ara\u015ft\u0131rma Grubu 2.2. Veri Toplama Ara\u00e7lar\u0131 2.2.1. Antropometrik \u00d6l\u00e7\u00fcmler 2.2.2. Alg\u0131lanan Zorluk Derecesi \u00d6l\u00e7\u00fcm\u00fc 2.2.3. Kalp At\u0131m H\u0131z\u0131 \u00d6l\u00e7\u00fcm\u00fc 2.2.4. Maksimal Oksijen T\u00fcketim Kapasitesi (VO2max) \u00d6l\u00e7\u00fcm\u00fc 2.2.5. \u00c7al\u0131\u015fma Belle\u011fi \u00d6l\u00e7\u00fcm\u00fc 2.2.6. Bozucu Etkiye Diren\u00e7 \u00d6l\u00e7\u00fcm\u00fc 2.3. Verilerin Toplanmas\u0131 2.3.1. Ara\u015ft\u0131rma Deseni ve Test Protokol\u00fc 2.4. Verilerin Analizi 3. BULGULAR 3.1. Kat\u0131l\u0131mc\u0131lara Ait Verilerin Tan\u0131mlay\u0131c\u0131 Tablolar\u0131 3.2. Orta ve Y\u00fcksek \u015eiddetli Egzersiz Ko\u015fullar\u0131nda Kalp At\u0131m H\u0131z\u0131 \u00d6l\u00e7\u00fcm Bulgular\u0131 3.3. Orta ve Y\u00fcksek \u015eiddetli Egzersiz Ko\u015fullar\u0131 RPE De\u011ferleri 3.4. Orta ve Y\u00fcksek \u015eiddetli Egzersiz ve Dinlenme Ko\u015fullar\u0131na Ait Stroop Testi De\u011ferleri 3.5. Orta ve Y\u00fcksek \u015eiddetli Egzersiz ve Dinlenme Ko\u015fullar\u0131na Ait 2-Geri G\u00f6revi De\u011ferleri 4.TARTI\u015eMA 5. SONU\u00c7 VE \u00d6NER\u0130LER KAYNAKLAR<\/p>\n","protected":false},"excerpt":{"rendered":"<p>\u0130\u00e7indekiler: \u00d6NS\u00d6Z 1. G\u0130R\u0130\u015e 1.1. Bili\u015f 1.2. Bili\u015fsel S\u00fcre\u00e7ler 1.3. Y\u00f6netici \u0130\u015flevler 1.4. Ketleme 1.5. Bozucu Etkiye Diren\u00e7 (Interference Control) 1.6. Bellek 1.7. \u00c7al\u0131\u015fma Belle\u011fi (\u00c7B)<span class=\"excerpt-hellip\"> [\u2026]<\/span><\/p>\n","protected":false},"featured_media":0,"template":"","meta":{"_monsterinsights_skip_tracking":false,"_monsterinsights_sitenote_active":false,"_monsterinsights_sitenote_note":"","_monsterinsights_sitenote_category":0},"product_brand":[],"product_cat":[15563,15564],"product_tag":[],"class_list":{"0":"post-748688","1":"product","2":"type-product","3":"status-publish","5":"product_cat-hobi","6":"product_cat-spor","7":"pa_cilt-ciltsiz","8":"pa_tur-kitap","9":"pa_yayinevi-gazi-kitabevi","10":"pa_yazar-erdem-cakaloglu","12":"first","13":"instock","14":"sale","15":"shipping-taxable","16":"purchasable","17":"product-type-simple"},"_links":{"self":[{"href":"https:\/\/roveyayinevi.com.tr\/index.php\/wp-json\/wp\/v2\/product\/748688","targetHints":{"allow":["GET"]}}],"collection":[{"href":"https:\/\/roveyayinevi.com.tr\/index.php\/wp-json\/wp\/v2\/product"}],"about":[{"href":"https:\/\/roveyayinevi.com.tr\/index.php\/wp-json\/wp\/v2\/types\/product"}],"wp:attachment":[{"href":"https:\/\/roveyayinevi.com.tr\/index.php\/wp-json\/wp\/v2\/media?parent=748688"}],"wp:term":[{"taxonomy":"product_brand","embeddable":true,"href":"https:\/\/roveyayinevi.com.tr\/index.php\/wp-json\/wp\/v2\/product_brand?post=748688"},{"taxonomy":"product_cat","embeddable":true,"href":"https:\/\/roveyayinevi.com.tr\/index.php\/wp-json\/wp\/v2\/product_cat?post=748688"},{"taxonomy":"product_tag","embeddable":true,"href":"https:\/\/roveyayinevi.com.tr\/index.php\/wp-json\/wp\/v2\/product_tag?post=748688"}],"curies":[{"name":"wp","href":"https:\/\/api.w.org\/{rel}","templated":true}]}}