{"id":748687,"date":"2025-08-28T03:37:05","date_gmt":"2025-08-28T00:37:05","guid":{"rendered":"https:\/\/roveyayinevi.com.tr\/index.php\/urun\/hidrodinamik-makinalarin-tasarimi-pompalar-ve-hidro-turbinler\/"},"modified":"2026-04-16T03:01:33","modified_gmt":"2026-04-16T00:01:33","slug":"hidrodinamik-makinalarin-tasarimi-pompalar-ve-hidro-turbinler","status":"publish","type":"product","link":"https:\/\/roveyayinevi.com.tr\/index.php\/urun\/hidrodinamik-makinalarin-tasarimi-pompalar-ve-hidro-turbinler\/","title":{"rendered":"Hidrodinamik Makinalar\u0131n Tasar\u0131m\u0131 Pompalar ve Hidro-T\u00fcrbinler"},"content":{"rendered":"<p>Hidrodinamik Makinalar\u0131n Tasar\u0131m\u0131 Pompalar ve Hidro-T\u00fcrbinler<\/p>\n","protected":false},"excerpt":{"rendered":"<p>Hidrodinamik Makinalar\u0131n Tasar\u0131m\u0131 Pompalar ve Hidro-T\u00fcrbinler<\/p>\n","protected":false},"featured_media":0,"template":"","meta":{"_monsterinsights_skip_tracking":false,"_monsterinsights_sitenote_active":false,"_monsterinsights_sitenote_note":"","_monsterinsights_sitenote_category":0},"product_brand":[],"product_cat":[13005,18664],"product_tag":[],"class_list":{"0":"post-748687","1":"product","2":"type-product","3":"status-publish","5":"product_cat-bilim-muhendislik","6":"product_cat-muhendislik","7":"pa_cilt-ciltsiz","8":"pa_tur-kitap","9":"pa_yayinevi-palme-yayincilik-akademik","10":"pa_yazar-getu-hailu-michal-varchola-peter-hlbocan","12":"first","13":"instock","14":"sale","15":"shipping-taxable","16":"purchasable","17":"product-type-simple"},"_links":{"self":[{"href":"https:\/\/roveyayinevi.com.tr\/index.php\/wp-json\/wp\/v2\/product\/748687","targetHints":{"allow":["GET"]}}],"collection":[{"href":"https:\/\/roveyayinevi.com.tr\/index.php\/wp-json\/wp\/v2\/product"}],"about":[{"href":"https:\/\/roveyayinevi.com.tr\/index.php\/wp-json\/wp\/v2\/types\/product"}],"wp:attachment":[{"href":"https:\/\/roveyayinevi.com.tr\/index.php\/wp-json\/wp\/v2\/media?parent=748687"}],"wp:term":[{"taxonomy":"product_brand","embeddable":true,"href":"https:\/\/roveyayinevi.com.tr\/index.php\/wp-json\/wp\/v2\/product_brand?post=748687"},{"taxonomy":"product_cat","embeddable":true,"href":"https:\/\/roveyayinevi.com.tr\/index.php\/wp-json\/wp\/v2\/product_cat?post=748687"},{"taxonomy":"product_tag","embeddable":true,"href":"https:\/\/roveyayinevi.com.tr\/index.php\/wp-json\/wp\/v2\/product_tag?post=748687"}],"curies":[{"name":"wp","href":"https:\/\/api.w.org\/{rel}","templated":true}]}}