{"id":748684,"date":"2025-08-28T03:37:01","date_gmt":"2025-08-28T00:37:01","guid":{"rendered":"https:\/\/roveyayinevi.com.tr\/index.php\/urun\/sozden-kadere\/"},"modified":"2026-04-16T03:01:33","modified_gmt":"2026-04-16T00:01:33","slug":"sozden-kadere","status":"publish","type":"product","link":"https:\/\/roveyayinevi.com.tr\/index.php\/urun\/sozden-kadere\/","title":{"rendered":"S\u00f6zden Kadere"},"content":{"rendered":"<p>De\u011ferli okuyucular\u0131m, bu kitapta, y\u00fcre\u011fimin resmini ve onun ta\u015f\u0131d\u0131\u011f\u0131 hisleri \u015fiir format\u0131nda sizlerle payla\u015ft\u0131m. Yine bu kitapta i\u00e7imden ge\u00e7enleri, i\u00e7ime batanlar\u0131 ve i\u00e7imi yakanlar\u0131 samimi duygular\u0131mla ifade etmeye \u00e7al\u0131\u015ft\u0131m. \u015eiirlerimde hi\u00e7 \u015f\u00fcphesiz ki yarat\u0131l\u0131\u015f\u0131m\u0131zda bulunan toprak, hava, su ve ate\u015ften de yans\u0131malar vard\u0131r.   _______________________   S\u00f6zden Kadere Dilimiz p\u0131nard\u0131r s\u00f6z\u00fcm\u00fcz suyu D\u00fc\u015f\u00fcnceden gelir insan\u0131n huyu   Duygular\u0131 besler fikir, d\u00fc\u015f\u00fcnce Davran\u0131\u015fa d\u00f6ner zaman ge\u00e7ince   Al\u0131\u015fkanl\u0131k yapar seversek e\u011fer Bize ait olur bizden bir de\u011fer   Karakteri sanma bir hasbelkader  Bizim m\u00fcrekkeple yaz\u0131l\u0131r kader 24 May\u0131s 2017      Prof. Dr. Abdulkadir G\u00dcLL\u00dc <\/p>\n","protected":false},"excerpt":{"rendered":"<p>De\u011ferli okuyucular\u0131m, bu kitapta, y\u00fcre\u011fimin resmini ve onun ta\u015f\u0131d\u0131\u011f\u0131 hisleri \u015fiir format\u0131nda sizlerle payla\u015ft\u0131m. Yine bu kitapta i\u00e7imden ge\u00e7enleri, i\u00e7ime batanlar\u0131 ve i\u00e7imi yakanlar\u0131 samimi duygular\u0131mla<span class=\"excerpt-hellip\"> [\u2026]<\/span><\/p>\n","protected":false},"featured_media":0,"template":"","meta":{"_monsterinsights_skip_tracking":false,"_monsterinsights_sitenote_active":false,"_monsterinsights_sitenote_note":"","_monsterinsights_sitenote_category":0},"product_brand":[],"product_cat":[12291,12509],"product_tag":[],"class_list":{"0":"post-748684","1":"product","2":"type-product","3":"status-publish","5":"product_cat-edebiyat","6":"product_cat-siir","7":"pa_cilt-ciltsiz","8":"pa_tur-kitap","9":"pa_yayinevi-gulnar-yayinlari","10":"pa_yazar-abdulkadir-gullu","12":"first","13":"instock","14":"sale","15":"shipping-taxable","16":"purchasable","17":"product-type-simple"},"_links":{"self":[{"href":"https:\/\/roveyayinevi.com.tr\/index.php\/wp-json\/wp\/v2\/product\/748684","targetHints":{"allow":["GET"]}}],"collection":[{"href":"https:\/\/roveyayinevi.com.tr\/index.php\/wp-json\/wp\/v2\/product"}],"about":[{"href":"https:\/\/roveyayinevi.com.tr\/index.php\/wp-json\/wp\/v2\/types\/product"}],"wp:attachment":[{"href":"https:\/\/roveyayinevi.com.tr\/index.php\/wp-json\/wp\/v2\/media?parent=748684"}],"wp:term":[{"taxonomy":"product_brand","embeddable":true,"href":"https:\/\/roveyayinevi.com.tr\/index.php\/wp-json\/wp\/v2\/product_brand?post=748684"},{"taxonomy":"product_cat","embeddable":true,"href":"https:\/\/roveyayinevi.com.tr\/index.php\/wp-json\/wp\/v2\/product_cat?post=748684"},{"taxonomy":"product_tag","embeddable":true,"href":"https:\/\/roveyayinevi.com.tr\/index.php\/wp-json\/wp\/v2\/product_tag?post=748684"}],"curies":[{"name":"wp","href":"https:\/\/api.w.org\/{rel}","templated":true}]}}