{"id":748683,"date":"2025-08-28T03:36:59","date_gmt":"2025-08-28T00:36:59","guid":{"rendered":"https:\/\/roveyayinevi.com.tr\/index.php\/urun\/soyleyemedim-2\/"},"modified":"2026-04-16T03:01:33","modified_gmt":"2026-04-16T00:01:33","slug":"soyleyemedim-2","status":"publish","type":"product","link":"https:\/\/roveyayinevi.com.tr\/index.php\/urun\/soyleyemedim-2\/","title":{"rendered":"S\u00f6yleyemedim"},"content":{"rendered":"<p>Sevgili okurlar, s\u00f6ylemek isteyip de s\u00f6yleyemediklerimiz hep olmu\u015ftur hayatta. S\u00f6ylemeye engeller var m\u0131d\u0131r? Bazen vard\u0131r:   Art\u0131k ge\u00e7 kal\u0131nm\u0131\u015ft\u0131r, bundan sonra s\u00f6ylemek sonucu de\u011fi\u015ftirmez, s\u00f6yleyemezsiniz.   Bazen g\u00f6n\u00fclle ters d\u00fc\u015fer, s\u00f6yleyemezsiniz.   Bazen kendinize, halinize, ahvalinize uymaz, s\u00f6yleyemezsiniz. Bazen yutkunur, unutur, uyutulur, s\u00f6yleyemezsiniz.   Ama g\u00fcn gelir s\u00f6yleyemediklerinizi yaz\u0131ya d\u00f6ker, kaleme s\u00f6yletir, k\u00e2\u011f\u0131da yazd\u0131r\u0131rs\u0131n\u0131z. B\u00fct\u00fcn bunlar yine duyulur ve yine s\u00f6ylemi\u015f olursunuz.   Bilmem anlatabildim mi? S\u00f6yleyemedim   Sanma ki s\u0131zlayan bir y\u00fcre\u011fim yok Sanma ki anlamam, sevdal\u0131 g\u00f6zden Ka\u00e7 kez niyet ettim demeye amma Utand\u0131m geceden, s\u00f6yleyemedim   Y\u0131ld\u0131zlar beynime \u00e7arpt\u0131 kayboldu G\u00fcn ortas\u0131 s\u00f6nd\u00fc g\u00f6kteki g\u00fcne\u015f Ya k\u0131z\u0131l ya kara g\u00f6rd\u00fc\u011f\u00fcm renkler D\u00f6nmedi maviye, s\u00f6yleyemedim   Hep arkandan bakt\u0131m dalg\u0131n g\u00f6zlerle Kayboldun gittik\u00e7e k\u0131z\u0131l ufukta Mevsim k\u0131\u015fta dondu, gelmedi bahar Kokmad\u0131 \u00e7i\u00e7ekler, s\u00f6yleyemedim   &#8230;    Prof. Dr. Abdulkadir G\u00dcLL\u00dc <\/p>\n","protected":false},"excerpt":{"rendered":"<p>Sevgili okurlar, s\u00f6ylemek isteyip de s\u00f6yleyemediklerimiz hep olmu\u015ftur hayatta. S\u00f6ylemeye engeller var m\u0131d\u0131r? Bazen vard\u0131r: Art\u0131k ge\u00e7 kal\u0131nm\u0131\u015ft\u0131r, bundan sonra s\u00f6ylemek sonucu de\u011fi\u015ftirmez, s\u00f6yleyemezsiniz. Bazen g\u00f6n\u00fclle<span class=\"excerpt-hellip\"> [\u2026]<\/span><\/p>\n","protected":false},"featured_media":0,"template":"","meta":{"_monsterinsights_skip_tracking":false,"_monsterinsights_sitenote_active":false,"_monsterinsights_sitenote_note":"","_monsterinsights_sitenote_category":0},"product_brand":[],"product_cat":[12291,12509],"product_tag":[],"class_list":{"0":"post-748683","1":"product","2":"type-product","3":"status-publish","5":"product_cat-edebiyat","6":"product_cat-siir","7":"pa_cilt-ciltsiz","8":"pa_tur-kitap","9":"pa_yayinevi-gulnar-yayinlari","10":"pa_yazar-abdulkadir-gullu","12":"first","13":"instock","14":"sale","15":"shipping-taxable","16":"purchasable","17":"product-type-simple"},"_links":{"self":[{"href":"https:\/\/roveyayinevi.com.tr\/index.php\/wp-json\/wp\/v2\/product\/748683","targetHints":{"allow":["GET"]}}],"collection":[{"href":"https:\/\/roveyayinevi.com.tr\/index.php\/wp-json\/wp\/v2\/product"}],"about":[{"href":"https:\/\/roveyayinevi.com.tr\/index.php\/wp-json\/wp\/v2\/types\/product"}],"wp:attachment":[{"href":"https:\/\/roveyayinevi.com.tr\/index.php\/wp-json\/wp\/v2\/media?parent=748683"}],"wp:term":[{"taxonomy":"product_brand","embeddable":true,"href":"https:\/\/roveyayinevi.com.tr\/index.php\/wp-json\/wp\/v2\/product_brand?post=748683"},{"taxonomy":"product_cat","embeddable":true,"href":"https:\/\/roveyayinevi.com.tr\/index.php\/wp-json\/wp\/v2\/product_cat?post=748683"},{"taxonomy":"product_tag","embeddable":true,"href":"https:\/\/roveyayinevi.com.tr\/index.php\/wp-json\/wp\/v2\/product_tag?post=748683"}],"curies":[{"name":"wp","href":"https:\/\/api.w.org\/{rel}","templated":true}]}}