{"id":748681,"date":"2025-08-28T03:36:57","date_gmt":"2025-08-28T00:36:57","guid":{"rendered":"https:\/\/roveyayinevi.com.tr\/index.php\/urun\/rusca-konusanlar-icin-turkce-konusma-kilavuzu-ve-gezi-rehberi\/"},"modified":"2026-04-16T03:01:18","modified_gmt":"2026-04-16T00:01:18","slug":"rusca-konusanlar-icin-turkce-konusma-kilavuzu-ve-gezi-rehberi","status":"publish","type":"product","link":"https:\/\/roveyayinevi.com.tr\/index.php\/urun\/rusca-konusanlar-icin-turkce-konusma-kilavuzu-ve-gezi-rehberi\/","title":{"rendered":"Rus\u00e7a Konu\u015fanlar \u0130\u00e7in T\u00fcrk\u00e7e Konu\u015fma K\u0131lavuzu ve Gezi Rehberi"},"content":{"rendered":"<p>\u042d\u0442\u043e \u0441\u0430\u043c\u044b\u0439 \u043e\u0431\u044a\u0435\u043c\u043d\u044b\u0439 \u0420\u0443\u0441\u0441\u043a\u043e-\u0422\u0443\u0440\u0435\u0446\u043a\u0438\u0439 \u0420\u0430\u0437\u0433\u043e\u0432\u043e\u0440\u043d\u0438\u043a \u0438 \u041f\u0443\u0442\u0435\u0432\u043e\u0434\u0438\u0442\u0435\u043b\u044c \u041f\u043e \u0422\u0443\u0440\u0446\u0438\u0438. \u042d\u0442\u0430 \u043a\u043d\u0438\u0433\u0430 \u0431\u0443\u0434\u0435\u0442 \u043d\u0435\u0437\u0430\u043c\u0435\u043d\u0438\u043c\u043e\u0439 \u0434\u043b\u044f \u0432\u0430\u0441 \u043f\u0440\u0438 \u043f\u043e\u0435\u0437\u0434\u043a\u0430\u0445 \u0432 \u0422\u0443\u0440\u0446\u0438\u044e \u0434\u043b\u044f \u0442\u0443\u0440\u0438\u0437\u043c\u0430 \u0438\u043b\u0438 \u0440\u0430\u0431\u043e\u0442\u044b. \u041f\u0443\u0442\u0435\u0432\u043e\u0434\u0438\u0442\u0435\u043b\u044c \u0438\u0437\u0434\u0430\u043d \u0434\u043b\u044f \u0442\u0435\u0445, \u043a\u0442\u043e \u043d\u0435 \u0437\u043d\u0430\u0435\u0442 \u044f\u0437\u044b\u043a \u0438\u043b\u0438 \u0440\u0430\u043d\u044c\u0448\u0435 \u043d\u0435 \u0431\u044b\u0432\u0430\u043b \u0432 \u0422\u0443\u0440\u0446\u0438\u0438. \u041e\u043d \u043f\u043e\u043c\u043e\u0436\u0435\u0442 \u0432\u0430\u043c \u0441\u0430\u043c\u044b\u043c \u043a\u043e\u0440\u043e\u0442\u043a\u0438\u043c \u0438 \u043b\u0435\u0433\u043a\u0438\u043c \u043f\u0443\u0442\u0435\u043c \u0432\u044b\u0440\u0430\u0437\u0438\u0442\u044c \u0441\u0432\u043e\u0438 \u043c\u044b\u0441\u043b\u0438 \u0438 \u0431\u044b\u0442\u044c \u043f\u043e\u043d\u044f\u0442\u044b\u043c \u043e\u043a\u0440\u0443\u0436\u0430\u044e\u0449\u0438\u043c. \u0421\u0430\u043c\u044b\u0435 \u0443\u043f\u043e\u0442\u0440\u0435\u0431\u043b\u044f\u0435\u043c\u044b\u0435 \u0438 \u043f\u043e\u0432\u0441\u0435\u0434\u043d\u0435\u0432\u043d\u044b\u0435 \u0441\u043b\u043e\u0432\u0430 \u043f\u0435\u0440\u0435\u0432\u0435\u0434\u0435\u043d\u044b \u043d\u0430 \u0440\u0443\u0441\u0441\u043a\u0438\u0439 \u044f\u0437\u044b\u043a \u0441 \u0442\u0440\u0430\u043d\u0441\u043a\u0440\u0438\u043f\u0446\u0438\u0435\u0439. \u0412 \u043a\u043d\u0438\u0433\u0435 \u0438\u0437\u043b\u043e\u0436\u0435\u043d\u044b \u0432\u0430\u0436\u043d\u044b\u0435 \u0444\u0430\u043a\u0442\u044b \u043e \u0442\u0443\u0440\u0435\u0446\u043a\u043e\u0439 \u043a\u0443\u043b\u044c\u0442\u0443\u0440\u0435 \u0438 \u0442\u0440\u0430\u0434\u0438\u0446\u0438\u044f\u0445. \u0412 \u043f\u0443\u0442\u0435\u0432\u043e\u0434\u0438\u0442\u0435\u043b\u0435 \u0442\u0430\u043a\u0436\u0435 \u0432\u044b \u043c\u043e\u0436\u0435\u0442\u0435 \u043d\u0430\u0439\u0442\u0438 \u043c\u0435\u043d\u044e \u0441 \u043e\u0431\u044a\u044f\u0441\u043d\u0435\u043d\u0438\u0435\u043c \u0440\u0430\u0437\u043d\u043e\u043e\u0431\u0440\u0430\u0437\u043d\u044b\u0445 \u0431\u043b\u044e\u0434 \u0442\u0443\u0440\u0435\u0446\u043a\u043e\u0439 \u043a\u0443\u0445\u043d\u0438. \u0427\u0442\u043e\u0431\u044b \u0438\u0437\u0432\u043b\u0435\u0447\u044c \u043c\u0430\u043a\u0441\u0438\u043c\u0443\u043c \u043f\u043e\u043b\u044c\u0437\u044b \u043e\u0442 \u044d\u0442\u043e\u0439 \u043a\u043d\u0438\u0433\u0438, \u043f\u043e\u0436\u0430\u043b\u0443\u0439\u0441\u0442\u0430 \u0432\u043d\u0438\u043c\u0430\u0442\u0435\u043b\u044c\u043d\u043e \u043e\u0437\u043d\u0430\u043a\u043e\u043c\u044c\u0442\u0435\u0441\u044c \u0441 \u0438\u043d\u0441\u0442\u0440\u0443\u043a\u0446\u0438\u0435\u0439.   Yay\u0131mlanm\u0131\u015f en geni\u015f kapsaml\u0131 Rus\u00e7a- T\u00fcrk\u00e7e Gezi ve Konu\u015fma K\u0131lavuzu\u2019nu inceliyorsunuz. Bu eser, T\u00fcrkiye\u2019ye turizm veya i\u015f seyahatlerinizde, seyahat \u00f6ncesi ve s\u00fcresince yan\u0131n\u0131zdan ay\u0131ramayaca\u011f\u0131n\u0131z bir ba\u015fucu kitab\u0131d\u0131r. Rehber, hen\u00fcz hi\u00e7 T\u00fcrk\u00e7e bilmeyen ve T\u00fcrkiye\u2019de bulunmam\u0131\u015f okuyucuya hizmet edebilecek bi\u00e7imde tasarlanm\u0131\u015ft\u0131r. Ki\u015finin, kendini en h\u0131zl\u0131, kolay ve do\u011fru ifade edebilece\u011fi bir kurguya sahiptir. Tematik kurgu i\u00e7erisinde konulara g\u00f6re tipik c\u00fcmleler ve bu c\u00fcmleler i\u00e7erisinde ge\u00e7ebilecek kelimeler, okunu\u015flar\u0131 ile verilmi\u015ftir. Yine bu konular\u0131n gereken b\u00f6l\u00fcmlerinde T\u00fcrkiye ve T\u00fcrklerle ilgili k\u00fclt\u00fcrel ipu\u00e7lar\u0131 verilmi\u015f, sizi bekleyen olumlu ya da olumsuz durumlara ili\u015fkin uyar\u0131lar yap\u0131lm\u0131\u015ft\u0131r. T\u00fcrk k\u00fclt\u00fcr\u00fc, gelenekleri ile ilgili ipu\u00e7lar\u0131 ve \u0130stanbul gezi rehberini de i\u00e7eren bu rehberde, T\u00fcrk mutfa\u011f\u0131n\u0131n farkl\u0131 \u00f6rneklerini bulabileceksiniz. Seyahatiniz boyunca size yard\u0131mc\u0131 olacak bu rehberden h\u0131zl\u0131 ve kolay yararlanabilmeniz i\u00e7in NASIL KULLANACAKSINIZ? b\u00f6l\u00fcm\u00fcn\u00fc dikkatlice okuyunuz! <\/p>\n","protected":false},"excerpt":{"rendered":"<p>\u042d\u0442\u043e \u0441\u0430\u043c\u044b\u0439 \u043e\u0431\u044a\u0435\u043c\u043d\u044b\u0439 \u0420\u0443\u0441\u0441\u043a\u043e-\u0422\u0443\u0440\u0435\u0446\u043a\u0438\u0439 \u0420\u0430\u0437\u0433\u043e\u0432\u043e\u0440\u043d\u0438\u043a \u0438 \u041f\u0443\u0442\u0435\u0432\u043e\u0434\u0438\u0442\u0435\u043b\u044c \u041f\u043e \u0422\u0443\u0440\u0446\u0438\u0438. \u042d\u0442\u0430 \u043a\u043d\u0438\u0433\u0430 \u0431\u0443\u0434\u0435\u0442 \u043d\u0435\u0437\u0430\u043c\u0435\u043d\u0438\u043c\u043e\u0439 \u0434\u043b\u044f \u0432\u0430\u0441 \u043f\u0440\u0438 \u043f\u043e\u0435\u0437\u0434\u043a\u0430\u0445 \u0432 \u0422\u0443\u0440\u0446\u0438\u044e \u0434\u043b\u044f \u0442\u0443\u0440\u0438\u0437\u043c\u0430 \u0438\u043b\u0438 \u0440\u0430\u0431\u043e\u0442\u044b. \u041f\u0443\u0442\u0435\u0432\u043e\u0434\u0438\u0442\u0435\u043b\u044c \u0438\u0437\u0434\u0430\u043d \u0434\u043b\u044f<span class=\"excerpt-hellip\"> [\u2026]<\/span><\/p>\n","protected":false},"featured_media":0,"template":"","meta":{"_monsterinsights_skip_tracking":false,"_monsterinsights_sitenote_active":false,"_monsterinsights_sitenote_note":"","_monsterinsights_sitenote_category":0},"product_brand":[],"product_cat":[12566,13611],"product_tag":[],"class_list":{"0":"post-748681","1":"product","2":"type-product","3":"status-publish","5":"product_cat-egitim","6":"product_cat-sozlukler-ve-konusma-kilavuzlari","7":"pa_cilt-ciltsiz","8":"pa_tur-kitap","9":"pa_yayinevi-delta-kultur-yayinevi","10":"pa_yazar-vedat-aydogan","12":"first","13":"instock","14":"sale","15":"shipping-taxable","16":"purchasable","17":"product-type-simple"},"_links":{"self":[{"href":"https:\/\/roveyayinevi.com.tr\/index.php\/wp-json\/wp\/v2\/product\/748681","targetHints":{"allow":["GET"]}}],"collection":[{"href":"https:\/\/roveyayinevi.com.tr\/index.php\/wp-json\/wp\/v2\/product"}],"about":[{"href":"https:\/\/roveyayinevi.com.tr\/index.php\/wp-json\/wp\/v2\/types\/product"}],"wp:attachment":[{"href":"https:\/\/roveyayinevi.com.tr\/index.php\/wp-json\/wp\/v2\/media?parent=748681"}],"wp:term":[{"taxonomy":"product_brand","embeddable":true,"href":"https:\/\/roveyayinevi.com.tr\/index.php\/wp-json\/wp\/v2\/product_brand?post=748681"},{"taxonomy":"product_cat","embeddable":true,"href":"https:\/\/roveyayinevi.com.tr\/index.php\/wp-json\/wp\/v2\/product_cat?post=748681"},{"taxonomy":"product_tag","embeddable":true,"href":"https:\/\/roveyayinevi.com.tr\/index.php\/wp-json\/wp\/v2\/product_tag?post=748681"}],"curies":[{"name":"wp","href":"https:\/\/api.w.org\/{rel}","templated":true}]}}