{"id":748679,"date":"2025-08-28T03:36:55","date_gmt":"2025-08-28T00:36:55","guid":{"rendered":"https:\/\/roveyayinevi.com.tr\/index.php\/urun\/arkadaslik-beklemez\/"},"modified":"2026-04-16T03:01:18","modified_gmt":"2026-04-16T00:01:18","slug":"arkadaslik-beklemez","status":"publish","type":"product","link":"https:\/\/roveyayinevi.com.tr\/index.php\/urun\/arkadaslik-beklemez\/","title":{"rendered":"Arkada\u015fl\u0131k Beklemez"},"content":{"rendered":"<p>Maxime on ya\u015f\u0131nda. \u015eu hayatta en sevdi\u011fi \u015fey kitaplarla kediler. \u015eimdilik roman kahramanlar\u0131yla oynasa da ger\u00e7ek bir arkada\u015f\u0131 olsun \u00e7ok istiyor. Hislerini payla\u015fabilece\u011fi bir arkada\u015f. S\u00f6zl\u00fck okumay\u0131 sevdi\u011fini s\u00f6yledi\u011finde onunla dalga ge\u00e7meyecek bir arkada\u015f. Maxime bir g\u00fcn okuldan eve d\u00f6nerken kedi mamalar\u0131yla dolu kaplar ke\u015ffeder. Kedisi Zerde\u00e7al\u2019la ba\u015flad\u0131\u011f\u0131 heyecan verici bir soru\u015fturman\u0131n sonunda \u00e7ok \u00f6zel bir insanla tan\u0131\u015facakt\u0131r&#8230; <\/p>\n","protected":false},"excerpt":{"rendered":"<p>Maxime on ya\u015f\u0131nda. \u015eu hayatta en sevdi\u011fi \u015fey kitaplarla kediler. \u015eimdilik roman kahramanlar\u0131yla oynasa da ger\u00e7ek bir arkada\u015f\u0131 olsun \u00e7ok istiyor. Hislerini payla\u015fabilece\u011fi bir arkada\u015f. S\u00f6zl\u00fck<span class=\"excerpt-hellip\"> [\u2026]<\/span><\/p>\n","protected":false},"featured_media":0,"template":"","meta":{"_monsterinsights_skip_tracking":false,"_monsterinsights_sitenote_active":false,"_monsterinsights_sitenote_note":"","_monsterinsights_sitenote_category":0},"product_brand":[],"product_cat":[12274,12284],"product_tag":[],"class_list":{"0":"post-748679","1":"product","2":"type-product","3":"status-publish","5":"product_cat-cocuk-ve-genclik-kitaplari","6":"product_cat-hikayeler","7":"pa_cilt-ciltsiz","8":"pa_tur-kitap","9":"pa_yayinevi-kirmizi-kedi-yayinevi","10":"pa_yazar-lucile-de-peslouan-jacques-goldstyn","12":"first","13":"instock","14":"sale","15":"shipping-taxable","16":"purchasable","17":"product-type-simple"},"_links":{"self":[{"href":"https:\/\/roveyayinevi.com.tr\/index.php\/wp-json\/wp\/v2\/product\/748679","targetHints":{"allow":["GET"]}}],"collection":[{"href":"https:\/\/roveyayinevi.com.tr\/index.php\/wp-json\/wp\/v2\/product"}],"about":[{"href":"https:\/\/roveyayinevi.com.tr\/index.php\/wp-json\/wp\/v2\/types\/product"}],"wp:attachment":[{"href":"https:\/\/roveyayinevi.com.tr\/index.php\/wp-json\/wp\/v2\/media?parent=748679"}],"wp:term":[{"taxonomy":"product_brand","embeddable":true,"href":"https:\/\/roveyayinevi.com.tr\/index.php\/wp-json\/wp\/v2\/product_brand?post=748679"},{"taxonomy":"product_cat","embeddable":true,"href":"https:\/\/roveyayinevi.com.tr\/index.php\/wp-json\/wp\/v2\/product_cat?post=748679"},{"taxonomy":"product_tag","embeddable":true,"href":"https:\/\/roveyayinevi.com.tr\/index.php\/wp-json\/wp\/v2\/product_tag?post=748679"}],"curies":[{"name":"wp","href":"https:\/\/api.w.org\/{rel}","templated":true}]}}