{"id":748677,"date":"2025-08-28T03:36:53","date_gmt":"2025-08-28T00:36:53","guid":{"rendered":"https:\/\/roveyayinevi.com.tr\/index.php\/urun\/buyume-sonrasi-kapitalizmden-sonra-yasam\/"},"modified":"2026-04-16T03:01:18","modified_gmt":"2026-04-16T00:01:18","slug":"buyume-sonrasi-kapitalizmden-sonra-yasam","status":"publish","type":"product","link":"https:\/\/roveyayinevi.com.tr\/index.php\/urun\/buyume-sonrasi-kapitalizmden-sonra-yasam\/","title":{"rendered":"B\u00fcy\u00fcme Sonras\u0131 Kapitalizmden Sonra Ya\u015fam"},"content":{"rendered":"<p>Kapitalizm \u00e7\u00f6k\u00fcyor. Daha fazla \u015fey elde etmek i\u00e7in s\u00fcrd\u00fcr\u00fclen amans\u0131z aray\u0131\u015f, iklim felaketine, sosyal e\u015fitsizli\u011fe ve finansal istikrars\u0131zl\u0131\u011fa yol a\u00e7\u0131yor. Bu da bizi k\u00fcresel bir salg\u0131nda haz\u0131rl\u0131ks\u0131z b\u0131rakt\u0131. Tim Jackson\u2019\u0131n iddial\u0131 ve k\u0131\u015fk\u0131rt\u0131c\u0131 kitab\u0131, bize kapitalizmin \u00f6tesinde, anlam ve ili\u015fkiler yaratma aray\u0131\u015f\u0131n\u0131n k\u00e2r ve iktidar aray\u0131\u015f\u0131na bask\u0131n gelece\u011fi bir d\u00fcnyay\u0131 tahayy\u00fcl etme cesareti veriyor. B\u00fcy\u00fcme Sonras\u0131, sistem de\u011fi\u015fikli\u011fi i\u00e7in yaz\u0131lm\u0131\u015f bir manifesto oldu\u011fu kadar insanl\u0131\u011f\u0131n i\u00e7inde bulundu\u011fu a\u00e7mazlar \u00fczerine derin tart\u0131\u015fmalar\u0131n da fitilini tutu\u015ftaracak bir giri\u015fim. De\u011fi\u015fimin orta yerinde bile b\u00fcy\u00fcmeye saplan\u0131p kalm\u0131\u015f haldeyiz. B\u00fcy\u00fcme Sonras\u0131 bu saplant\u0131 sona erdi\u011finde olabilecek \u015feyler hakk\u0131nda bir d\u00fc\u015f\u00fcnme \u015fekli. Bizi toplumsal ilerlemenin yeni hudutlar\u0131n\u0131 ke\u015ffetmeye davet etmektedir. Haritas\u0131 \u00e7\u0131kar\u0131lmam\u0131\u015f topraklar\u0131n oldu\u011fu bir y\u00f6ne, bollu\u011fun dolarlarla \u00f6l\u00e7\u00fclmedi\u011fi ve tatminin amans\u0131zca maddi servet biriktirerek elde edilmedi\u011fi ke\u015ffedilmemi\u015f topraklara i\u015faret etmektedir.<\/p>\n","protected":false},"excerpt":{"rendered":"<p>Kapitalizm \u00e7\u00f6k\u00fcyor. Daha fazla \u015fey elde etmek i\u00e7in s\u00fcrd\u00fcr\u00fclen amans\u0131z aray\u0131\u015f, iklim felaketine, sosyal e\u015fitsizli\u011fe ve finansal istikrars\u0131zl\u0131\u011fa yol a\u00e7\u0131yor. Bu da bizi k\u00fcresel bir salg\u0131nda<span class=\"excerpt-hellip\"> [\u2026]<\/span><\/p>\n","protected":false},"featured_media":0,"template":"","meta":{"_monsterinsights_skip_tracking":false,"_monsterinsights_sitenote_active":false,"_monsterinsights_sitenote_note":"","_monsterinsights_sitenote_category":0},"product_brand":[],"product_cat":[14841,13043],"product_tag":[],"class_list":{"0":"post-748677","1":"product","2":"type-product","3":"status-publish","5":"product_cat-arastirma-inceleme-kuram","6":"product_cat-ekonomi","7":"pa_cilt-ciltsiz","8":"pa_tur-kitap","9":"pa_yayinevi-ayrinti-yayinlari","10":"pa_yazar-tim-jackson","12":"first","13":"instock","14":"sale","15":"shipping-taxable","16":"purchasable","17":"product-type-simple"},"_links":{"self":[{"href":"https:\/\/roveyayinevi.com.tr\/index.php\/wp-json\/wp\/v2\/product\/748677","targetHints":{"allow":["GET"]}}],"collection":[{"href":"https:\/\/roveyayinevi.com.tr\/index.php\/wp-json\/wp\/v2\/product"}],"about":[{"href":"https:\/\/roveyayinevi.com.tr\/index.php\/wp-json\/wp\/v2\/types\/product"}],"wp:attachment":[{"href":"https:\/\/roveyayinevi.com.tr\/index.php\/wp-json\/wp\/v2\/media?parent=748677"}],"wp:term":[{"taxonomy":"product_brand","embeddable":true,"href":"https:\/\/roveyayinevi.com.tr\/index.php\/wp-json\/wp\/v2\/product_brand?post=748677"},{"taxonomy":"product_cat","embeddable":true,"href":"https:\/\/roveyayinevi.com.tr\/index.php\/wp-json\/wp\/v2\/product_cat?post=748677"},{"taxonomy":"product_tag","embeddable":true,"href":"https:\/\/roveyayinevi.com.tr\/index.php\/wp-json\/wp\/v2\/product_tag?post=748677"}],"curies":[{"name":"wp","href":"https:\/\/api.w.org\/{rel}","templated":true}]}}