{"id":748676,"date":"2025-08-28T03:36:52","date_gmt":"2025-08-28T00:36:52","guid":{"rendered":"https:\/\/roveyayinevi.com.tr\/index.php\/urun\/freudun-yasi\/"},"modified":"2026-04-16T03:01:18","modified_gmt":"2026-04-16T00:01:18","slug":"freudun-yasi","status":"publish","type":"product","link":"https:\/\/roveyayinevi.com.tr\/index.php\/urun\/freudun-yasi\/","title":{"rendered":"Freud\u2019un Yas\u0131"},"content":{"rendered":"<p>Freud\u2019un Yas\u0131, 20. y\u00fczy\u0131l boyunca psikanalitik teori ve uygulamalardaki de\u011fi\u015fimleri ke\u015ffetmenin temeli olarak Freud\u2019un yas deneyimlerini ve teorilerini \u00e7\u00f6z\u00fcmlemektedir. 20. y\u00fczy\u0131l\u0131n ba\u015flar\u0131ndaki modernist Freud yerini 21. y\u00fczy\u0131l\u0131n postmodern Freud\u2019una b\u0131rakm\u0131\u015ft\u0131r. Madelon Sprengnether, Freud\u2019un hayat\u0131ndaki ba\u015fl\u0131ca biyografik vakalar\u0131n \u00f6nemli bir yorumunu sunuyor ve bunu yaparken Freud\u2019un erken ya\u015ftaki kay\u0131plar\u0131n\u0131n yas\u0131n\u0131 tutamamas\u0131n\u0131n yas teorilerini nas\u0131l \u015fekillendirdi\u011fini ortaya koyuyor. Bu durumun ard\u0131llar\u0131na \u00f6dipal \u00f6ncesi \u00e7al\u0131\u015fmalar alan\u0131n\u0131 a\u00e7arak nesne ili\u015fkileri, \u00f6zneleraras\u0131 ve kar\u015f\u0131aktar\u0131m teorileri, Lacanc\u0131 analiz ve travma teorisi gibi bir dizi yeni psikanalitik teoriye imk\u00e2n sa\u011flad\u0131\u011f\u0131n\u0131 ileri s\u00fcr\u00fcyor. Bu yakla\u015f\u0131mlar\u0131n \u00e7o\u011fu, yas\u0131n ego geli\u015fimi s\u00fcreci i\u00e7in kritik oldu\u011fu \u015feklindeki form\u00fclasyon konusunda farkl\u0131 y\u00f6nlerden gelip bir noktada bulu\u015fmaktad\u0131r. \u0130\u015fte bu arg\u00fcman arac\u0131l\u0131\u011f\u0131yla Sprengnether de, modernizmden postmodernizme, yani ustal\u0131k vurgusundan k\u0131r\u0131lganl\u0131\u011fa, dikeyden yatay anlam olu\u015fturma sistemlerine ve kelimelerle temsil edilebilen alandan s\u00f6zel olmayan alana ge\u00e7i\u015fin izini s\u00fcr\u00fcyor. Freud\u2019un Yas\u0131, Freud\u2019un yasla kendi m\u00fccadelesini ke\u015ffederek, onu donmu\u015f idealle\u015ftirmeden kurtar\u0131rken ve \u00e7al\u0131\u015fmalar\u0131n\u0131n 21. y\u00fczy\u0131lda ta\u015f\u0131d\u0131\u011f\u0131 \u00f6nemi g\u00f6sterirken, bizim de onun yas\u0131n\u0131 tutmam\u0131za imk\u00e2n tan\u0131maktad\u0131r. <\/p>\n","protected":false},"excerpt":{"rendered":"<p>Freud\u2019un Yas\u0131, 20. y\u00fczy\u0131l boyunca psikanalitik teori ve uygulamalardaki de\u011fi\u015fimleri ke\u015ffetmenin temeli olarak Freud\u2019un yas deneyimlerini ve teorilerini \u00e7\u00f6z\u00fcmlemektedir. 20. y\u00fczy\u0131l\u0131n ba\u015flar\u0131ndaki modernist Freud yerini 21.<span class=\"excerpt-hellip\"> [\u2026]<\/span><\/p>\n","protected":false},"featured_media":0,"template":"","meta":{"_monsterinsights_skip_tracking":false,"_monsterinsights_sitenote_active":false,"_monsterinsights_sitenote_note":"","_monsterinsights_sitenote_category":0},"product_brand":[],"product_cat":[12358,12357],"product_tag":[],"class_list":{"0":"post-748676","1":"product","2":"type-product","3":"status-publish","5":"product_cat-genel-psikoloji","6":"product_cat-psikoloji","7":"pa_cilt-ciltsiz","8":"pa_tur-kitap","9":"pa_yayinevi-ayrinti-yayinlari","10":"pa_yazar-madelon-sprengnether","12":"first","13":"instock","14":"sale","15":"shipping-taxable","16":"purchasable","17":"product-type-simple"},"_links":{"self":[{"href":"https:\/\/roveyayinevi.com.tr\/index.php\/wp-json\/wp\/v2\/product\/748676","targetHints":{"allow":["GET"]}}],"collection":[{"href":"https:\/\/roveyayinevi.com.tr\/index.php\/wp-json\/wp\/v2\/product"}],"about":[{"href":"https:\/\/roveyayinevi.com.tr\/index.php\/wp-json\/wp\/v2\/types\/product"}],"wp:attachment":[{"href":"https:\/\/roveyayinevi.com.tr\/index.php\/wp-json\/wp\/v2\/media?parent=748676"}],"wp:term":[{"taxonomy":"product_brand","embeddable":true,"href":"https:\/\/roveyayinevi.com.tr\/index.php\/wp-json\/wp\/v2\/product_brand?post=748676"},{"taxonomy":"product_cat","embeddable":true,"href":"https:\/\/roveyayinevi.com.tr\/index.php\/wp-json\/wp\/v2\/product_cat?post=748676"},{"taxonomy":"product_tag","embeddable":true,"href":"https:\/\/roveyayinevi.com.tr\/index.php\/wp-json\/wp\/v2\/product_tag?post=748676"}],"curies":[{"name":"wp","href":"https:\/\/api.w.org\/{rel}","templated":true}]}}