{"id":748674,"date":"2025-08-28T03:36:50","date_gmt":"2025-08-28T00:36:50","guid":{"rendered":"https:\/\/roveyayinevi.com.tr\/index.php\/urun\/akademiyanin-feminizme-bakisi\/"},"modified":"2026-04-16T03:01:18","modified_gmt":"2026-04-16T00:01:18","slug":"akademiyanin-feminizme-bakisi","status":"publish","type":"product","link":"https:\/\/roveyayinevi.com.tr\/index.php\/urun\/akademiyanin-feminizme-bakisi\/","title":{"rendered":"Akademiyan\u0131n Feminizme Bak\u0131\u015f\u0131"},"content":{"rendered":"<p>1. Giri\u015f 2. Ataerki Ve Toplumsal Cinsiyet 3. Feminizm(Ler) Ve Farkli Feminist Anlayi\u015flarda Toplumsal Cinsiyet Ve Ataerkiye Yakla\u015fim 4. Fizik Ve \u0130ktisat Disiplinlerinde Ataerkil Ve Toplumsal Cinsiyet\u00e7i Ayrimcili\u011fin Resmi 5. Ara\u015ftirmanin Yol Haritasi 6. Akademiyanin Feminizme Baki\u015fi 7. Sonu\u00e7 Kaynak\u00e7a Ek-1 Fizik (Stem) G\u00f6r\u00fc\u015fme Sorulari Ek-2 \u0130ktisat G\u00f6r\u00fc\u015fme Sorulari<\/p>\n","protected":false},"excerpt":{"rendered":"<p>1. Giri\u015f 2. Ataerki Ve Toplumsal Cinsiyet 3. Feminizm(Ler) Ve Farkli Feminist Anlayi\u015flarda Toplumsal Cinsiyet Ve Ataerkiye Yakla\u015fim 4. Fizik Ve \u0130ktisat Disiplinlerinde Ataerkil Ve Toplumsal<span class=\"excerpt-hellip\"> [\u2026]<\/span><\/p>\n","protected":false},"featured_media":0,"template":"","meta":{"_monsterinsights_skip_tracking":false,"_monsterinsights_sitenote_active":false,"_monsterinsights_sitenote_note":"","_monsterinsights_sitenote_category":0},"product_brand":[],"product_cat":[13252,12324],"product_tag":[],"class_list":{"0":"post-748674","1":"product","2":"type-product","3":"status-publish","5":"product_cat-kadin-calismalari","6":"product_cat-sosyoloji","7":"pa_cilt-ciltsiz","8":"pa_tur-kitap","9":"pa_yayinevi-gazi-kitabevi","10":"pa_yazar-ilkben-akansel","12":"first","13":"instock","14":"sale","15":"shipping-taxable","16":"purchasable","17":"product-type-simple"},"_links":{"self":[{"href":"https:\/\/roveyayinevi.com.tr\/index.php\/wp-json\/wp\/v2\/product\/748674","targetHints":{"allow":["GET"]}}],"collection":[{"href":"https:\/\/roveyayinevi.com.tr\/index.php\/wp-json\/wp\/v2\/product"}],"about":[{"href":"https:\/\/roveyayinevi.com.tr\/index.php\/wp-json\/wp\/v2\/types\/product"}],"wp:attachment":[{"href":"https:\/\/roveyayinevi.com.tr\/index.php\/wp-json\/wp\/v2\/media?parent=748674"}],"wp:term":[{"taxonomy":"product_brand","embeddable":true,"href":"https:\/\/roveyayinevi.com.tr\/index.php\/wp-json\/wp\/v2\/product_brand?post=748674"},{"taxonomy":"product_cat","embeddable":true,"href":"https:\/\/roveyayinevi.com.tr\/index.php\/wp-json\/wp\/v2\/product_cat?post=748674"},{"taxonomy":"product_tag","embeddable":true,"href":"https:\/\/roveyayinevi.com.tr\/index.php\/wp-json\/wp\/v2\/product_tag?post=748674"}],"curies":[{"name":"wp","href":"https:\/\/api.w.org\/{rel}","templated":true}]}}