{"id":748673,"date":"2025-08-28T03:36:49","date_gmt":"2025-08-28T00:36:49","guid":{"rendered":"https:\/\/roveyayinevi.com.tr\/index.php\/urun\/ekonomide-yeni-arayislar-ve-maliye\/"},"modified":"2026-04-16T03:01:18","modified_gmt":"2026-04-16T00:01:18","slug":"ekonomide-yeni-arayislar-ve-maliye","status":"publish","type":"product","link":"https:\/\/roveyayinevi.com.tr\/index.php\/urun\/ekonomide-yeni-arayislar-ve-maliye\/","title":{"rendered":"Ekonomide Yeni Aray\u0131\u015flar ve Maliye"},"content":{"rendered":"<p>\u0130\u00e7indekiler:     \u00b7         \u00d6ns\u00f6z \u00b7         Kamu Harcamalarinin Finansmanindaalgi Ve Ger\u00e7ekle\u015fme Arasindaki \u0130nce \u00c7izgi: Mali Yanilsama (Mali Aldanma) Olgusu \u2013 T\u00fcrkiye 2006 \u2013 2021 Analizi \u00b7         \u00c7evre Kirlili\u011finin Bir Nedeni Olan Plastik Po\u015fetlerde \u00dccretlendirme, Yasaklama Ve Vergilendirme Politikalari \u00b7         \u00dccretlerin Vergilendirilmesinde 7349 Sayili Kanunla Yapilan De\u011fi\u015fikliklerin Etkisi \u00b7         Ekonomik B\u00fcy\u00fcme \u0130le Vergi Tahsilat\/Tahakkuk Oranlari Arasindaki Nedensellik \u0130li\u015fkisi: T\u00fcrkiye \u00d6rne\u011fi \u00b7         Enflasyonun T\u00fcrk Vergi Sistemi \u00dczerine Etkilerinin \u0130ncelenmesi \u00b7         Oecd \u00dclkelerinde \u0130yi Y\u00f6neti\u015fim Ve Vergi Gelirleri \u00b7         Ekonomik D\u00f6n\u00fc\u015f\u00fcm Ve T\u00fcrkiye\u2019nin Ye\u015fil Vergi Uygulamalari \u00b7         T\u00fcrkiye\u2019de Kamusal Alim \u0130halelerinde Kullanilan \u0130hale Usul\u00fc Se\u00e7im Kriterlerinin Karar Alma Modelleri \u00c7er\u00e7evesinde De\u011ferlendirilmesi \u00b7         Ekonomide Yeni Arayi\u015flar Ve Maliye Maliye Teorisi \u0130\u00e7erisinde Mali Alan Kavramini Aramak: Ricardo, Lerner Ve Buchanan \u00dczerine Bir \u0130nceleme \u00b7         Faiz Di\u015fi Fazlanin Ekonomik B\u00fcy\u00fcme \u00dczerindeki Etkisi: Se\u00e7ilmi\u015f Avrupa Birli\u011fi \u00dclkeleri Ve T\u00fcrkiye \u0130ncelemesi \u00b7         Yillarda Yerel D\u00fczeyde Kalkinma Stratejileri Ve T\u00fcrkiye\u2019de Yerel Y\u00f6netimler Maliyesinin De\u011fi\u015fen Seyri \u00b7         2030 Dijital Avrupa Stratejisi: Ekonomik \u0130yile\u015fmeye \u00c7are Mi Y\u00fck M\u00fc? \u00b7         Merkez-\u00c7evre \u0130kilemi Ba\u011flamindaavrupa Birli\u011fi\u2019nde Ekonomik Ve Parasal Birlik \u00b7         \u00c7evresel S\u00fcrd\u00fcr\u00fclebilirli\u011fin Finansal S\u00fcrd\u00fcr\u00fclebilirlik \u00dczerindeki Etkinli\u011finin \u0130ncelenmesi: Bankacilik Sekt\u00f6r\u00fc \u00b7         Siirt \u0130linde Kobi\u2019lerin Pazarlama Sorunlarina \u0130li\u015fkin Bir Alan Ara\u015ftirmasi <\/p>\n","protected":false},"excerpt":{"rendered":"<p>\u0130\u00e7indekiler: \u00b7 \u00d6ns\u00f6z \u00b7 Kamu Harcamalarinin Finansmanindaalgi Ve Ger\u00e7ekle\u015fme Arasindaki \u0130nce \u00c7izgi: Mali Yanilsama (Mali Aldanma) Olgusu \u2013 T\u00fcrkiye 2006 \u2013 2021 Analizi \u00b7 \u00c7evre Kirlili\u011finin<span class=\"excerpt-hellip\"> [\u2026]<\/span><\/p>\n","protected":false},"featured_media":0,"template":"","meta":{"_monsterinsights_skip_tracking":false,"_monsterinsights_sitenote_active":false,"_monsterinsights_sitenote_note":"","_monsterinsights_sitenote_category":0},"product_brand":[],"product_cat":[20333,13043],"product_tag":[],"class_list":{"0":"post-748673","1":"product","2":"type-product","3":"status-publish","5":"product_cat-diger-ekonomi","6":"product_cat-ekonomi","7":"pa_cilt-ciltsiz","8":"pa_tur-kitap","9":"pa_yayinevi-gazi-kitabevi","10":"pa_yazar-neslihan-burgaz","12":"first","13":"instock","14":"sale","15":"shipping-taxable","16":"purchasable","17":"product-type-simple"},"_links":{"self":[{"href":"https:\/\/roveyayinevi.com.tr\/index.php\/wp-json\/wp\/v2\/product\/748673","targetHints":{"allow":["GET"]}}],"collection":[{"href":"https:\/\/roveyayinevi.com.tr\/index.php\/wp-json\/wp\/v2\/product"}],"about":[{"href":"https:\/\/roveyayinevi.com.tr\/index.php\/wp-json\/wp\/v2\/types\/product"}],"wp:attachment":[{"href":"https:\/\/roveyayinevi.com.tr\/index.php\/wp-json\/wp\/v2\/media?parent=748673"}],"wp:term":[{"taxonomy":"product_brand","embeddable":true,"href":"https:\/\/roveyayinevi.com.tr\/index.php\/wp-json\/wp\/v2\/product_brand?post=748673"},{"taxonomy":"product_cat","embeddable":true,"href":"https:\/\/roveyayinevi.com.tr\/index.php\/wp-json\/wp\/v2\/product_cat?post=748673"},{"taxonomy":"product_tag","embeddable":true,"href":"https:\/\/roveyayinevi.com.tr\/index.php\/wp-json\/wp\/v2\/product_tag?post=748673"}],"curies":[{"name":"wp","href":"https:\/\/api.w.org\/{rel}","templated":true}]}}