{"id":748672,"date":"2025-08-28T03:36:48","date_gmt":"2025-08-28T00:36:48","guid":{"rendered":"https:\/\/roveyayinevi.com.tr\/index.php\/urun\/tuketici-fiyat-adaleti-algisi\/"},"modified":"2026-04-16T03:01:18","modified_gmt":"2026-04-16T00:01:18","slug":"tuketici-fiyat-adaleti-algisi","status":"publish","type":"product","link":"https:\/\/roveyayinevi.com.tr\/index.php\/urun\/tuketici-fiyat-adaleti-algisi\/","title":{"rendered":"T\u00fcketici Fiyat Adaleti Alg\u0131s\u0131"},"content":{"rendered":"<p>Giri\u015f 1. \u0130\u015fletmelerin Fiyatlandirma Kararlari 2. Fiyat Farklila\u015ftirma Stratejileri 3. T\u00fcketici Fiyat Adaleti Algisi 4. T\u00fcketici Fiyat Adaleti Algisi Durumlari Ve Sonu\u00e7lari 5. T\u00fcketici Fiyat Adaleti Algisi Ve Sonu\u00e7lari \u00dczerine \u00c7ali\u015fma 6. Farkli Fiyat Farklila\u015ftirma Y\u00f6ntemlerinde T\u00fcketici Fiyat Adaleti Algisi Ve Sonu\u00e7lari Tarti\u015fma, Sonu\u00e7 Ve \u00d6neriler Kaynak\u00e7a<\/p>\n","protected":false},"excerpt":{"rendered":"<p>Giri\u015f 1. \u0130\u015fletmelerin Fiyatlandirma Kararlari 2. Fiyat Farklila\u015ftirma Stratejileri 3. T\u00fcketici Fiyat Adaleti Algisi 4. T\u00fcketici Fiyat Adaleti Algisi Durumlari Ve Sonu\u00e7lari 5. T\u00fcketici Fiyat Adaleti<span class=\"excerpt-hellip\"> [\u2026]<\/span><\/p>\n","protected":false},"featured_media":0,"template":"","meta":{"_monsterinsights_skip_tracking":false,"_monsterinsights_sitenote_active":false,"_monsterinsights_sitenote_note":"","_monsterinsights_sitenote_category":0},"product_brand":[],"product_cat":[20333,13043],"product_tag":[],"class_list":{"0":"post-748672","1":"product","2":"type-product","3":"status-publish","5":"product_cat-diger-ekonomi","6":"product_cat-ekonomi","7":"pa_cilt-ciltsiz","8":"pa_tur-kitap","9":"pa_yayinevi-gazi-kitabevi","10":"pa_yazar-sertac-ciftci","12":"first","13":"instock","14":"sale","15":"shipping-taxable","16":"purchasable","17":"product-type-simple"},"_links":{"self":[{"href":"https:\/\/roveyayinevi.com.tr\/index.php\/wp-json\/wp\/v2\/product\/748672","targetHints":{"allow":["GET"]}}],"collection":[{"href":"https:\/\/roveyayinevi.com.tr\/index.php\/wp-json\/wp\/v2\/product"}],"about":[{"href":"https:\/\/roveyayinevi.com.tr\/index.php\/wp-json\/wp\/v2\/types\/product"}],"wp:attachment":[{"href":"https:\/\/roveyayinevi.com.tr\/index.php\/wp-json\/wp\/v2\/media?parent=748672"}],"wp:term":[{"taxonomy":"product_brand","embeddable":true,"href":"https:\/\/roveyayinevi.com.tr\/index.php\/wp-json\/wp\/v2\/product_brand?post=748672"},{"taxonomy":"product_cat","embeddable":true,"href":"https:\/\/roveyayinevi.com.tr\/index.php\/wp-json\/wp\/v2\/product_cat?post=748672"},{"taxonomy":"product_tag","embeddable":true,"href":"https:\/\/roveyayinevi.com.tr\/index.php\/wp-json\/wp\/v2\/product_tag?post=748672"}],"curies":[{"name":"wp","href":"https:\/\/api.w.org\/{rel}","templated":true}]}}