{"id":748671,"date":"2025-08-28T03:36:46","date_gmt":"2025-08-28T00:36:46","guid":{"rendered":"https:\/\/roveyayinevi.com.tr\/index.php\/urun\/yurumek-adim-adim\/"},"modified":"2026-04-16T03:01:18","modified_gmt":"2026-04-16T00:01:18","slug":"yurumek-adim-adim","status":"publish","type":"product","link":"https:\/\/roveyayinevi.com.tr\/index.php\/urun\/yurumek-adim-adim\/","title":{"rendered":"Y\u00fcr\u00fcmek, Ad\u0131m Ad\u0131m"},"content":{"rendered":"<p>\u201cK\u0131sa y\u00fcr\u00fcy\u00fc\u015fler de yapt\u0131m, uzun y\u00fcr\u00fcy\u00fc\u015fler de. \u015eehirden \u015fehre de y\u00fcr\u00fcd\u00fcm, k\u00f6yden k\u00f6ye de. G\u00fcn boyunca da y\u00fcr\u00fcd\u00fcm, gece boyunca da. Sevgililerimden uzakla\u015ft\u0131\u011f\u0131m y\u00fcr\u00fcy\u00fc\u015fler de yapt\u0131m, dostlar\u0131ma yakla\u015ft\u0131\u011f\u0131m y\u00fcr\u00fcy\u00fc\u015fler de. Ormanlar\u0131n derinlerinde, y\u00fcce da\u011flarda, karla kapl\u0131 engin d\u00fczl\u00fcklerde, \u015fehirlerin yaban b\u00f6lgelerinde y\u00fcr\u00fcd\u00fcm. \u0130\u00e7im s\u0131kk\u0131nken de y\u00fcr\u00fcd\u00fcm, sevin\u00e7ten havalara u\u00e7arken de. Dertlerimden ka\u00e7mak i\u00e7in y\u00fcr\u00fcd\u00fc\u011f\u00fcm de oldu. Ac\u0131 \u00e7ekerken de y\u00fcr\u00fcd\u00fcm, mutluyken de. Nerede olursam olay\u0131m, neden olursa olsun hep y\u00fcr\u00fcd\u00fcm. D\u00fcnyan\u0131n sonuna kadar y\u00fcr\u00fcd\u00fcm \u2013 ger\u00e7ekten. B\u00fct\u00fcn y\u00fcr\u00fcy\u00fc\u015flerim birbirinden farkl\u0131 olsa da d\u00f6n\u00fcp bakt\u0131\u011f\u0131mda hepsinin ortak bir paydada bulu\u015ftu\u011funu g\u00f6r\u00fcyorum: i\u00e7 sessizlik. Y\u00fcr\u00fcmek ve sessizlik birbirini tamamlar.\u201d   \u201c\u00dc\u00e7 Kutba\u201d da (Kuzey Kutbu, G\u00fcney Kutbu ve Everest Zirvesi) y\u00fcr\u00fcyerek ula\u015fan ilk k\u00e2\u015fif olan Erling Kagge i\u00e7in y\u00fcr\u00fcmek onu b\u00fcy\u00fcleyen sorulara a\u00e7\u0131lan bir kap\u0131, belki zaman zaman g\u00f6zard\u0131 etmek istedi\u011fi dertlerinden uzakla\u015fma f\u0131rsat\u0131, yarat\u0131c\u0131l\u0131\u011f\u0131n\u0131 a\u00e7\u0131\u011fa \u00e7\u0131karmak i\u00e7in fiziksel bir anahtar, hatta kendini d\u00fc\u015f\u00fcncelerin dile gelmeyen ak\u0131\u015f\u0131na b\u0131rakabilmek i\u00e7in kulland\u0131\u011f\u0131 korunakl\u0131 bir alan. Ni\u00e7in y\u00fcr\u00fcyoruz? H\u0131zl\u0131 m\u0131 yava\u015f m\u0131 y\u00fcr\u00fcyoruz? Nereden nereye y\u00fcr\u00fcyoruz? Belirli bir hedefimiz mi var yoksa sadece y\u00fcr\u00fcmek i\u00e7in mi y\u00fcr\u00fcyoruz? Kagge bunlar gibi bir\u00e7ok sorunun yan\u0131t\u0131n\u0131 okurlar\u0131yla birlikte \u00e7\u0131kt\u0131\u011f\u0131 edebi bir y\u00fcr\u00fcy\u00fc\u015fte ar\u0131yor.     \u201cSon derece ak\u0131c\u0131 ve g\u00fczel bir metin, tavsiyeleri kadar bilge ve rahatlat\u0131c\u0131\u2026 bir yandan iyi bir y\u00fcr\u00fcy\u00fc\u015f rehberiyken bir yandan da uzun uzad\u0131ya d\u00fc\u015f\u00fcnd\u00fcren bir yol arkada\u015f\u0131\u2026\u201d   New York Journal of Book <\/p>\n","protected":false},"excerpt":{"rendered":"<p>\u201cK\u0131sa y\u00fcr\u00fcy\u00fc\u015fler de yapt\u0131m, uzun y\u00fcr\u00fcy\u00fc\u015fler de. \u015eehirden \u015fehre de y\u00fcr\u00fcd\u00fcm, k\u00f6yden k\u00f6ye de. G\u00fcn boyunca da y\u00fcr\u00fcd\u00fcm, gece boyunca da. Sevgililerimden uzakla\u015ft\u0131\u011f\u0131m y\u00fcr\u00fcy\u00fc\u015fler de yapt\u0131m,<span class=\"excerpt-hellip\"> [\u2026]<\/span><\/p>\n","protected":false},"featured_media":0,"template":"","meta":{"_monsterinsights_skip_tracking":false,"_monsterinsights_sitenote_active":false,"_monsterinsights_sitenote_note":"","_monsterinsights_sitenote_category":0},"product_brand":[],"product_cat":[12777,12291],"product_tag":[],"class_list":{"0":"post-748671","1":"product","2":"type-product","3":"status-publish","5":"product_cat-deneme","6":"product_cat-edebiyat","7":"pa_cilt-ciltsiz","8":"pa_tur-kitap","9":"pa_yayinevi-kolektif-kitap","10":"pa_yazar-erling-kagge","12":"first","13":"instock","14":"sale","15":"shipping-taxable","16":"purchasable","17":"product-type-simple"},"_links":{"self":[{"href":"https:\/\/roveyayinevi.com.tr\/index.php\/wp-json\/wp\/v2\/product\/748671","targetHints":{"allow":["GET"]}}],"collection":[{"href":"https:\/\/roveyayinevi.com.tr\/index.php\/wp-json\/wp\/v2\/product"}],"about":[{"href":"https:\/\/roveyayinevi.com.tr\/index.php\/wp-json\/wp\/v2\/types\/product"}],"wp:attachment":[{"href":"https:\/\/roveyayinevi.com.tr\/index.php\/wp-json\/wp\/v2\/media?parent=748671"}],"wp:term":[{"taxonomy":"product_brand","embeddable":true,"href":"https:\/\/roveyayinevi.com.tr\/index.php\/wp-json\/wp\/v2\/product_brand?post=748671"},{"taxonomy":"product_cat","embeddable":true,"href":"https:\/\/roveyayinevi.com.tr\/index.php\/wp-json\/wp\/v2\/product_cat?post=748671"},{"taxonomy":"product_tag","embeddable":true,"href":"https:\/\/roveyayinevi.com.tr\/index.php\/wp-json\/wp\/v2\/product_tag?post=748671"}],"curies":[{"name":"wp","href":"https:\/\/api.w.org\/{rel}","templated":true}]}}