{"id":748669,"date":"2025-08-28T03:36:43","date_gmt":"2025-08-28T00:36:43","guid":{"rendered":"https:\/\/roveyayinevi.com.tr\/index.php\/urun\/dilaver-panayir-basliyor\/"},"modified":"2026-04-08T03:08:15","modified_gmt":"2026-04-08T00:08:15","slug":"dilaver-panayir-basliyor","status":"publish","type":"product","link":"https:\/\/roveyayinevi.com.tr\/index.php\/urun\/dilaver-panayir-basliyor\/","title":{"rendered":"Dilaver -Panay\u0131r Ba\u015fl\u0131yor"},"content":{"rendered":"<p>Tokat\u2019ta se\u00e7im vakti! 12 Eyl\u00fcl sonras\u0131 siyasi liderlere getirilen yasaklar kald\u0131r\u0131lm\u0131\u015f ve yeni \u00f6rg\u00fctlenmeler i\u00e7in gerekli ortam sa\u011flanm\u0131\u015ft\u0131r. Karao\u011flan efsanesinin pe\u015finde \u201cAk G\u00fcvercin\u201d b\u00fcnyesinde g\u00f6rev alan Nebi, Necip ve di\u011ferleri, partinin Tokat \u00f6rg\u00fctlenmesinde aktif rol oynarlar. Ecevit \u00f6nderli\u011finde Nebi\u2019nin daha b\u00fcy\u00fck fikirleri vard\u0131r: il ba\u015fkanl\u0131\u011f\u0131! Ancak rakibi il\u00e7enin en zengin ve d\u00fczenbaz esnaf\u0131 Necati\u2019dir\u2026 Sulu Sokak bir yandan delege bulu\u015fmalar\u0131, bir yandan se\u00e7im rekabetiyle her g\u00fcn yeni bir maceraya sahne olurken, ailenin ve mahallenin bir di\u011fer derdi, iki ya\u015f\u0131n\u0131 ge\u00e7ti\u011fi halde \u015eeref\u2019in h\u00e2l\u00e2 konu\u015fmam\u0131\u015f olmas\u0131d\u0131r. \u2022 Nebi se\u00e7imi kazanacak m\u0131? \u2022 \u015eeref konu\u015facak m\u0131? \u2022 Konu\u015ftu\u011funda ilk s\u00f6z\u00fc ne olacak? \u015eeref D\u00fczyatanlar, yeni roman\u0131 Dilaver\u2019de bu kez hem bir d\u00f6nemi hem de bir y\u00f6reyi anlat\u0131rken, birbirinden e\u011flenceli sahneleri yaz\u0131ya d\u00f6k\u00fcyor.<\/p>\n","protected":false},"excerpt":{"rendered":"<p>Tokat\u2019ta se\u00e7im vakti! 12 Eyl\u00fcl sonras\u0131 siyasi liderlere getirilen yasaklar kald\u0131r\u0131lm\u0131\u015f ve yeni \u00f6rg\u00fctlenmeler i\u00e7in gerekli ortam sa\u011flanm\u0131\u015ft\u0131r. Karao\u011flan efsanesinin pe\u015finde \u201cAk G\u00fcvercin\u201d b\u00fcnyesinde g\u00f6rev alan<span class=\"excerpt-hellip\"> [\u2026]<\/span><\/p>\n","protected":false},"featured_media":0,"template":"","meta":{"_monsterinsights_skip_tracking":false,"_monsterinsights_sitenote_active":false,"_monsterinsights_sitenote_note":"","_monsterinsights_sitenote_category":0},"product_brand":[],"product_cat":[12291,12711],"product_tag":[],"class_list":{"0":"post-748669","1":"product","2":"type-product","3":"status-publish","5":"product_cat-edebiyat","6":"product_cat-roman-oyku","7":"pa_cilt-ciltsiz","8":"pa_tur-kitap","9":"pa_yayinevi-kirmizi-kedi-yayinevi","10":"pa_yazar-seref-duzyatanlar","12":"first","13":"instock","14":"sale","15":"shipping-taxable","16":"purchasable","17":"product-type-simple"},"_links":{"self":[{"href":"https:\/\/roveyayinevi.com.tr\/index.php\/wp-json\/wp\/v2\/product\/748669","targetHints":{"allow":["GET"]}}],"collection":[{"href":"https:\/\/roveyayinevi.com.tr\/index.php\/wp-json\/wp\/v2\/product"}],"about":[{"href":"https:\/\/roveyayinevi.com.tr\/index.php\/wp-json\/wp\/v2\/types\/product"}],"wp:attachment":[{"href":"https:\/\/roveyayinevi.com.tr\/index.php\/wp-json\/wp\/v2\/media?parent=748669"}],"wp:term":[{"taxonomy":"product_brand","embeddable":true,"href":"https:\/\/roveyayinevi.com.tr\/index.php\/wp-json\/wp\/v2\/product_brand?post=748669"},{"taxonomy":"product_cat","embeddable":true,"href":"https:\/\/roveyayinevi.com.tr\/index.php\/wp-json\/wp\/v2\/product_cat?post=748669"},{"taxonomy":"product_tag","embeddable":true,"href":"https:\/\/roveyayinevi.com.tr\/index.php\/wp-json\/wp\/v2\/product_tag?post=748669"}],"curies":[{"name":"wp","href":"https:\/\/api.w.org\/{rel}","templated":true}]}}