{"id":748668,"date":"2025-08-28T03:36:42","date_gmt":"2025-08-28T00:36:42","guid":{"rendered":"https:\/\/roveyayinevi.com.tr\/index.php\/urun\/kok-ekin\/"},"modified":"2026-04-16T03:01:18","modified_gmt":"2026-04-16T00:01:18","slug":"kok-ekin","status":"publish","type":"product","link":"https:\/\/roveyayinevi.com.tr\/index.php\/urun\/kok-ekin\/","title":{"rendered":"K\u00f6k Ekin"},"content":{"rendered":"<p>Bir ozan, ne kadar sog\u0306ukkanl\u0131, ne kadar c\u0327o\u0308zu\u0308mleyici du\u0308s\u0327u\u0308nceler o\u0308ne su\u0308rerse su\u0308rsu\u0308n, s\u0327iirinden bag\u0306\u0131ms\u0131z kalamaz. S\u0327iir, ozan\u0131n go\u0308nu\u0308l ve kafas\u0131ndaki mek\u00e2n\u0131n tamam\u0131ndad\u0131r: Havaya kar\u0131s\u0327\u0131r, rengine boyar, u\u0308stu\u0308ne siner. O\u0308te yandan, isabetli yarg\u0131lar da, uzgo\u0308ru\u0308ler de, ustal\u0131kl\u0131 c\u0327\u0131kar\u0131mlar da ozan\u0131n u\u0308zerine farz deg\u0306il. Ondan beklenen, en genis\u0327 anlamda duymas\u0131 ve duydug\u0306unu sese do\u0308nu\u0308s\u0327tu\u0308rmesidir: Anadilin avaz\u0131nda, ulusun yank\u0131s\u0131nda, bir de kis\u0327iog\u0306lunun go\u0308nlu\u0308nde duyulan sese.   Su\u0308leyman C\u0327obanog\u0306lu da istisna deg\u0306il. Du\u0308zyaz\u0131lar\u0131n\u0131 okuyanlar, onun ev o\u0308devi yapmad\u0131g\u0306\u0131n\u0131 da, maslahat go\u0308zetip kitap du\u0308zmedig\u0306ini de yak\u0131ndan bilirler. Bu kitap, bu c\u0327erc\u0327evede bir tasar\u0131n\u0131n u\u0308ru\u0308nu\u0308du\u0308r. Bir kitap daha olsun diye deg\u0306il, c\u0327ag\u0306\u0131nda bir ses olsun diye yaz\u0131lm\u0131s\u0327t\u0131r.   Ko\u0308k Ekin, ozan\u0131n s\u0327iire sadakatini ve anadile bag\u0306l\u0131l\u0131g\u0306\u0131n\u0131 berkitip tamamlayan yaz\u0131lardan olus\u0327uyor. Bu sat\u0131rlar, ne bir dilbilimciye, ne bir ku\u0308ltu\u0308r tarihc\u0327isine, ne de bir bilim insan\u0131na ait. O\u0308te yandan, bir \u201cdu\u0308zyaz\u0131 toplamas\u0131\u201d da deg\u0306il. Ko\u0308k Ekin, yaln\u0131zca bir ozan\u0131n c\u0327ag\u0306\u0131na kars\u0327\u0131 susmay\u0131 reddedis\u0327i, dilini-varl\u0131g\u0306\u0131n\u0131 savunus\u0327u ve kendisi kalma savas\u0327\u0131d\u0131r. Ve anadil ile onun s\u0327iiri so\u0308z konusu oldug\u0306unda, bundan daha bu\u0308yu\u0308k bir c\u0327aba da, amac\u0327 da, iddia da yoktur.<\/p>\n","protected":false},"excerpt":{"rendered":"<p>Bir ozan, ne kadar sog\u0306ukkanl\u0131, ne kadar c\u0327o\u0308zu\u0308mleyici du\u0308s\u0327u\u0308nceler o\u0308ne su\u0308rerse su\u0308rsu\u0308n, s\u0327iirinden bag\u0306\u0131ms\u0131z kalamaz. S\u0327iir, ozan\u0131n go\u0308nu\u0308l ve kafas\u0131ndaki mek\u00e2n\u0131n tamam\u0131ndad\u0131r: Havaya kar\u0131s\u0327\u0131r, rengine boyar,<span class=\"excerpt-hellip\"> [\u2026]<\/span><\/p>\n","protected":false},"featured_media":0,"template":"","meta":{"_monsterinsights_skip_tracking":false,"_monsterinsights_sitenote_active":false,"_monsterinsights_sitenote_note":"","_monsterinsights_sitenote_category":0},"product_brand":[],"product_cat":[12777,12291],"product_tag":[],"class_list":{"0":"post-748668","1":"product","2":"type-product","3":"status-publish","5":"product_cat-deneme","6":"product_cat-edebiyat","7":"pa_cilt-ciltsiz","8":"pa_tur-kitap","9":"pa_yayinevi-otuken-nesriyat","10":"pa_yazar-suleyman-cobanoglu","12":"first","13":"instock","14":"sale","15":"shipping-taxable","16":"purchasable","17":"product-type-simple"},"_links":{"self":[{"href":"https:\/\/roveyayinevi.com.tr\/index.php\/wp-json\/wp\/v2\/product\/748668","targetHints":{"allow":["GET"]}}],"collection":[{"href":"https:\/\/roveyayinevi.com.tr\/index.php\/wp-json\/wp\/v2\/product"}],"about":[{"href":"https:\/\/roveyayinevi.com.tr\/index.php\/wp-json\/wp\/v2\/types\/product"}],"wp:attachment":[{"href":"https:\/\/roveyayinevi.com.tr\/index.php\/wp-json\/wp\/v2\/media?parent=748668"}],"wp:term":[{"taxonomy":"product_brand","embeddable":true,"href":"https:\/\/roveyayinevi.com.tr\/index.php\/wp-json\/wp\/v2\/product_brand?post=748668"},{"taxonomy":"product_cat","embeddable":true,"href":"https:\/\/roveyayinevi.com.tr\/index.php\/wp-json\/wp\/v2\/product_cat?post=748668"},{"taxonomy":"product_tag","embeddable":true,"href":"https:\/\/roveyayinevi.com.tr\/index.php\/wp-json\/wp\/v2\/product_tag?post=748668"}],"curies":[{"name":"wp","href":"https:\/\/api.w.org\/{rel}","templated":true}]}}