{"id":748666,"date":"2025-08-28T03:36:39","date_gmt":"2025-08-28T00:36:39","guid":{"rendered":"https:\/\/roveyayinevi.com.tr\/index.php\/urun\/osmanli-maliyesinde-sureklilik-ve-degisim-rusumat-emaneti\/"},"modified":"2026-04-16T03:01:18","modified_gmt":"2026-04-16T00:01:18","slug":"osmanli-maliyesinde-sureklilik-ve-degisim-rusumat-emaneti","status":"publish","type":"product","link":"https:\/\/roveyayinevi.com.tr\/index.php\/urun\/osmanli-maliyesinde-sureklilik-ve-degisim-rusumat-emaneti\/","title":{"rendered":"Osmanl\u0131 Maliyesinde S\u00fcreklilik ve De\u011fi\u015fim: R\u00fcsumat Emaneti"},"content":{"rendered":"<p>Birinci B\u00f6l\u00fcm Osmanli Mali Yapisinda Gelir Toplamada S\u00fcreklilik   \u0130kinci B\u00f6l\u00fcm 19. Y\u00fczyilda Osmanli Maliyesinde De\u011fi\u015fim: Ba\u015flica B\u00fcrokratik D\u00fczenlemeler Ve Maliye Nez\u00e2retinin Kurulmasi   \u00dc\u00e7\u00fcnc\u00fc B\u00f6l\u00fcm R\u00fcs\u00fbm\u00e2t Em\u00e2neti Te\u015fk\u00eel\u00e2ti <\/p>\n","protected":false},"excerpt":{"rendered":"<p>Birinci B\u00f6l\u00fcm Osmanli Mali Yapisinda Gelir Toplamada S\u00fcreklilik \u0130kinci B\u00f6l\u00fcm 19. Y\u00fczyilda Osmanli Maliyesinde De\u011fi\u015fim: Ba\u015flica B\u00fcrokratik D\u00fczenlemeler Ve Maliye Nez\u00e2retinin Kurulmasi \u00dc\u00e7\u00fcnc\u00fc B\u00f6l\u00fcm R\u00fcs\u00fbm\u00e2t Em\u00e2neti<span class=\"excerpt-hellip\"> [\u2026]<\/span><\/p>\n","protected":false},"featured_media":0,"template":"","meta":{"_monsterinsights_skip_tracking":false,"_monsterinsights_sitenote_active":false,"_monsterinsights_sitenote_note":"","_monsterinsights_sitenote_category":0},"product_brand":[],"product_cat":[14841,13043],"product_tag":[],"class_list":{"0":"post-748666","1":"product","2":"type-product","3":"status-publish","5":"product_cat-arastirma-inceleme-kuram","6":"product_cat-ekonomi","7":"pa_cilt-ciltsiz","8":"pa_tur-kitap","9":"pa_yayinevi-gazi-kitabevi","10":"pa_yazar-aslihan-nakiboglu","12":"first","13":"instock","14":"sale","15":"shipping-taxable","16":"purchasable","17":"product-type-simple"},"_links":{"self":[{"href":"https:\/\/roveyayinevi.com.tr\/index.php\/wp-json\/wp\/v2\/product\/748666","targetHints":{"allow":["GET"]}}],"collection":[{"href":"https:\/\/roveyayinevi.com.tr\/index.php\/wp-json\/wp\/v2\/product"}],"about":[{"href":"https:\/\/roveyayinevi.com.tr\/index.php\/wp-json\/wp\/v2\/types\/product"}],"wp:attachment":[{"href":"https:\/\/roveyayinevi.com.tr\/index.php\/wp-json\/wp\/v2\/media?parent=748666"}],"wp:term":[{"taxonomy":"product_brand","embeddable":true,"href":"https:\/\/roveyayinevi.com.tr\/index.php\/wp-json\/wp\/v2\/product_brand?post=748666"},{"taxonomy":"product_cat","embeddable":true,"href":"https:\/\/roveyayinevi.com.tr\/index.php\/wp-json\/wp\/v2\/product_cat?post=748666"},{"taxonomy":"product_tag","embeddable":true,"href":"https:\/\/roveyayinevi.com.tr\/index.php\/wp-json\/wp\/v2\/product_tag?post=748666"}],"curies":[{"name":"wp","href":"https:\/\/api.w.org\/{rel}","templated":true}]}}