{"id":748665,"date":"2025-08-28T03:36:38","date_gmt":"2025-08-28T00:36:38","guid":{"rendered":"https:\/\/roveyayinevi.com.tr\/index.php\/urun\/kobilerin-surdurulebilirligini-ve-performansini-etkileyen-baslica-stratejiler-girisimcilik-ve-inovasyon\/"},"modified":"2026-04-16T03:01:18","modified_gmt":"2026-04-16T00:01:18","slug":"kobilerin-surdurulebilirligini-ve-performansini-etkileyen-baslica-stratejiler-girisimcilik-ve-inovasyon","status":"publish","type":"product","link":"https:\/\/roveyayinevi.com.tr\/index.php\/urun\/kobilerin-surdurulebilirligini-ve-performansini-etkileyen-baslica-stratejiler-girisimcilik-ve-inovasyon\/","title":{"rendered":"Kobilerin S\u00fcrd\u00fcr\u00fclebilirli\u011fini ve Performans\u0131n\u0131 Etkileyen Ba\u015fl\u0131ca Stratejiler: Giri\u015fimcilik ve \u0130novasyon"},"content":{"rendered":"<p>\u00d6NS\u00d6Z G\u0130R\u0130\u015e B\u0130R\u0130NC\u0130 B\u00d6L\u00dcM 1. G\u0130R\u0130\u015e\u0130MC\u0130L\u0130K KAVRAMI \u0130LE \u0130LG\u0130L\u0130 GENEL B\u0130LG\u0130LER \u0130K\u0130NC\u0130 B\u00d6L\u00dcM 2. \u0130NOVASYON KAVRAMI \u0130LE \u0130LG\u0130L\u0130 GENEL B\u0130LG\u0130LER \u00dc\u00c7\u00dcNC\u00dc B\u00d6L\u00dcM 3. KOB\u0130 KAVRAMI \u0130LE \u0130LG\u0130L\u0130 GENEL B\u0130LG\u0130LER D\u00d6RD\u00dcNC\u00dc B\u00d6L\u00dcM 4. G\u0130R\u0130\u015e\u0130MC\u0130L\u0130K \u0130LE INOVASYON STRATEJ\u0130LER\u0130N\u0130N KOB\u0130LER\u0130N S\u00dcRD\u00dcR\u00dcLEB\u0130L\u0130RL\u0130\u011e\u0130 VE PERFORMANSI \u00dcZER\u0130NDEK\u0130 ETK\u0130LER\u0130N\u0130 ELE ALAN B\u0130L\u0130MSEL ARA\u015eTIRMALAR BE\u015e\u0130NC\u0130 B\u00d6L\u00dcM 5. KOB\u0130LER\u0130N S\u00dcRD\u00dcR\u00dcLEB\u0130L\u0130RL\u0130\u011e\u0130N\u0130 VE PERFORMANSINI ETK\u0130LEYEN G\u0130R\u0130\u015e\u0130MC\u0130L\u0130K VE \u0130NOVASYON STRATEJ\u0130LER\u0130N\u0130N ANAL\u0130Z\u0130 SONU\u00c7 VE \u00d6NER\u0130LER KAYNAK\u00c7A EKLER<\/p>\n","protected":false},"excerpt":{"rendered":"<p>\u00d6NS\u00d6Z G\u0130R\u0130\u015e B\u0130R\u0130NC\u0130 B\u00d6L\u00dcM 1. G\u0130R\u0130\u015e\u0130MC\u0130L\u0130K KAVRAMI \u0130LE \u0130LG\u0130L\u0130 GENEL B\u0130LG\u0130LER \u0130K\u0130NC\u0130 B\u00d6L\u00dcM 2. \u0130NOVASYON KAVRAMI \u0130LE \u0130LG\u0130L\u0130 GENEL B\u0130LG\u0130LER \u00dc\u00c7\u00dcNC\u00dc B\u00d6L\u00dcM 3. KOB\u0130 KAVRAMI \u0130LE<span class=\"excerpt-hellip\"> [\u2026]<\/span><\/p>\n","protected":false},"featured_media":0,"template":"","meta":{"_monsterinsights_skip_tracking":false,"_monsterinsights_sitenote_active":false,"_monsterinsights_sitenote_note":"","_monsterinsights_sitenote_category":0},"product_brand":[],"product_cat":[20333,13043],"product_tag":[],"class_list":{"0":"post-748665","1":"product","2":"type-product","3":"status-publish","5":"product_cat-diger-ekonomi","6":"product_cat-ekonomi","7":"pa_cilt-ciltsiz","8":"pa_tur-kitap","9":"pa_yayinevi-gazi-kitabevi","10":"pa_yazar-kolektif","12":"first","13":"instock","14":"sale","15":"shipping-taxable","16":"purchasable","17":"product-type-simple"},"_links":{"self":[{"href":"https:\/\/roveyayinevi.com.tr\/index.php\/wp-json\/wp\/v2\/product\/748665","targetHints":{"allow":["GET"]}}],"collection":[{"href":"https:\/\/roveyayinevi.com.tr\/index.php\/wp-json\/wp\/v2\/product"}],"about":[{"href":"https:\/\/roveyayinevi.com.tr\/index.php\/wp-json\/wp\/v2\/types\/product"}],"wp:attachment":[{"href":"https:\/\/roveyayinevi.com.tr\/index.php\/wp-json\/wp\/v2\/media?parent=748665"}],"wp:term":[{"taxonomy":"product_brand","embeddable":true,"href":"https:\/\/roveyayinevi.com.tr\/index.php\/wp-json\/wp\/v2\/product_brand?post=748665"},{"taxonomy":"product_cat","embeddable":true,"href":"https:\/\/roveyayinevi.com.tr\/index.php\/wp-json\/wp\/v2\/product_cat?post=748665"},{"taxonomy":"product_tag","embeddable":true,"href":"https:\/\/roveyayinevi.com.tr\/index.php\/wp-json\/wp\/v2\/product_tag?post=748665"}],"curies":[{"name":"wp","href":"https:\/\/api.w.org\/{rel}","templated":true}]}}