{"id":748663,"date":"2025-08-28T03:36:36","date_gmt":"2025-08-28T00:36:36","guid":{"rendered":"https:\/\/roveyayinevi.com.tr\/index.php\/urun\/orgutlerin-karanlik-yuzu-negatif-davranislar\/"},"modified":"2026-04-16T03:01:18","modified_gmt":"2026-04-16T00:01:18","slug":"orgutlerin-karanlik-yuzu-negatif-davranislar","status":"publish","type":"product","link":"https:\/\/roveyayinevi.com.tr\/index.php\/urun\/orgutlerin-karanlik-yuzu-negatif-davranislar\/","title":{"rendered":"\u00d6rg\u00fctlerin Karanl\u0131k Y\u00fcz\u00fc: Negatif Davran\u0131\u015flar"},"content":{"rendered":"<p>B\u00d6L\u00dcM 1 B\u00dcROPATOLOJ\u0130 B\u00d6L\u00dcM 2 ZAMAN HIRSIZLI\u011eI B\u00d6L\u00dcM 3 \u00d6RG\u00dcTLERDE SALDIRGAN DAVRANI\u015eLAR B\u00d6L\u00dcM 4 G\u00dc\u00c7 ZEH\u0130RLENMES\u0130(HUBR\u0130S SENDROMU) B\u00d6L\u00dcM 5 B\u0130LG\u0130 SAKLAMA DAVRANI\u015eI B\u00d6L\u00dcM 6 \u00d6RG\u00dcTSEL K\u00d6RL\u00dcK (M\u0130YOP\u0130ZM) B\u00d6L\u00dcM 7 YALNIZLIK, SOSYAL \u0130ZOLASYON ve \u0130\u015eYER\u0130 YALNIZLI\u011eI B\u00d6L\u00dcM 8 \u00d6RG\u00dcTLER\u0130N KARANLIK Y\u00dcZ\u00dc: SABOTAJ B\u00d6L\u00dcM 9 POL\u0130T\u0130K DAVRANI\u015e B\u00d6L\u00dcM 10 \u00d6RG\u00dcTLERDE DAMGALA(N)MA (STIGMATIZASYON) <\/p>\n","protected":false},"excerpt":{"rendered":"<p>B\u00d6L\u00dcM 1 B\u00dcROPATOLOJ\u0130 B\u00d6L\u00dcM 2 ZAMAN HIRSIZLI\u011eI B\u00d6L\u00dcM 3 \u00d6RG\u00dcTLERDE SALDIRGAN DAVRANI\u015eLAR B\u00d6L\u00dcM 4 G\u00dc\u00c7 ZEH\u0130RLENMES\u0130(HUBR\u0130S SENDROMU) B\u00d6L\u00dcM 5 B\u0130LG\u0130 SAKLAMA DAVRANI\u015eI B\u00d6L\u00dcM 6 \u00d6RG\u00dcTSEL K\u00d6RL\u00dcK<span class=\"excerpt-hellip\"> [\u2026]<\/span><\/p>\n","protected":false},"featured_media":0,"template":"","meta":{"_monsterinsights_skip_tracking":false,"_monsterinsights_sitenote_active":false,"_monsterinsights_sitenote_note":"","_monsterinsights_sitenote_category":0},"product_brand":[],"product_cat":[12573,12566],"product_tag":[],"class_list":{"0":"post-748663","1":"product","2":"type-product","3":"status-publish","5":"product_cat-akademik-kitaplar","6":"product_cat-egitim","7":"pa_cilt-ciltsiz","8":"pa_tur-kitap","9":"pa_yayinevi-gazi-kitabevi","10":"pa_yazar-kolektif","12":"first","13":"instock","14":"sale","15":"shipping-taxable","16":"purchasable","17":"product-type-simple"},"_links":{"self":[{"href":"https:\/\/roveyayinevi.com.tr\/index.php\/wp-json\/wp\/v2\/product\/748663","targetHints":{"allow":["GET"]}}],"collection":[{"href":"https:\/\/roveyayinevi.com.tr\/index.php\/wp-json\/wp\/v2\/product"}],"about":[{"href":"https:\/\/roveyayinevi.com.tr\/index.php\/wp-json\/wp\/v2\/types\/product"}],"wp:attachment":[{"href":"https:\/\/roveyayinevi.com.tr\/index.php\/wp-json\/wp\/v2\/media?parent=748663"}],"wp:term":[{"taxonomy":"product_brand","embeddable":true,"href":"https:\/\/roveyayinevi.com.tr\/index.php\/wp-json\/wp\/v2\/product_brand?post=748663"},{"taxonomy":"product_cat","embeddable":true,"href":"https:\/\/roveyayinevi.com.tr\/index.php\/wp-json\/wp\/v2\/product_cat?post=748663"},{"taxonomy":"product_tag","embeddable":true,"href":"https:\/\/roveyayinevi.com.tr\/index.php\/wp-json\/wp\/v2\/product_tag?post=748663"}],"curies":[{"name":"wp","href":"https:\/\/api.w.org\/{rel}","templated":true}]}}