{"id":748662,"date":"2025-08-28T03:36:35","date_gmt":"2025-08-28T00:36:35","guid":{"rendered":"https:\/\/roveyayinevi.com.tr\/index.php\/urun\/turkiye-finansal-raporlama-standartlari\/"},"modified":"2026-04-16T03:01:18","modified_gmt":"2026-04-16T00:01:18","slug":"turkiye-finansal-raporlama-standartlari","status":"publish","type":"product","link":"https:\/\/roveyayinevi.com.tr\/index.php\/urun\/turkiye-finansal-raporlama-standartlari\/","title":{"rendered":"T\u00fcrkiye Finansal Raporlama Standartlar\u0131"},"content":{"rendered":"<p>TFRS 1 T\u00dcRK\u0130YE F\u0130NANSAL RAPORLAMA STANDARTLARININ \u0130LK UYGULAMASI TFRS 2 H\u0130SSE BAZLI \u00d6DEMELER TFRS 3 \u0130\u015eLETME B\u0130RLE\u015eMELER\u0130 TFRS 4 S\u0130GORTA S\u00d6ZLE\u015eMELER\u0130 TFRS 5 SATI\u015e AMA\u00c7LI ELDE TUTULAN DURAN VARLIKLAR ve DURDURULAN FAAL\u0130YETLER TFRS 6 MADEN KAYNAKLARININ ARA\u015eTIRILMASI VE DE\u011eERLEND\u0130R\u0130LMES\u0130 TFRS 7 F\u0130NANSAL ARA\u00c7LAR: TFRS 8 FAAL\u0130YET B\u00d6L\u00dcMLER\u0130 TFRS 9 F\u0130NANSAL ARA\u00c7LAR (2017 S\u00dcR\u00dcM\u00dc) TFRS 10 KONSOL\u0130DE F\u0130NANSAL TABLOLAR TFRS 11 M\u00dc\u015eTEREK TFRS 12 D\u0130\u011eER \u0130\u015eLETMELERDEK\u0130 PAYLARA \u0130L\u0130\u015eK\u0130N A\u00c7IKLAMALAR TFRS 13 GER\u00c7E\u011eE UYGUN DE\u011eER \u00d6L\u00c7\u00dcM\u00dc TFRS 14 D\u00dcZENLEMEYE DAYALI ERTELEME HESAPLARI TFRS 15 M\u00dc\u015eTER\u0130 S\u00d6ZLE\u015eMELER\u0130NDEN TFRS 16 K\u0130RALAMALARTFRS 1 T\u00dcRK\u0130YE F\u0130NANSAL RAPORLAMA STANDARTLARININ \u0130LK UYGULAMASI TFRS 2 H\u0130SSE BAZLI \u00d6DEMELER TFRS 3 \u0130\u015eLETME B\u0130RLE\u015eMELER\u0130 TFRS 4 S\u0130GORTA S\u00d6ZLE\u015eMELER\u0130 TFRS 5 SATI\u015e AMA\u00c7LI ELDE TUTULAN DURAN VARLIKLAR ve DURDURULAN FAAL\u0130YETLER TFRS 6 MADEN KAYNAKLARININ ARA\u015eTIRILMASI VE DE\u011eERLEND\u0130R\u0130LMES\u0130 TFRS 7 F\u0130NANSAL ARA\u00c7LAR: TFRS 8 FAAL\u0130YET B\u00d6L\u00dcMLER\u0130 TFRS 9 F\u0130NANSAL ARA\u00c7LAR (2017 S\u00dcR\u00dcM\u00dc) TFRS 10 KONSOL\u0130DE F\u0130NANSAL TABLOLAR TFRS 11 M\u00dc\u015eTEREK TFRS 12 D\u0130\u011eER \u0130\u015eLETMELERDEK\u0130 PAYLARA \u0130L\u0130\u015eK\u0130N A\u00c7IKLAMALAR TFRS 13 GER\u00c7E\u011eE UYGUN DE\u011eER \u00d6L\u00c7\u00dcM\u00dc TFRS 14 D\u00dcZENLEMEYE DAYALI ERTELEME HESAPLARI TFRS 15 M\u00dc\u015eTER\u0130 S\u00d6ZLE\u015eMELER\u0130NDEN TFRS 16 K\u0130RALAMALAR<\/p>\n","protected":false},"excerpt":{"rendered":"<p>TFRS 1 T\u00dcRK\u0130YE F\u0130NANSAL RAPORLAMA STANDARTLARININ \u0130LK UYGULAMASI TFRS 2 H\u0130SSE BAZLI \u00d6DEMELER TFRS 3 \u0130\u015eLETME B\u0130RLE\u015eMELER\u0130 TFRS 4 S\u0130GORTA S\u00d6ZLE\u015eMELER\u0130 TFRS 5 SATI\u015e AMA\u00c7LI ELDE<span class=\"excerpt-hellip\"> [\u2026]<\/span><\/p>\n","protected":false},"featured_media":0,"template":"","meta":{"_monsterinsights_skip_tracking":false,"_monsterinsights_sitenote_active":false,"_monsterinsights_sitenote_note":"","_monsterinsights_sitenote_category":0},"product_brand":[],"product_cat":[13043,14144],"product_tag":[],"class_list":{"0":"post-748662","1":"product","2":"type-product","3":"status-publish","5":"product_cat-ekonomi","6":"product_cat-turkiye-ekonomisi","7":"pa_cilt-ciltsiz","8":"pa_tur-kitap","9":"pa_yayinevi-gazi-kitabevi","10":"pa_yazar-kolektif","12":"first","13":"instock","14":"sale","15":"shipping-taxable","16":"purchasable","17":"product-type-simple"},"_links":{"self":[{"href":"https:\/\/roveyayinevi.com.tr\/index.php\/wp-json\/wp\/v2\/product\/748662","targetHints":{"allow":["GET"]}}],"collection":[{"href":"https:\/\/roveyayinevi.com.tr\/index.php\/wp-json\/wp\/v2\/product"}],"about":[{"href":"https:\/\/roveyayinevi.com.tr\/index.php\/wp-json\/wp\/v2\/types\/product"}],"wp:attachment":[{"href":"https:\/\/roveyayinevi.com.tr\/index.php\/wp-json\/wp\/v2\/media?parent=748662"}],"wp:term":[{"taxonomy":"product_brand","embeddable":true,"href":"https:\/\/roveyayinevi.com.tr\/index.php\/wp-json\/wp\/v2\/product_brand?post=748662"},{"taxonomy":"product_cat","embeddable":true,"href":"https:\/\/roveyayinevi.com.tr\/index.php\/wp-json\/wp\/v2\/product_cat?post=748662"},{"taxonomy":"product_tag","embeddable":true,"href":"https:\/\/roveyayinevi.com.tr\/index.php\/wp-json\/wp\/v2\/product_tag?post=748662"}],"curies":[{"name":"wp","href":"https:\/\/api.w.org\/{rel}","templated":true}]}}