{"id":748661,"date":"2025-08-28T03:36:34","date_gmt":"2025-08-28T00:36:34","guid":{"rendered":"https:\/\/roveyayinevi.com.tr\/index.php\/urun\/turk-sanatinin-buyuk-ustalari-10-kitap-kutulu-set\/"},"modified":"2026-03-12T03:09:44","modified_gmt":"2026-03-12T00:09:44","slug":"turk-sanatinin-buyuk-ustalari-10-kitap-kutulu-set","status":"publish","type":"product","link":"https:\/\/roveyayinevi.com.tr\/index.php\/urun\/turk-sanatinin-buyuk-ustalari-10-kitap-kutulu-set\/","title":{"rendered":"T\u00fcrk Sanat\u0131n\u0131n B\u00fcy\u00fck Ustalar\u0131 10 Kitap Kutulu Set"},"content":{"rendered":"<p>Hayalperest Yay\u0131nevi\u2019nin \u201cT\u00fcrk Sanat\u0131n\u0131n B\u00fcy\u00fck Ustalar\u0131\u201d adl\u0131 serisi, T\u00fcrk sanat\u0131n\u0131n geli\u015fimi evrelerinde \u00f6nemli yeri olan b\u00fcy\u00fck sanat\u00e7\u0131lar\u0131 mercek alt\u0131na al\u0131yor. Seride yer alan kitaplar yaln\u0131zca birer ya\u015fam \u00f6yk\u00fcs\u00fc sunmakla kalm\u0131yor, okura, manzara ve nat\u00fcrmortlardan ibaretmi\u015f gibi g\u00f6r\u00fcnen ilk T\u00fcrk resmi \u00f6rneklerinde g\u00f6zden ka\u00e7\u0131rmamas\u0131 gereken n\u00fcanslar\u0131 nas\u0131l yorumlayaca\u011f\u0131na dair bilgiler de veriyor. \u201cT\u00fcrk Sanat\u0131n\u0131n B\u00fcy\u00fck Ustalar\u0131\u201d, T\u00fcrk sanat\u0131 tarihinde zaman yolculu\u011funa \u00e7\u0131kmaya haz\u0131r okurlara e\u015flik ediyor ve onlara her an ba\u015fvurabilecekleri bir kaynak sunuyor.   Set \u0130\u00e7eri\u011fi 1.      \u015eeker Ahmed Pa\u015fa 2.      S\u00fcleyman Seyyid 3.      Osman Hamdi Bey 4.      Halil Pa\u015fa 5.      Hoca Ali R\u0131za 6.      H\u00fcseyin Zekai Pa\u015fa 7.      Abd\u00fclmecid Efendi 8.      Nazmi Ziya 9.      H\u00fcseyin Avni Lifij 10. Nam\u0131k \u0130smail<\/p>\n","protected":false},"excerpt":{"rendered":"<p>Hayalperest Yay\u0131nevi\u2019nin \u201cT\u00fcrk Sanat\u0131n\u0131n B\u00fcy\u00fck Ustalar\u0131\u201d adl\u0131 serisi, T\u00fcrk sanat\u0131n\u0131n geli\u015fimi evrelerinde \u00f6nemli yeri olan b\u00fcy\u00fck sanat\u00e7\u0131lar\u0131 mercek alt\u0131na al\u0131yor. Seride yer alan kitaplar yaln\u0131zca birer<span class=\"excerpt-hellip\"> [\u2026]<\/span><\/p>\n","protected":false},"featured_media":0,"template":"","meta":{"_monsterinsights_skip_tracking":false,"_monsterinsights_sitenote_active":false,"_monsterinsights_sitenote_note":"","_monsterinsights_sitenote_category":0},"product_brand":[],"product_cat":[13548,12408],"product_tag":[],"class_list":{"0":"post-748661","1":"product","2":"type-product","3":"status-publish","5":"product_cat-kuram","6":"product_cat-sanat","7":"pa_cilt-ciltsiz","8":"pa_tur-kitap","9":"pa_yayinevi-hayalperest-yayinlari","10":"pa_yazar-nilufer-ondin","12":"first","13":"instock","14":"sale","15":"shipping-taxable","16":"purchasable","17":"product-type-simple"},"_links":{"self":[{"href":"https:\/\/roveyayinevi.com.tr\/index.php\/wp-json\/wp\/v2\/product\/748661","targetHints":{"allow":["GET"]}}],"collection":[{"href":"https:\/\/roveyayinevi.com.tr\/index.php\/wp-json\/wp\/v2\/product"}],"about":[{"href":"https:\/\/roveyayinevi.com.tr\/index.php\/wp-json\/wp\/v2\/types\/product"}],"wp:attachment":[{"href":"https:\/\/roveyayinevi.com.tr\/index.php\/wp-json\/wp\/v2\/media?parent=748661"}],"wp:term":[{"taxonomy":"product_brand","embeddable":true,"href":"https:\/\/roveyayinevi.com.tr\/index.php\/wp-json\/wp\/v2\/product_brand?post=748661"},{"taxonomy":"product_cat","embeddable":true,"href":"https:\/\/roveyayinevi.com.tr\/index.php\/wp-json\/wp\/v2\/product_cat?post=748661"},{"taxonomy":"product_tag","embeddable":true,"href":"https:\/\/roveyayinevi.com.tr\/index.php\/wp-json\/wp\/v2\/product_tag?post=748661"}],"curies":[{"name":"wp","href":"https:\/\/api.w.org\/{rel}","templated":true}]}}