{"id":748660,"date":"2025-08-28T03:36:33","date_gmt":"2025-08-28T00:36:33","guid":{"rendered":"https:\/\/roveyayinevi.com.tr\/index.php\/urun\/futbol-milli-takim-secmelerinde-bagil-yas-etkisive-fiziksel-performans\/"},"modified":"2026-04-16T03:01:18","modified_gmt":"2026-04-16T00:01:18","slug":"futbol-milli-takim-secmelerinde-bagil-yas-etkisive-fiziksel-performans","status":"publish","type":"product","link":"https:\/\/roveyayinevi.com.tr\/index.php\/urun\/futbol-milli-takim-secmelerinde-bagil-yas-etkisive-fiziksel-performans\/","title":{"rendered":"Futbol Milli Tak\u0131m Se\u00e7melerinde Ba\u011f\u0131l Ya\u015f Etkisive Fiziksel Performans"},"content":{"rendered":"<p>\u00d6NS\u00d6Z \u0130\u00c7\u0130NDEK\u0130LER \u00c7\u0130ZELGELER\u0130N L\u0130STES\u0130 RES\u0130MLER\u0130N L\u0130STES\u0130 KISALTMALAR 1. G\u0130R\u0130\u015e 2. GENEL B\u0130LG\u0130LER 2.1. Futbol ve Tarihsel Geli\u015fimi 2.1.1. \u00dclkemizde futbol 2.1.2. Futbol oyununun ihtiya\u00e7lar\u0131 2.2. \u00c7ocuk ve Gen\u00e7lerde B\u00fcy\u00fcme ve Olgunla\u015fma 2.2.1. Fiziksel Geli\u015fim 2.2.2. \u0130skeletsel Geli\u015fim 2.2.3. V\u00fccut K\u0131s\u0131mlar\u0131n\u0131n Geli\u015fimi 2.2.4. Kas Yap\u0131lar\u0131n\u0131n Geli\u015fimi 2.2.5. Kalp Dola\u015f\u0131m ve Solunum sistemin Geli\u015fimi 2.2.6. Duyusal Geli\u015fim 2.2.7. Sosyal Geli\u015fim 2.2.8. Motor Beceri Geli\u015fimi \u00d6NS\u00d6Z \u0130\u00c7\u0130NDEK\u0130LER \u00c7\u0130ZELGELER\u0130N L\u0130STES\u0130 RES\u0130MLER\u0130N L\u0130STES\u0130 KISALTMALAR 1. G\u0130R\u0130\u015e 2. GENEL B\u0130LG\u0130LER 2.1. Futbol ve Tarihsel Geli\u015fimi 2.1.1. \u00dclkemizde futbol 2.1.2. Futbol oyununun ihtiya\u00e7lar\u0131 2.2. \u00c7ocuk ve Gen\u00e7lerde B\u00fcy\u00fcme ve Olgunla\u015fma 2.2.1. Fiziksel Geli\u015fim 2.2.2. \u0130skeletsel Geli\u015fim 2.2.3. V\u00fccut K\u0131s\u0131mlar\u0131n\u0131n Geli\u015fimi 2.2.4. Kas Yap\u0131lar\u0131n\u0131n Geli\u015fimi 2.2.5. Kalp Dola\u015f\u0131m ve Solunum sistemin Geli\u015fimi 2.2.6. Duyusal Geli\u015fim 2.2.7. Sosyal Geli\u015fim 2.2.8. Motor Beceri Geli\u015fimi 2.3. \u00c7ocuk ve Gen\u00e7lerde Futbol Antrenmanlar\u0131  2.3.1. \u00c7ocuklarda dayan\u0131kl\u0131l\u0131k 2.3.2. \u00c7ocuklarda kuvvet 2.3.3. \u00c7ocuklarda s\u00fcrat ve \u00e7abukluk geli\u015fimi 2.3.4. Koordinasyon geli\u015fimi 2.3.5. \u00c7ocuk ve gen\u00e7lere ait \u00f6rnek antrenmanlar 2.4. Ba\u011f\u0131l Ya\u015f Etkisi 2.5. Sporda Performans Testleri 3. GERE\u00c7 VE Y\u00d6NTEM 3.1. Ara\u015ft\u0131rman\u0131n Kat\u0131l\u0131mc\u0131lar\u0131 3.2. \u00c7al\u0131\u015fman\u0131n Yap\u0131ld\u0131\u011f\u0131 Yer 3.3. \u00c7al\u0131\u015fman\u0131n Yap\u0131ld\u0131\u011f\u0131 Tarih 3.4. Kullan\u0131lan Materyaller 3.5. Y\u00f6ntem 3.5.1. Boy uzunlu\u011fu \u00f6l\u00e7\u00fcm\u00fc 3.5.2. S\u00fcrat bile\u015fenlerinin tespiti 3.5.3. \u00c7abukluk \u00f6zelli\u011finin belirlenmesi .5.4. Patlay\u0131c\u0131 kuvvetin belirlenmesi 3.5.5. Dayan\u0131kl\u0131l\u0131k \u00f6zelli\u011finin tespiti 3.5.6. \u0130statistiksel analiz 3.5.7. Tez \u00e7al\u0131\u015fmas\u0131nda kullan\u0131lacak mevcut olanaklar 4. BULGULAR 5. TARTI\u015eMA 6. SONU\u00c7 VE \u00d6NER\u0130LER \u00d6neriler KAYNAK\u00c7A EKLER EK 1. T\u00fcrkiye futbol milli tak\u0131m se\u00e7meleri performans testleri \u00d6ZGE\u00c7M\u0130\u015e<\/p>\n","protected":false},"excerpt":{"rendered":"<p>\u00d6NS\u00d6Z \u0130\u00c7\u0130NDEK\u0130LER \u00c7\u0130ZELGELER\u0130N L\u0130STES\u0130 RES\u0130MLER\u0130N L\u0130STES\u0130 KISALTMALAR 1. G\u0130R\u0130\u015e 2. GENEL B\u0130LG\u0130LER 2.1. Futbol ve Tarihsel Geli\u015fimi 2.1.1. \u00dclkemizde futbol 2.1.2. Futbol oyununun ihtiya\u00e7lar\u0131 2.2. \u00c7ocuk<span class=\"excerpt-hellip\"> [\u2026]<\/span><\/p>\n","protected":false},"featured_media":0,"template":"","meta":{"_monsterinsights_skip_tracking":false,"_monsterinsights_sitenote_active":false,"_monsterinsights_sitenote_note":"","_monsterinsights_sitenote_category":0},"product_brand":[],"product_cat":[15563,15564],"product_tag":[],"class_list":{"0":"post-748660","1":"product","2":"type-product","3":"status-publish","5":"product_cat-hobi","6":"product_cat-spor","7":"pa_cilt-ciltsiz","8":"pa_tur-kitap","9":"pa_yayinevi-gazi-kitabevi","10":"pa_yazar-levent-sahin-ilyas-okan","12":"first","13":"instock","14":"sale","15":"shipping-taxable","16":"purchasable","17":"product-type-simple"},"_links":{"self":[{"href":"https:\/\/roveyayinevi.com.tr\/index.php\/wp-json\/wp\/v2\/product\/748660","targetHints":{"allow":["GET"]}}],"collection":[{"href":"https:\/\/roveyayinevi.com.tr\/index.php\/wp-json\/wp\/v2\/product"}],"about":[{"href":"https:\/\/roveyayinevi.com.tr\/index.php\/wp-json\/wp\/v2\/types\/product"}],"wp:attachment":[{"href":"https:\/\/roveyayinevi.com.tr\/index.php\/wp-json\/wp\/v2\/media?parent=748660"}],"wp:term":[{"taxonomy":"product_brand","embeddable":true,"href":"https:\/\/roveyayinevi.com.tr\/index.php\/wp-json\/wp\/v2\/product_brand?post=748660"},{"taxonomy":"product_cat","embeddable":true,"href":"https:\/\/roveyayinevi.com.tr\/index.php\/wp-json\/wp\/v2\/product_cat?post=748660"},{"taxonomy":"product_tag","embeddable":true,"href":"https:\/\/roveyayinevi.com.tr\/index.php\/wp-json\/wp\/v2\/product_tag?post=748660"}],"curies":[{"name":"wp","href":"https:\/\/api.w.org\/{rel}","templated":true}]}}