{"id":748651,"date":"2025-08-28T03:36:22","date_gmt":"2025-08-28T00:36:22","guid":{"rendered":"https:\/\/roveyayinevi.com.tr\/index.php\/urun\/gunesin-altin-elmalari\/"},"modified":"2026-04-14T03:07:44","modified_gmt":"2026-04-14T00:07:44","slug":"gunesin-altin-elmalari","status":"publish","type":"product","link":"https:\/\/roveyayinevi.com.tr\/index.php\/urun\/gunesin-altin-elmalari\/","title":{"rendered":"G\u00fcne\u015fin Alt\u0131n Elmalar\u0131"},"content":{"rendered":"<p>\u201cBradbury bilimkurgu t\u00fcr\u00fcne yeni bir soluk getiriyor ve kalemi de bir o kadar kuvvetli.\u201d \u2013C. S. Lewis\u201cBradbury fazlas\u0131yla yarat\u0131c\u0131 ve h\u00fcmanist bir yazar.\u201d \u2013Harold Bloom\u201cYALNIZCA G\u00dcNE\u015e, B\u0130LMEK \u0130STED\u0130KLER\u0130M\u0130Z\u0130 GER\u00c7EKTEN B\u0130L\u0130YOR VE SIRLARA G\u00dcNE\u015e SAH\u0130P.\u201dRay Bradbury sadece bilimkurgunun de\u011fil, fantastik edebiyat\u0131n ve korkunun da yirminci y\u00fczy\u0131ldaki ustalar\u0131ndan biri. Bilimkurgunun \u201ciyi edebiyat\u201d da olabilece\u011fini kan\u0131tlayan belki de ilk yazar. Yazar\u0131n ilk derlemelerinden biri olan G\u00fcne\u015fin Alt\u0131n Elmalar\u0131 ise Bradbury\u2019nin erken d\u00f6nem \u00f6yk\u00fclerinden otuz iki tanesini bir araya getiren ger\u00e7ek bir hazine.Bir kupa dolusu g\u00fcne\u015f \u0131\u015f\u0131\u011f\u0131 i\u00e7in roketle G\u00fcne\u015f\u2019e giden bir kaptan, deniz fenerine \u00e2\u015f\u0131k olan bir deniz canavar\u0131, sevildi\u011fini hissetmek isteyen bir cad\u0131, ki\u015fisel cennetlerini ke\u015ffeden astronotlar\u2026S\u0131radan ya\u015fam\u0131n tuhaf, gizemli ve b\u00fcy\u00fcl\u00fc yanlar\u0131n\u0131, bilimkurgu ve fantazinin aras\u0131ndaki s\u0131n\u0131rlar\u0131 esneterek anlatan \u00f6yk\u00fcler i\u00e7eren G\u00fcne\u015fin Alt\u0131n Elmalar\u0131\u2019nda Bradbury aile, iktidar, hayal g\u00fcc\u00fc, yaln\u0131zl\u0131k ve uygarl\u0131k gibi temalar\u0131 kendine has dili ve \u00fcslubuyla i\u015fleyerek insanl\u0131k tarihinin dramatik bir \u00f6zetini \u00e7\u0131kar\u0131yor \u00e2deta.\u0130nsanl\u0131k ba\u015fka d\u00fcnyalara hasret olmaya mahk\u00fbm mudur? Yoksa t\u00fcm arzular\u0131m\u0131z\u0131 kar\u015f\u0131layan bir d\u00fcnya m\u00fcmk\u00fcn m\u00fc?G\u00fcne\u015fin Alt\u0131n Elmalar\u0131, i\u00e7tekini ke\u015ffetmek i\u00e7in \u00e7\u0131k\u0131lan uzak yolculuk.<\/p>\n","protected":false},"excerpt":{"rendered":"<p>\u201cBradbury bilimkurgu t\u00fcr\u00fcne yeni bir soluk getiriyor ve kalemi de bir o kadar kuvvetli.\u201d \u2013C. S. Lewis\u201cBradbury fazlas\u0131yla yarat\u0131c\u0131 ve h\u00fcmanist bir yazar.\u201d \u2013Harold Bloom\u201cYALNIZCA G\u00dcNE\u015e,<span class=\"excerpt-hellip\"> [\u2026]<\/span><\/p>\n","protected":false},"featured_media":0,"template":"","meta":{"_monsterinsights_skip_tracking":false,"_monsterinsights_sitenote_active":false,"_monsterinsights_sitenote_note":"","_monsterinsights_sitenote_category":0},"product_brand":[],"product_cat":[12540,12291],"product_tag":[],"class_list":{"0":"post-748651","1":"product","2":"type-product","3":"status-publish","5":"product_cat-bilim-kurgu","6":"product_cat-edebiyat","7":"pa_cilt-ciltsiz","8":"pa_tur-kitap","9":"pa_yayinevi-ithaki-yayinlari","10":"pa_yazar-ray-bradbury","12":"first","13":"instock","14":"sale","15":"shipping-taxable","16":"purchasable","17":"product-type-simple"},"_links":{"self":[{"href":"https:\/\/roveyayinevi.com.tr\/index.php\/wp-json\/wp\/v2\/product\/748651","targetHints":{"allow":["GET"]}}],"collection":[{"href":"https:\/\/roveyayinevi.com.tr\/index.php\/wp-json\/wp\/v2\/product"}],"about":[{"href":"https:\/\/roveyayinevi.com.tr\/index.php\/wp-json\/wp\/v2\/types\/product"}],"wp:attachment":[{"href":"https:\/\/roveyayinevi.com.tr\/index.php\/wp-json\/wp\/v2\/media?parent=748651"}],"wp:term":[{"taxonomy":"product_brand","embeddable":true,"href":"https:\/\/roveyayinevi.com.tr\/index.php\/wp-json\/wp\/v2\/product_brand?post=748651"},{"taxonomy":"product_cat","embeddable":true,"href":"https:\/\/roveyayinevi.com.tr\/index.php\/wp-json\/wp\/v2\/product_cat?post=748651"},{"taxonomy":"product_tag","embeddable":true,"href":"https:\/\/roveyayinevi.com.tr\/index.php\/wp-json\/wp\/v2\/product_tag?post=748651"}],"curies":[{"name":"wp","href":"https:\/\/api.w.org\/{rel}","templated":true}]}}