{"id":748649,"date":"2025-08-28T03:36:18","date_gmt":"2025-08-28T00:36:18","guid":{"rendered":"https:\/\/roveyayinevi.com.tr\/index.php\/urun\/musasi-lordunun-gizli-yasami\/"},"modified":"2026-04-16T03:01:18","modified_gmt":"2026-04-16T00:01:18","slug":"musasi-lordunun-gizli-yasami","status":"publish","type":"product","link":"https:\/\/roveyayinevi.com.tr\/index.php\/urun\/musasi-lordunun-gizli-yasami\/","title":{"rendered":"Musa\u015fi Lordu\u2019nun Gizli Ya\u015fam\u0131"},"content":{"rendered":"<p>\u201cMusa\u015fi Lordu i\u00e7 sava\u015f d\u00f6neminde do\u011fmu\u015ftu. Hem bilgeydi hem de lider ruhlu bir adamd\u0131. \u00c7a\u011f\u0131n\u0131n en g\u00fc\u00e7l\u00fc ve en ac\u0131mas\u0131z sava\u015f\u00e7\u0131s\u0131yd\u0131. Ancak anlat\u0131lanlara g\u00f6re ayn\u0131 zamanda sadistti ve sapk\u0131n cinsel arzular\u0131 vard\u0131\u2026\u201d20. y\u00fczy\u0131l Japon edebiyat\u0131n\u0131n devlerinden, b\u00fcy\u00fck eserlerin yarat\u0131c\u0131s\u0131 Cuni\u00e7iro Tanizaki, kariyeri boyunca \u00fclkesinde d\u00f6neminin en b\u00fcy\u00fck yazar\u0131 olarak kabul g\u00f6rd\u00fc, daha sonra ise Haruki Murakami, Yasunari Kavabata ve Yukio Mi\u015fima\u2019yla birlikte sava\u015f sonras\u0131 Japon edebiyat\u0131n\u0131n \u201cb\u00fcy\u00fck d\u00f6rtl\u00fc\u201ds\u00fcnden biri olarak an\u0131ld\u0131. Eserlerinde kad\u0131n erkek ili\u015fkilerini, erotizmi ve saplant\u0131lar\u0131 cesurca i\u015fleyen Tanizaki, Musa\u015fi Lordu\u2019nun Gizli Ya\u015fam\u0131\u2019nda sapk\u0131n bir lordun hayat\u0131n\u0131 tarihi roman bi\u00e7iminde kaleme al\u0131yor.Musa\u015fi Lordu\u2019nun on iki ya\u015f\u0131ndaki o\u011flu Ho\u015fimaru rehin tutuldu\u011fu Ocika Kalesi sald\u0131r\u0131ya u\u011frad\u0131\u011f\u0131nda kanl\u0131 m\u00fccadelelere ve vah\u015fi \u00f6l\u00fcmlere tan\u0131k olur. G\u00f6rd\u00fckleri kar\u015f\u0131s\u0131nda b\u00fcy\u00fclenen Ho\u015fimaru y\u0131llar ge\u00e7tik\u00e7e efsanevi bir samuraya d\u00f6n\u00fc\u015fse de \u00f6l\u00fcme dair fanteziler ile sadomazo\u015fizme d\u00fc\u015fk\u00fcn h\u00e2le gelir ve kendisini benzer arzular\u0131n pe\u015finde ko\u015fan bir kad\u0131nla tehlikeli bir ili\u015fki i\u00e7inde bulur.<\/p>\n","protected":false},"excerpt":{"rendered":"<p>\u201cMusa\u015fi Lordu i\u00e7 sava\u015f d\u00f6neminde do\u011fmu\u015ftu. Hem bilgeydi hem de lider ruhlu bir adamd\u0131. \u00c7a\u011f\u0131n\u0131n en g\u00fc\u00e7l\u00fc ve en ac\u0131mas\u0131z sava\u015f\u00e7\u0131s\u0131yd\u0131. Ancak anlat\u0131lanlara g\u00f6re ayn\u0131 zamanda<span class=\"excerpt-hellip\"> [\u2026]<\/span><\/p>\n","protected":false},"featured_media":0,"template":"","meta":{"_monsterinsights_skip_tracking":false,"_monsterinsights_sitenote_active":false,"_monsterinsights_sitenote_note":"","_monsterinsights_sitenote_category":0},"product_brand":[],"product_cat":[12291,12711],"product_tag":[],"class_list":{"0":"post-748649","1":"product","2":"type-product","3":"status-publish","5":"product_cat-edebiyat","6":"product_cat-roman-oyku","7":"pa_cilt-ciltsiz","8":"pa_tur-kitap","9":"pa_yayinevi-ithaki-yayinlari","10":"pa_yazar-cuniciro-tanizaki","12":"first","13":"instock","14":"sale","15":"shipping-taxable","16":"purchasable","17":"product-type-simple"},"_links":{"self":[{"href":"https:\/\/roveyayinevi.com.tr\/index.php\/wp-json\/wp\/v2\/product\/748649","targetHints":{"allow":["GET"]}}],"collection":[{"href":"https:\/\/roveyayinevi.com.tr\/index.php\/wp-json\/wp\/v2\/product"}],"about":[{"href":"https:\/\/roveyayinevi.com.tr\/index.php\/wp-json\/wp\/v2\/types\/product"}],"wp:attachment":[{"href":"https:\/\/roveyayinevi.com.tr\/index.php\/wp-json\/wp\/v2\/media?parent=748649"}],"wp:term":[{"taxonomy":"product_brand","embeddable":true,"href":"https:\/\/roveyayinevi.com.tr\/index.php\/wp-json\/wp\/v2\/product_brand?post=748649"},{"taxonomy":"product_cat","embeddable":true,"href":"https:\/\/roveyayinevi.com.tr\/index.php\/wp-json\/wp\/v2\/product_cat?post=748649"},{"taxonomy":"product_tag","embeddable":true,"href":"https:\/\/roveyayinevi.com.tr\/index.php\/wp-json\/wp\/v2\/product_tag?post=748649"}],"curies":[{"name":"wp","href":"https:\/\/api.w.org\/{rel}","templated":true}]}}