{"id":748644,"date":"2025-08-28T03:36:12","date_gmt":"2025-08-28T00:36:12","guid":{"rendered":"https:\/\/roveyayinevi.com.tr\/index.php\/urun\/yasanmis-orneklerle-hayat-dersleri\/"},"modified":"2026-04-16T03:01:17","modified_gmt":"2026-04-16T00:01:17","slug":"yasanmis-orneklerle-hayat-dersleri","status":"publish","type":"product","link":"https:\/\/roveyayinevi.com.tr\/index.php\/urun\/yasanmis-orneklerle-hayat-dersleri\/","title":{"rendered":"Ya\u015fanm\u0131\u015f \u00d6rneklerle Hayat Dersleri"},"content":{"rendered":"<p>Bu kitap; ya\u015fanm\u0131\u015f, ibretli hat\u0131ralarla hayat\u0131n \u00e7etin problemlerini ele almaktad\u0131r. \u00d6zellikle de aile ve gen\u00e7lik e\u011fitimine ait \u00e7arp\u0131c\u0131 \u00f6rnekler sunmaktad\u0131r. \u2022 Evlili\u011fe haz\u0131rl\u0131k, \u2022 Anne-baba bilinci, \u2022 E\u015fler aras\u0131 ileti\u015fim, \u2022 \u00c7ocuk e\u011fitiminin incelikleri, \u2022 Gen\u00e7leri anlama ve yakla\u015f\u0131m teknikleri, \u2022 Tart\u0131\u015fmalar\u0131m\u0131z\u0131n nedenleri ve \u00e7\u00f6z\u00fcmleri, \u2022 Psikolojik problemlerimiz, \u2022 Aile hayat\u0131yla ilgili e\u011fitici hat\u0131ralar, \u2022 Ve d\u00fcnya-ahiret dengesi. Tamamen hayat\u0131n i\u00e7inden se\u00e7ilmi\u015f konularla, toplumun dertlerine \u00e7areler \u00f6neren bu \u00e7al\u0131\u015fma; her anne-baban\u0131n, her gencin \u201cEl Kitab\u0131\u201d olacakt\u0131r. Kendisiyle, ailesiyle ve toplumla ba\u015f\u0131 dertte olanlar! Y\u00fczle\u015fmek ister misiniz? Buyurun\u2026 <\/p>\n","protected":false},"excerpt":{"rendered":"<p>Bu kitap; ya\u015fanm\u0131\u015f, ibretli hat\u0131ralarla hayat\u0131n \u00e7etin problemlerini ele almaktad\u0131r. \u00d6zellikle de aile ve gen\u00e7lik e\u011fitimine ait \u00e7arp\u0131c\u0131 \u00f6rnekler sunmaktad\u0131r. \u2022 Evlili\u011fe haz\u0131rl\u0131k, \u2022 Anne-baba bilinci,<span class=\"excerpt-hellip\"> [\u2026]<\/span><\/p>\n","protected":false},"featured_media":0,"template":"","meta":{"_monsterinsights_skip_tracking":false,"_monsterinsights_sitenote_active":false,"_monsterinsights_sitenote_note":"","_monsterinsights_sitenote_category":0},"product_brand":[],"product_cat":[12364,12376],"product_tag":[],"class_list":{"0":"post-748644","1":"product","2":"type-product","3":"status-publish","5":"product_cat-genel-konular","6":"product_cat-kisisel-gelisim","7":"pa_cilt-ciltsiz","8":"pa_tur-kitap","9":"pa_yayinevi-nesil-yayinlari","10":"pa_yazar-halit-ertugrul","12":"first","13":"instock","14":"sale","15":"shipping-taxable","16":"purchasable","17":"product-type-simple"},"_links":{"self":[{"href":"https:\/\/roveyayinevi.com.tr\/index.php\/wp-json\/wp\/v2\/product\/748644","targetHints":{"allow":["GET"]}}],"collection":[{"href":"https:\/\/roveyayinevi.com.tr\/index.php\/wp-json\/wp\/v2\/product"}],"about":[{"href":"https:\/\/roveyayinevi.com.tr\/index.php\/wp-json\/wp\/v2\/types\/product"}],"wp:attachment":[{"href":"https:\/\/roveyayinevi.com.tr\/index.php\/wp-json\/wp\/v2\/media?parent=748644"}],"wp:term":[{"taxonomy":"product_brand","embeddable":true,"href":"https:\/\/roveyayinevi.com.tr\/index.php\/wp-json\/wp\/v2\/product_brand?post=748644"},{"taxonomy":"product_cat","embeddable":true,"href":"https:\/\/roveyayinevi.com.tr\/index.php\/wp-json\/wp\/v2\/product_cat?post=748644"},{"taxonomy":"product_tag","embeddable":true,"href":"https:\/\/roveyayinevi.com.tr\/index.php\/wp-json\/wp\/v2\/product_tag?post=748644"}],"curies":[{"name":"wp","href":"https:\/\/api.w.org\/{rel}","templated":true}]}}