{"id":748640,"date":"2025-08-28T03:36:08","date_gmt":"2025-08-28T00:36:08","guid":{"rendered":"https:\/\/roveyayinevi.com.tr\/index.php\/urun\/rota-hesaplaniyor\/"},"modified":"2026-04-16T03:01:17","modified_gmt":"2026-04-16T00:01:17","slug":"rota-hesaplaniyor","status":"publish","type":"product","link":"https:\/\/roveyayinevi.com.tr\/index.php\/urun\/rota-hesaplaniyor\/","title":{"rendered":"Rota Hesaplan\u0131yor"},"content":{"rendered":"<p>\u201cSEN ONLARDAN FARKLISIN \u00c7\u00dcNK\u00dc HER \u0130NSAN BA\u015eKA B\u0130R D\u00dcNYADIR.\u201d \u2013 ATAKAN G\u00dcLGAR   Kendi \u0131\u015f\u0131\u011f\u0131ndan korkma. Hayat\u0131nda tek bir engel var o da sensin. Art\u0131k kendi \u00f6n\u00fcnden \u00e7ekilmelisin. \u00d6\u011fretilmi\u015f ve ko\u015fullanm\u0131\u015f t\u00fcm alanlar\u0131 g\u00f6rmeli, kendini kendine if\u015fa etmelisin. Hayallerinden ve arzular\u0131ndan vazge\u00e7me, \u00f6n\u00fcnden \u00e7ekil. Sen kaostan ibaret de\u011filsin, kendini yanl\u0131\u015f yerde ar\u0131yorsun, \u00f6n\u00fcnden \u00e7ekil. K\u00f6t\u00fc de\u011filsin, \u00e7irkin de\u011filsin, ba\u015far\u0131s\u0131z de\u011filsin, yetersiz de\u011filsin, de\u011fersiz de\u011filsin, iradesiz de\u011filsin ve \u00e7aresiz de\u011filsin&#8230; \u00d6n\u00fcnden \u00e7ekil. Unutma can\u0131m cevherim, inan\u00e7, cesaret, g\u00fcven en g\u00fc\u00e7l\u00fc yol arkada\u015f\u0131n. Hakikat haktand\u0131r. Hakikatin varl\u0131ktaki yok olu\u015fun olsun. Kendi s\u0131rlar\u0131na ad\u0131m atman, zaferin olacak. Ac\u0131nla y\u00fczle\u015fti\u011fin zaman kendine ac\u0131mak yerine \u201cKendim i\u00e7in ne yapabilirim?\u201d sorusunu sormak dahi zaferin olacak. <\/p>\n","protected":false},"excerpt":{"rendered":"<p>\u201cSEN ONLARDAN FARKLISIN \u00c7\u00dcNK\u00dc HER \u0130NSAN BA\u015eKA B\u0130R D\u00dcNYADIR.\u201d \u2013 ATAKAN G\u00dcLGAR Kendi \u0131\u015f\u0131\u011f\u0131ndan korkma. Hayat\u0131nda tek bir engel var o da sensin. Art\u0131k kendi \u00f6n\u00fcnden<span class=\"excerpt-hellip\"> [\u2026]<\/span><\/p>\n","protected":false},"featured_media":0,"template":"","meta":{"_monsterinsights_skip_tracking":false,"_monsterinsights_sitenote_active":false,"_monsterinsights_sitenote_note":"","_monsterinsights_sitenote_category":0},"product_brand":[],"product_cat":[12364,12376],"product_tag":[],"class_list":{"0":"post-748640","1":"product","2":"type-product","3":"status-publish","5":"product_cat-genel-konular","6":"product_cat-kisisel-gelisim","7":"pa_cilt-ciltsiz","8":"pa_tur-kitap","9":"pa_yayinevi-destek-yayinlari","10":"pa_yazar-sibel-uzun","12":"first","13":"instock","14":"sale","15":"shipping-taxable","16":"purchasable","17":"product-type-simple"},"_links":{"self":[{"href":"https:\/\/roveyayinevi.com.tr\/index.php\/wp-json\/wp\/v2\/product\/748640","targetHints":{"allow":["GET"]}}],"collection":[{"href":"https:\/\/roveyayinevi.com.tr\/index.php\/wp-json\/wp\/v2\/product"}],"about":[{"href":"https:\/\/roveyayinevi.com.tr\/index.php\/wp-json\/wp\/v2\/types\/product"}],"wp:attachment":[{"href":"https:\/\/roveyayinevi.com.tr\/index.php\/wp-json\/wp\/v2\/media?parent=748640"}],"wp:term":[{"taxonomy":"product_brand","embeddable":true,"href":"https:\/\/roveyayinevi.com.tr\/index.php\/wp-json\/wp\/v2\/product_brand?post=748640"},{"taxonomy":"product_cat","embeddable":true,"href":"https:\/\/roveyayinevi.com.tr\/index.php\/wp-json\/wp\/v2\/product_cat?post=748640"},{"taxonomy":"product_tag","embeddable":true,"href":"https:\/\/roveyayinevi.com.tr\/index.php\/wp-json\/wp\/v2\/product_tag?post=748640"}],"curies":[{"name":"wp","href":"https:\/\/api.w.org\/{rel}","templated":true}]}}