{"id":748639,"date":"2025-08-28T03:36:07","date_gmt":"2025-08-28T00:36:07","guid":{"rendered":"https:\/\/roveyayinevi.com.tr\/index.php\/urun\/ataturkun-kod-adi-mustafa-serif\/"},"modified":"2026-04-16T03:01:17","modified_gmt":"2026-04-16T00:01:17","slug":"ataturkun-kod-adi-mustafa-serif","status":"publish","type":"product","link":"https:\/\/roveyayinevi.com.tr\/index.php\/urun\/ataturkun-kod-adi-mustafa-serif\/","title":{"rendered":"Atat\u00fcrk\u2019\u00fcn Kod Ad\u0131: Mustafa \u015eerif"},"content":{"rendered":"<p>\u201cB\u0130Z B\u00dcY\u00dcK HAYALLER PE\u015e\u0130NDEN KO\u015eAN SAHTEK\u00c2RLARDAN DE\u011e\u0130L\u0130Z&#8230;\u201d \u2013 M. KEMAL ATAT\u00dcRK   Atat\u00fcrk, 1911 y\u0131l\u0131nda, g\u00f6n\u00fcll\u00fc arkada\u015flar\u0131yla \u0130talya i\u015fgali alt\u0131ndaki Trablusgarp\u2019a sahte kimlik kullanarak girmi\u015f, bu kimlikte de \u201cGazeteci Mustafa \u015eerif\u201d ismini kullanm\u0131\u015ft\u0131r. \u201cMustafa\u201d, \u0130slam Peygamberi Muhammed\u2019in se\u00e7ilmi\u015f\/se\u00e7kin anlam\u0131na gelen lakab\u0131, \u201c\u015eerif\u201d ise soyu temiz ve \u015ferefli olan asil kimsedir. Atat\u00fcrk ile ilgili \u00e7\u0131kan haber ve makalelerin \u00f6zeti mahiyetini ta\u015f\u0131yan bu kitap, kendisiyle ilgili \u00f6nemli olaylar\u0131n gazete sayfalar\u0131na nas\u0131l yans\u0131d\u0131\u011f\u0131n\u0131 g\u00f6zler \u00f6n\u00fcne koyacakt\u0131r. D\u00f6nemin gazetecilerinin ya\u015fanan olaylara bak\u0131\u015f a\u00e7\u0131s\u0131n\u0131 ve dolay\u0131s\u0131yla Atat\u00fcrk\u2019\u00fcn de bas\u0131n d\u00fcnyas\u0131na nas\u0131l yakla\u015ft\u0131\u011f\u0131n\u0131 g\u00f6rmeniz m\u00fcmk\u00fcn olacak, tarihin ak\u0131\u015f\u0131 i\u00e7inde, kronolojik olarak ve an\u0131larla y\u00fckl\u00fc bir gezintiye \u00e7\u0131kacaks\u0131n\u0131z\u2026 <\/p>\n","protected":false},"excerpt":{"rendered":"<p>\u201cB\u0130Z B\u00dcY\u00dcK HAYALLER PE\u015e\u0130NDEN KO\u015eAN SAHTEK\u00c2RLARDAN DE\u011e\u0130L\u0130Z&#8230;\u201d \u2013 M. KEMAL ATAT\u00dcRK Atat\u00fcrk, 1911 y\u0131l\u0131nda, g\u00f6n\u00fcll\u00fc arkada\u015flar\u0131yla \u0130talya i\u015fgali alt\u0131ndaki Trablusgarp\u2019a sahte kimlik kullanarak girmi\u015f, bu kimlikte<span class=\"excerpt-hellip\"> [\u2026]<\/span><\/p>\n","protected":false},"featured_media":0,"template":"","meta":{"_monsterinsights_skip_tracking":false,"_monsterinsights_sitenote_active":false,"_monsterinsights_sitenote_note":"","_monsterinsights_sitenote_category":0},"product_brand":[],"product_cat":[12530,12304],"product_tag":[],"class_list":{"0":"post-748639","1":"product","2":"type-product","3":"status-publish","5":"product_cat-mustafa-kemal-ataturk","6":"product_cat-tarih","7":"pa_cilt-ciltsiz","8":"pa_tur-kitap","9":"pa_yayinevi-destek-yayinlari","10":"pa_yazar-yasar-gursoy","12":"first","13":"instock","14":"sale","15":"shipping-taxable","16":"purchasable","17":"product-type-simple"},"_links":{"self":[{"href":"https:\/\/roveyayinevi.com.tr\/index.php\/wp-json\/wp\/v2\/product\/748639","targetHints":{"allow":["GET"]}}],"collection":[{"href":"https:\/\/roveyayinevi.com.tr\/index.php\/wp-json\/wp\/v2\/product"}],"about":[{"href":"https:\/\/roveyayinevi.com.tr\/index.php\/wp-json\/wp\/v2\/types\/product"}],"wp:attachment":[{"href":"https:\/\/roveyayinevi.com.tr\/index.php\/wp-json\/wp\/v2\/media?parent=748639"}],"wp:term":[{"taxonomy":"product_brand","embeddable":true,"href":"https:\/\/roveyayinevi.com.tr\/index.php\/wp-json\/wp\/v2\/product_brand?post=748639"},{"taxonomy":"product_cat","embeddable":true,"href":"https:\/\/roveyayinevi.com.tr\/index.php\/wp-json\/wp\/v2\/product_cat?post=748639"},{"taxonomy":"product_tag","embeddable":true,"href":"https:\/\/roveyayinevi.com.tr\/index.php\/wp-json\/wp\/v2\/product_tag?post=748639"}],"curies":[{"name":"wp","href":"https:\/\/api.w.org\/{rel}","templated":true}]}}