{"id":748635,"date":"2025-08-28T03:36:03","date_gmt":"2025-08-28T00:36:03","guid":{"rendered":"https:\/\/roveyayinevi.com.tr\/index.php\/urun\/noromatik\/"},"modified":"2026-04-16T03:01:17","modified_gmt":"2026-04-16T00:01:17","slug":"noromatik","status":"publish","type":"product","link":"https:\/\/roveyayinevi.com.tr\/index.php\/urun\/noromatik\/","title":{"rendered":"N\u00f6romatik"},"content":{"rendered":"<p>Ayd\u0131nlanma d\u00fc\u015f\u00fcn\u00fcrlerinin R\u00f6nesans\u2019tan devralarak \u00fczerine kafa yorduklar\u0131 temel mesele, i\u015fleyi\u015f kurallar\u0131 zihin taraf\u0131ndan \u00e7\u00f6z\u00fclmeye ba\u015flanan maddeye k\u0131yasla zihnin ve\/ya ruhun nas\u0131l tan\u0131mlanaca\u011f\u0131, nerede konumland\u0131r\u0131laca\u011f\u0131 sorusuydu. Gelgelelim ne Ayd\u0131nlanma d\u00fc\u015f\u00fcncesini kendine siper ederek Kilise\u2019nin siyasi n\u00fcfuzuna meydan okuyan devrimin Fransa\u2019s\u0131nda, ne de devrim filozoflar\u0131yla yak\u0131nl\u0131klar\u0131n\u0131 gizlemeyen \u201creformcu\u201d-\u201cradikal\u201d liberallerin siyasette giderek g\u00fcc\u00fcn\u00fc hissettirdi\u011fi \u0130ngiltere\u2019de, zihnin i\u015fleyi\u015finin nas\u0131l a\u00e7\u0131klanaca\u011f\u0131 sorusuna sarih bir yan\u0131t bulunabilmi\u015f de\u011fildi. N\u00f6romatik, Avrupa\u2019da b\u00f6ylesine dallan\u0131p  budaklanmakta olan \u201cbilince dair \u00e7etin soru\u201dnun Amerikan bilimi, maneviyat\u0131, ve toplumunda yaratt\u0131\u011f\u0131 \u00e7alkant\u0131lar\u0131n izini s\u00fcr\u00fcyor. Bilincin gerek zihin gerek ruh olarak, daha \u00e7ok da her iki ve\u00e7hesiyle birden tezah\u00fcr etti\u011fi deneylerin pe\u015finde ilerlerken tarih\u00e7i John Lardas Modern, Foucault\u2019nun soyk\u00fct\u00fck y\u00f6ntemine ba\u015fvurarak 19. y\u00fczy\u0131l\u0131n ikinci yar\u0131s\u0131ndan \u0130kinci D\u00fcnya Sava\u015f\u0131 sonras\u0131 d\u00f6neme ve nihayet g\u00fcn\u00fcm\u00fcze dek uzanan bir  zaman kesitinde, genelge\u00e7er bilim tarihi ve felsefesinin tasvir etti\u011finden bamba\u015fka bir manzaran\u0131n par\u00e7alar\u0131n\u0131 birle\u015ftiriyor. Ve iki n\u00f6ron aras\u0131nda bir sinaps yakalad\u0131\u011f\u0131m\u0131z her defas\u0131nda bilgiyi not ederek bir haf\u0131za kayd\u0131 a\u00e7may\u0131 ve soyk\u00fct\u00fck in\u015fas\u0131na ba\u015flamay\u0131 te\u015fvik ediyor. Yeralt\u0131 edebiyat\u0131 ile devlet s\u0131rr\u0131 vasf\u0131ndaki ara\u015ft\u0131rmalar\u0131n hangi ortak mutfaklarda hangi dolamba\u00e7lar\u0131 katederek bulu\u015ftu\u011funu g\u00f6rmeye, idrak etmeye, d\u00fc\u015f\u00fcnmeye davet ediyor. <\/p>\n","protected":false},"excerpt":{"rendered":"<p>Ayd\u0131nlanma d\u00fc\u015f\u00fcn\u00fcrlerinin R\u00f6nesans\u2019tan devralarak \u00fczerine kafa yorduklar\u0131 temel mesele, i\u015fleyi\u015f kurallar\u0131 zihin taraf\u0131ndan \u00e7\u00f6z\u00fclmeye ba\u015flanan maddeye k\u0131yasla zihnin ve\/ya ruhun nas\u0131l tan\u0131mlanaca\u011f\u0131, nerede konumland\u0131r\u0131laca\u011f\u0131 sorusuydu. Gelgelelim<span class=\"excerpt-hellip\"> [\u2026]<\/span><\/p>\n","protected":false},"featured_media":0,"template":"","meta":{"_monsterinsights_skip_tracking":false,"_monsterinsights_sitenote_active":false,"_monsterinsights_sitenote_note":"","_monsterinsights_sitenote_category":0},"product_brand":[],"product_cat":[12370,12304],"product_tag":[],"class_list":{"0":"post-748635","1":"product","2":"type-product","3":"status-publish","5":"product_cat-arastirma-inceleme","6":"product_cat-tarih","7":"pa_cilt-ciltsiz","8":"pa_tur-kitap","9":"pa_yayinevi-say-yayinlari","10":"pa_yazar-john-lardas-modern","12":"first","13":"instock","14":"sale","15":"shipping-taxable","16":"purchasable","17":"product-type-simple"},"_links":{"self":[{"href":"https:\/\/roveyayinevi.com.tr\/index.php\/wp-json\/wp\/v2\/product\/748635","targetHints":{"allow":["GET"]}}],"collection":[{"href":"https:\/\/roveyayinevi.com.tr\/index.php\/wp-json\/wp\/v2\/product"}],"about":[{"href":"https:\/\/roveyayinevi.com.tr\/index.php\/wp-json\/wp\/v2\/types\/product"}],"wp:attachment":[{"href":"https:\/\/roveyayinevi.com.tr\/index.php\/wp-json\/wp\/v2\/media?parent=748635"}],"wp:term":[{"taxonomy":"product_brand","embeddable":true,"href":"https:\/\/roveyayinevi.com.tr\/index.php\/wp-json\/wp\/v2\/product_brand?post=748635"},{"taxonomy":"product_cat","embeddable":true,"href":"https:\/\/roveyayinevi.com.tr\/index.php\/wp-json\/wp\/v2\/product_cat?post=748635"},{"taxonomy":"product_tag","embeddable":true,"href":"https:\/\/roveyayinevi.com.tr\/index.php\/wp-json\/wp\/v2\/product_tag?post=748635"}],"curies":[{"name":"wp","href":"https:\/\/api.w.org\/{rel}","templated":true}]}}