{"id":748634,"date":"2025-08-28T03:36:01","date_gmt":"2025-08-28T00:36:01","guid":{"rendered":"https:\/\/roveyayinevi.com.tr\/index.php\/urun\/pis-isler\/"},"modified":"2026-04-16T03:01:17","modified_gmt":"2026-04-16T00:01:17","slug":"pis-isler","status":"publish","type":"product","link":"https:\/\/roveyayinevi.com.tr\/index.php\/urun\/pis-isler\/","title":{"rendered":"Pis \u0130\u015fler"},"content":{"rendered":"<p>Toplu olarak ya\u015faman\u0131n par\u00e7as\u0131 olan \u00e7e\u015fitli \u201cpis i\u015fler\u201d var. Sadece a\u011f\u0131r ve zor de\u011fil ayn\u0131 zamanda ad\u0131 k\u00f6t\u00fcye \u00e7\u0131km\u0131\u015f, yani sayg\u0131nl\u0131ktan uzak say\u0131lan i\u015fler. Geleneksel toplumlarda bu t\u00fcr i\u015fleri yapanlara y\u00f6nelik bariz d\u0131\u015flama mekanizmalar\u0131 vard\u0131. Bug\u00fcnk\u00fc toplumlar\u0131m\u0131zda a\u00e7\u0131ktan a\u00e7\u0131\u011fa b\u00f6yle bir i\u015fleyi\u015f olmasa da \u201cpis i\u015fleri\u201d yapanlar\u0131n toplumsal konumlar\u0131 daha iyi de\u011fil. Eskiden toplumlar\u0131n en yoksul \u00e7evrelerinin yapt\u0131\u011f\u0131 bu i\u015flerden baz\u0131lar\u0131n\u0131 bug\u00fcn Bat\u0131l\u0131 toplumlarda daha ziyade g\u00f6\u00e7menler, baz\u0131lar\u0131n\u0131 ise yine o toplumlar\u0131n dezavantajl\u0131 kesimleri yap\u0131yor. Eyal Press ABD\u2019de \u00f6zellikle cezaevlerindeki psikiyatri ko\u011fu\u015flar\u0131nda \u00e7al\u0131\u015fan ruh sa\u011fl\u0131\u011f\u0131 dan\u0131\u015fmanlar\u0131 ile gardiyanlar\u0131, tavuk mezbahalar\u0131nda \u00e7al\u0131\u015fan g\u00f6\u00e7men i\u015f\u00e7ileri, Amerikan Hava Kuvvetleri\u2019nin \u0130HA\u2019larla \u00fclke d\u0131\u015f\u0131nda ger\u00e7ekle\u015ftirdi\u011fi g\u00f6zetleme ve sald\u0131r\u0131 operasyonlar\u0131nda g\u00f6rev alan teknik personeli, ayr\u0131ca Google\u2019\u0131n devletlerle i\u015fbirli\u011fi i\u00e7inde geli\u015ftirdi\u011fi g\u00f6zetleme projelerinde \u00e7al\u0131\u015fm\u0131\u015f m\u00fchendisleri ve petrol \u00fcretim tesislerindeki i\u015f\u00e7ilerle yak\u0131nlar\u0131n\u0131 ele al\u0131yor. Press, \u00e7ok say\u0131da \u00e7al\u0131\u015fanla yapt\u0131\u011f\u0131 y\u00fcz y\u00fcze g\u00f6r\u00fc\u015fmeler ve bahsi ge\u00e7en kurumlara ger\u00e7ekle\u015ftirdi\u011fi inceleme gezileri sonucunda kaleme ald\u0131\u011f\u0131 kitapta, bu \u201cpis i\u015fleri\u201d yapanlar\u0131n hayatlar\u0131n\u0131 kazanmak i\u00e7in nas\u0131l bu i\u015flere s\u00fcr\u00fcklendiklerine, bu i\u015fleri yaparken kar\u015f\u0131la\u015ft\u0131klar\u0131 etik ve hukuki sorunlar kar\u015f\u0131s\u0131nda nas\u0131l tav\u0131r ald\u0131klar\u0131na, ya\u015fad\u0131klar\u0131 i\u00e7sel ve toplumsal \u00e7at\u0131\u015fmalara, ortaya \u00e7\u0131kan sorunlar\u0131n toplumsal ve hukuki kaynaklar\u0131na, \u201cpis i\u015fleri yapt\u0131ran\u201d toplumun sorumluluklar\u0131na odaklan\u0131yor. G\u00f6rmemek i\u00e7in y\u00fcz\u00fcm\u00fcz\u00fc \u00f6b\u00fcr tarafa \u00e7evirdi\u011fimiz yerlere ve sorunlara g\u00fc\u00e7l\u00fc bir \u0131\u015f\u0131k tutarken sars\u0131c\u0131 ve sahici insan hik\u00e2yeleri anlat\u0131yor.     YAZAR HAKKINDA: 1970 do\u011fumlu ABD\u2019li gazeteci, yazar ve sosyolog. Brown \u00dcniversitesi\u2019nde okudu, doktoras\u0131n\u0131 New York \u00dcniversitesi\u2019nde yapt\u0131. 1997\u2019de James Aronson ad\u0131na verilen ve sosyal adalet konusundaki ara\u015ft\u0131rmalar\u0131 te\u015fvik eden gazetecilik \u00f6d\u00fcl\u00fcn\u00fc kazand\u0131. The New Yorker, The New York Times gibi gazete ve dergilere katk\u0131da bulunuyor. \u0130ki kitab\u0131 daha var: Absolute Convictions (Mutlak Kanaatler, 2006) ve Beautiful Souls (G\u00fczel Ruhlar, 2012). <\/p>\n","protected":false},"excerpt":{"rendered":"<p>Toplu olarak ya\u015faman\u0131n par\u00e7as\u0131 olan \u00e7e\u015fitli \u201cpis i\u015fler\u201d var. Sadece a\u011f\u0131r ve zor de\u011fil ayn\u0131 zamanda ad\u0131 k\u00f6t\u00fcye \u00e7\u0131km\u0131\u015f, yani sayg\u0131nl\u0131ktan uzak say\u0131lan i\u015fler. Geleneksel toplumlarda<span class=\"excerpt-hellip\"> [\u2026]<\/span><\/p>\n","protected":false},"featured_media":0,"template":"","meta":{"_monsterinsights_skip_tracking":false,"_monsterinsights_sitenote_active":false,"_monsterinsights_sitenote_note":"","_monsterinsights_sitenote_category":0},"product_brand":[],"product_cat":[12351,12324],"product_tag":[],"class_list":{"0":"post-748634","1":"product","2":"type-product","3":"status-publish","5":"product_cat-siyaset-sosyolojisi","6":"product_cat-sosyoloji","7":"pa_cilt-ciltsiz","8":"pa_tur-kitap","9":"pa_yayinevi-metis-yayinlari","10":"pa_yazar-eyal-press","12":"first","13":"instock","14":"sale","15":"shipping-taxable","16":"purchasable","17":"product-type-simple"},"_links":{"self":[{"href":"https:\/\/roveyayinevi.com.tr\/index.php\/wp-json\/wp\/v2\/product\/748634","targetHints":{"allow":["GET"]}}],"collection":[{"href":"https:\/\/roveyayinevi.com.tr\/index.php\/wp-json\/wp\/v2\/product"}],"about":[{"href":"https:\/\/roveyayinevi.com.tr\/index.php\/wp-json\/wp\/v2\/types\/product"}],"wp:attachment":[{"href":"https:\/\/roveyayinevi.com.tr\/index.php\/wp-json\/wp\/v2\/media?parent=748634"}],"wp:term":[{"taxonomy":"product_brand","embeddable":true,"href":"https:\/\/roveyayinevi.com.tr\/index.php\/wp-json\/wp\/v2\/product_brand?post=748634"},{"taxonomy":"product_cat","embeddable":true,"href":"https:\/\/roveyayinevi.com.tr\/index.php\/wp-json\/wp\/v2\/product_cat?post=748634"},{"taxonomy":"product_tag","embeddable":true,"href":"https:\/\/roveyayinevi.com.tr\/index.php\/wp-json\/wp\/v2\/product_tag?post=748634"}],"curies":[{"name":"wp","href":"https:\/\/api.w.org\/{rel}","templated":true}]}}