{"id":748633,"date":"2025-08-28T03:36:00","date_gmt":"2025-08-28T00:36:00","guid":{"rendered":"https:\/\/roveyayinevi.com.tr\/index.php\/urun\/focateyn\/"},"modified":"2026-04-16T03:01:17","modified_gmt":"2026-04-16T00:01:17","slug":"focateyn","status":"publish","type":"product","link":"https:\/\/roveyayinevi.com.tr\/index.php\/urun\/focateyn\/","title":{"rendered":"Fo\u00e7ateyn"},"content":{"rendered":"<p>\u0130mparatorluklar\u0131n yerini bag\u0306\u0131ms\u0131z ulus-devletlerin almaya bas\u0327lad\u0131g\u0306\u0131 su\u0308rec\u0327te Osmanl\u0131 I\u0307mparatorlug\u0306u\u2019nun c\u0327es\u0327itli inanc\u0327 ve etnik gruplar\u0131ndan olus\u0327an nu\u0308fusu, merkezinde go\u0308c\u0327 ve s\u0327iddetin yer ald\u0131g\u0306\u0131, gu\u0308nu\u0308mu\u0308z ic\u0327in belirleyici bir do\u0308nu\u0308s\u0327u\u0308mden gec\u0327ti. Foc\u0327ateyn, imparatorluktan cumhuriyete do\u0308nu\u0308s\u0327u\u0308mu\u0308n toplumsal tarihini Foc\u0327a\u2019n\u0131n yerel tarihi u\u0308zerinden ele al\u0131yor. Yu\u0308zy\u0131llar boyunca ic\u0327 ic\u0327e yas\u0327ayan gruplar\u0131n birbirlerinden ayr\u0131s\u0327t\u0131r\u0131lmas\u0131, c\u0327izilen yeni s\u0131n\u0131rlar\u0131n sonuc\u0327lar\u0131, zorunlu go\u0308c\u0327, homojen nu\u0308fus politikalar\u0131 taraf\u0131ndan s\u0327ekillendirilen Foc\u0327a, 19. yu\u0308zy\u0131ldan 20. yu\u0308zy\u0131la gec\u0327is\u0327in toplumsal vec\u0327helerinin incelenmesi ic\u0327in o\u0308rnek bir cog\u0306rafya is\u0327levi go\u0308ru\u0308yor. Bu do\u0308nu\u0308s\u0327u\u0308mleri Foc\u0327a\u2019yla s\u0131n\u0131rland\u0131rmay\u0131p du\u0308nya tarihinin bir parc\u0327as\u0131 olarak, ilk kez kullan\u0131lan belgelerin yan\u0131 s\u0131ra kis\u0327isel tan\u0131kl\u0131klardan da yararlanarak inceleyen Emre Erol, gu\u0308nu\u0308mu\u0308z du\u0308nyas\u0131nda o\u0308nemli bir yer tutan go\u0308c\u0327 olgusunu tarihselles\u0327tirerek tart\u0131s\u0327maya ac\u0327\u0131yor. \u201cGec\u0327mis\u0327e farkl\u0131 bir yerden bakmak istiyorsak,is\u0327e her gu\u0308n go\u0308rdu\u0308g\u0306u\u0308mu\u0308z ve olag\u0306an sayd\u0131g\u0306\u0131m\u0131z izlerle ilgili basit sorular sorarak bas\u0327layabiliriz: (&#8230;) Eski Foc\u0327a\u2019n\u0131n s\u0327imdiki zaman\u0131 ne zaman olus\u0327tu? Osmanl\u0131 Makedonyas\u0131, Ege Adalar\u0131 ve Bat\u0131 Anadolu\u2019daki bir sahil kasabas\u0131 gibi u\u0308c\u0327 farkl\u0131 cog\u0306rafyan\u0131n insanlar\u0131n\u0131n hayatlar\u0131n\u0131 kesis\u0327tiren olaylar nelerdi? Eski Foc\u0327a\u2019n\u0131n gec\u0327irdig\u0306i bu\u0308yu\u0308k do\u0308nu\u0308s\u0327u\u0308mler ve bunlar\u0131n beraberinde getirdig\u0306i demografik deg\u0306is\u0327imler insanl\u0131k tarihinin nevi s\u0327ahs\u0131na mu\u0308nhas\u0131r bir detay\u0131 m\u0131d\u0131r, yoksa bu\u0308tu\u0308n ic\u0327erisinde anlaml\u0131 bir yere oturtulabilir mi?<\/p>\n","protected":false},"excerpt":{"rendered":"<p>\u0130mparatorluklar\u0131n yerini bag\u0306\u0131ms\u0131z ulus-devletlerin almaya bas\u0327lad\u0131g\u0306\u0131 su\u0308rec\u0327te Osmanl\u0131 I\u0307mparatorlug\u0306u\u2019nun c\u0327es\u0327itli inanc\u0327 ve etnik gruplar\u0131ndan olus\u0327an nu\u0308fusu, merkezinde go\u0308c\u0327 ve s\u0327iddetin yer ald\u0131g\u0306\u0131, gu\u0308nu\u0308mu\u0308z ic\u0327in belirleyici bir<span class=\"excerpt-hellip\"> [\u2026]<\/span><\/p>\n","protected":false},"featured_media":0,"template":"","meta":{"_monsterinsights_skip_tracking":false,"_monsterinsights_sitenote_active":false,"_monsterinsights_sitenote_note":"","_monsterinsights_sitenote_category":0},"product_brand":[],"product_cat":[12370,12304],"product_tag":[],"class_list":{"0":"post-748633","1":"product","2":"type-product","3":"status-publish","5":"product_cat-arastirma-inceleme","6":"product_cat-tarih","7":"pa_cilt-ciltsiz","8":"pa_tur-kitap","9":"pa_yayinevi-iletisim-yayinlari","10":"pa_yazar-emre-erol","12":"first","13":"instock","14":"sale","15":"shipping-taxable","16":"purchasable","17":"product-type-simple"},"_links":{"self":[{"href":"https:\/\/roveyayinevi.com.tr\/index.php\/wp-json\/wp\/v2\/product\/748633","targetHints":{"allow":["GET"]}}],"collection":[{"href":"https:\/\/roveyayinevi.com.tr\/index.php\/wp-json\/wp\/v2\/product"}],"about":[{"href":"https:\/\/roveyayinevi.com.tr\/index.php\/wp-json\/wp\/v2\/types\/product"}],"wp:attachment":[{"href":"https:\/\/roveyayinevi.com.tr\/index.php\/wp-json\/wp\/v2\/media?parent=748633"}],"wp:term":[{"taxonomy":"product_brand","embeddable":true,"href":"https:\/\/roveyayinevi.com.tr\/index.php\/wp-json\/wp\/v2\/product_brand?post=748633"},{"taxonomy":"product_cat","embeddable":true,"href":"https:\/\/roveyayinevi.com.tr\/index.php\/wp-json\/wp\/v2\/product_cat?post=748633"},{"taxonomy":"product_tag","embeddable":true,"href":"https:\/\/roveyayinevi.com.tr\/index.php\/wp-json\/wp\/v2\/product_tag?post=748633"}],"curies":[{"name":"wp","href":"https:\/\/api.w.org\/{rel}","templated":true}]}}