{"id":748630,"date":"2025-08-28T03:35:56","date_gmt":"2025-08-28T00:35:56","guid":{"rendered":"https:\/\/roveyayinevi.com.tr\/index.php\/urun\/mercan-adasi-10\/"},"modified":"2026-04-16T03:01:17","modified_gmt":"2026-04-16T00:01:17","slug":"mercan-adasi-10","status":"publish","type":"product","link":"https:\/\/roveyayinevi.com.tr\/index.php\/urun\/mercan-adasi-10\/","title":{"rendered":"Mercan Adas\u0131"},"content":{"rendered":"<p>Ali Benice \u00e7evirisi, Murat Belge\u2019nin \u00f6ns\u00f6z\u00fc, Yazar ve d\u00f6nem kronolojisi, Kitaba dair g\u00f6rsellerle. Mercan Adas\u0131, bir ser\u00fcven hik\u00e2yesi anlatman\u0131n yan\u0131nda Viktorya d\u00f6nemindeki kolonyal sistemi ve H\u0131ristiyanl\u0131\u011f\u0131n yay\u0131l\u0131\u015f\u0131n\u0131 da ele alan bir ba\u015fyap\u0131t. \u015eiddetli bir f\u0131rt\u0131na y\u00fcz\u00fcnden gemileri batan Ralph, Jack ve Peterkin bir adaya s\u0131\u011f\u0131n\u0131r. Hayatta kald\u0131klar\u0131na sevinmeye f\u0131rsat bulamadan, buran\u0131n bir \u0131ss\u0131z ada oldu\u011funu anlamalar\u0131yla daha \u00e7etin bir hayatta kalma m\u00fccadelesi ba\u015flar. Bal\u0131k avlamakla, sandal yapmakla ge\u00e7en g\u00fcnler, adalar\u0131n\u0131 bir cennete \u00e7evirmeleriyle yerini mercan resiflerinde keyif \u00e7atmaya, dalg\u0131\u00e7l\u0131k yap\u0131p suyun alt\u0131ndaki g\u00fczellikleri ke\u015ffetmeye b\u0131rak\u0131r. Fakat adaya korsanlar\u0131n gelmesiyle cennetleri bir anda cehenneme d\u00f6ner. Mercan Adas\u0131\u2019n\u0131n \u00fcn\u00fc, edebiyat tarihinde s\u0131kl\u0131kla rastlanan Robinsonadlar\u0131n en \u00f6zg\u00fcn \u00f6rneklerinden biri olmas\u0131yla ve Ballantyne\u2019\u0131n keskin betimleme g\u00fcc\u00fc sayesinde g\u00fcn\u00fcm\u00fcze kadar ula\u015f\u0131yor. \u201cBallantyne bize b\u00fcy\u00fck keyifler bah\u015feden ve \u00e7ocukluk d\u00f6nemini hepimiz i\u00e7in ho\u015f zamanlara \u00e7eviren bir yazard\u0131r.\u201d ROBERT LOUIS STEVENSOND\u00fcnya edebiyat\u0131n\u0131n ba\u015fyap\u0131tlar\u0131 \u0130leti\u015fim Klasikleri dizisinde! \u0130leti\u015fim Yay\u0131nlar\u0131, Murat Belge y\u00f6netiminde edebiyat klasikleri yay\u0131mlamaya devam ediyor. \u0130leti\u015fim Klasikleri dizisinden \u00e7\u0131kan kitaplar, edebiyata kar\u015f\u0131 sorumlulu\u011fu okuma zevkiyle bulu\u015fturan bir anlay\u0131\u015fla haz\u0131rlan\u0131yor. Eserler orijinal dillerinden ve tam metin \u00e7evirileriyle yay\u0131ma haz\u0131rlan\u0131rken, ana metne e\u015flik eden ve yetkin isimlerin yazd\u0131\u011f\u0131 \u00f6ns\u00f6z ve sons\u00f6zlere yer veriliyor. Ayr\u0131ca her kitab\u0131n ba\u015f\u0131nda, yazar\u0131n hayat\u0131na ve ya\u015fad\u0131\u011f\u0131 d\u00f6neme \u0131\u015f\u0131k tutan bir kronoloji bulunuyor. \u0130leti\u015fim Klasikleri\u2019nin i\u00e7eri\u011fi eserin ilk bask\u0131 kapa\u011f\u0131, el yazmas\u0131ndan \u00f6rnek sayfalar, haritalar ve \u00f6zel \u00e7izimlerle zenginle\u015ftiriliyor. Diziye \u00f6zel olarak haz\u0131rlanan kapak tasar\u0131m\u0131nda ise, resim tarihinden \u00f6zenle se\u00e7ilmi\u015f g\u00f6rseller kullan\u0131l\u0131yor.Zengin bir i\u00e7erikle haz\u0131rlanan \u0130leti\u015fim Klasikleri dizisi, g\u00fcvenilir ve \u00f6zenli bir edisyonla okurla bulu\u015furken, alan\u0131nda referans kaynaklar sunuyor.<\/p>\n","protected":false},"excerpt":{"rendered":"<p>Ali Benice \u00e7evirisi, Murat Belge\u2019nin \u00f6ns\u00f6z\u00fc, Yazar ve d\u00f6nem kronolojisi, Kitaba dair g\u00f6rsellerle. Mercan Adas\u0131, bir ser\u00fcven hik\u00e2yesi anlatman\u0131n yan\u0131nda Viktorya d\u00f6nemindeki kolonyal sistemi ve H\u0131ristiyanl\u0131\u011f\u0131n<span class=\"excerpt-hellip\"> [\u2026]<\/span><\/p>\n","protected":false},"featured_media":0,"template":"","meta":{"_monsterinsights_skip_tracking":false,"_monsterinsights_sitenote_active":false,"_monsterinsights_sitenote_note":"","_monsterinsights_sitenote_category":0},"product_brand":[],"product_cat":[12291,12711],"product_tag":[],"class_list":{"0":"post-748630","1":"product","2":"type-product","3":"status-publish","5":"product_cat-edebiyat","6":"product_cat-roman-oyku","7":"pa_cilt-ciltsiz","8":"pa_tur-kitap","9":"pa_yayinevi-iletisim-yayinlari","10":"pa_yazar-robert-michael-ballantyne","12":"first","13":"instock","14":"sale","15":"shipping-taxable","16":"purchasable","17":"product-type-simple"},"_links":{"self":[{"href":"https:\/\/roveyayinevi.com.tr\/index.php\/wp-json\/wp\/v2\/product\/748630","targetHints":{"allow":["GET"]}}],"collection":[{"href":"https:\/\/roveyayinevi.com.tr\/index.php\/wp-json\/wp\/v2\/product"}],"about":[{"href":"https:\/\/roveyayinevi.com.tr\/index.php\/wp-json\/wp\/v2\/types\/product"}],"wp:attachment":[{"href":"https:\/\/roveyayinevi.com.tr\/index.php\/wp-json\/wp\/v2\/media?parent=748630"}],"wp:term":[{"taxonomy":"product_brand","embeddable":true,"href":"https:\/\/roveyayinevi.com.tr\/index.php\/wp-json\/wp\/v2\/product_brand?post=748630"},{"taxonomy":"product_cat","embeddable":true,"href":"https:\/\/roveyayinevi.com.tr\/index.php\/wp-json\/wp\/v2\/product_cat?post=748630"},{"taxonomy":"product_tag","embeddable":true,"href":"https:\/\/roveyayinevi.com.tr\/index.php\/wp-json\/wp\/v2\/product_tag?post=748630"}],"curies":[{"name":"wp","href":"https:\/\/api.w.org\/{rel}","templated":true}]}}