{"id":748628,"date":"2025-08-28T03:35:39","date_gmt":"2025-08-28T00:35:39","guid":{"rendered":"https:\/\/roveyayinevi.com.tr\/index.php\/urun\/osmanli-padisahlari-10-kitap\/"},"modified":"2026-01-21T03:32:56","modified_gmt":"2026-01-21T00:32:56","slug":"osmanli-padisahlari-10-kitap","status":"publish","type":"product","link":"https:\/\/roveyayinevi.com.tr\/index.php\/urun\/osmanli-padisahlari-10-kitap\/","title":{"rendered":"Osmanl\u0131 Padi\u015fahlar\u0131 (10 Kitap)"},"content":{"rendered":"<p>Set \u0130\u00e7erisinde Bulunan Kitaplar 1) Osman Gazi 2)  Orhan Gazi 3) Birinci Murad 4) Y\u0131ld\u0131r\u0131m Beyaz\u0131d  5) \u00c7elebi Mehmed 6) \u0130kinci Murad 7) Fatih Sultan Mehmed 8) Yavuz Sultan Selim 9) Kanuni Sultan S\u00fcleyman 10) Sultan Abdulhamid Han <\/p>\n","protected":false},"excerpt":{"rendered":"<p>Set \u0130\u00e7erisinde Bulunan Kitaplar 1) Osman Gazi 2) Orhan Gazi 3) Birinci Murad 4) Y\u0131ld\u0131r\u0131m Beyaz\u0131d 5) \u00c7elebi Mehmed 6) \u0130kinci Murad 7) Fatih Sultan Mehmed<span class=\"excerpt-hellip\"> [\u2026]<\/span><\/p>\n","protected":false},"featured_media":0,"template":"","meta":{"_monsterinsights_skip_tracking":false,"_monsterinsights_sitenote_active":false,"_monsterinsights_sitenote_note":"","_monsterinsights_sitenote_category":0},"product_brand":[],"product_cat":[13946,12304],"product_tag":[],"class_list":{"0":"post-748628","1":"product","2":"type-product","3":"status-publish","5":"product_cat-biyografi-otobiyografi","6":"product_cat-tarih","7":"pa_cilt-ciltsiz","8":"pa_tur-kitap","9":"pa_yayinevi-nesil-yayinlari","10":"pa_yazar-yavuz-bahadiroglu","12":"first","13":"instock","14":"sale","15":"shipping-taxable","16":"purchasable","17":"product-type-simple"},"_links":{"self":[{"href":"https:\/\/roveyayinevi.com.tr\/index.php\/wp-json\/wp\/v2\/product\/748628","targetHints":{"allow":["GET"]}}],"collection":[{"href":"https:\/\/roveyayinevi.com.tr\/index.php\/wp-json\/wp\/v2\/product"}],"about":[{"href":"https:\/\/roveyayinevi.com.tr\/index.php\/wp-json\/wp\/v2\/types\/product"}],"wp:attachment":[{"href":"https:\/\/roveyayinevi.com.tr\/index.php\/wp-json\/wp\/v2\/media?parent=748628"}],"wp:term":[{"taxonomy":"product_brand","embeddable":true,"href":"https:\/\/roveyayinevi.com.tr\/index.php\/wp-json\/wp\/v2\/product_brand?post=748628"},{"taxonomy":"product_cat","embeddable":true,"href":"https:\/\/roveyayinevi.com.tr\/index.php\/wp-json\/wp\/v2\/product_cat?post=748628"},{"taxonomy":"product_tag","embeddable":true,"href":"https:\/\/roveyayinevi.com.tr\/index.php\/wp-json\/wp\/v2\/product_tag?post=748628"}],"curies":[{"name":"wp","href":"https:\/\/api.w.org\/{rel}","templated":true}]}}