{"id":748625,"date":"2025-08-28T03:35:35","date_gmt":"2025-08-28T00:35:35","guid":{"rendered":"https:\/\/roveyayinevi.com.tr\/index.php\/urun\/akilli-dusunme-kitabi\/"},"modified":"2026-04-16T03:01:17","modified_gmt":"2026-04-16T00:01:17","slug":"akilli-dusunme-kitabi","status":"publish","type":"product","link":"https:\/\/roveyayinevi.com.tr\/index.php\/urun\/akilli-dusunme-kitabi\/","title":{"rendered":"Ak\u0131ll\u0131 D\u00fc\u015f\u00fcnme Kitab\u0131"},"content":{"rendered":"<p>AKILLI D\u00dc\u015e\u00dcNMEK, ARTIK \u00c7OK KOLAY!   Ak\u0131ll\u0131 D\u00fc\u015f\u00fcnme Kitab\u0131, k\u0131sa s\u00fcrede b\u00fcy\u00fck hamleler ger\u00e7ekle\u015ftirmenizi sa\u011flayacak yetmi\u015fi a\u015fk\u0131n \u00f6zl\u00fc teknikleriyle elinizde! B\u00fcy\u00fcme, ileti\u015fim, yenilik, yarat\u0131c\u0131l\u0131k, ili\u015fkiler ve d\u00fc\u015f\u00fcnme alanlar\u0131n\u0131n her biri i\u00e7in on iki etkili y\u00f6ntem sunan bu kitab\u0131, bir saatte okuyacak ve yeni stratejiler geli\u015ftireceksiniz. Yedi dile \u00e7evrilen ve d\u00fcnya \u00e7ap\u0131nda 250.000\u2019den fazla satan Ak\u0131ll\u0131 D\u00fc\u015f\u00fcnme Kitab\u0131 ile ba\u015far\u0131 art\u0131k \u00e7ok yak\u0131n!   KEVIN DUNCAN, bir i\u015f dan\u0131\u015fman\u0131 ve pazarlama uzman\u0131d\u0131r. Kitaplar\u0131 on ikiden fazla dile terc\u00fcme edilen Duncan\u2019\u0131n Ak\u0131ll\u0131 D\u00fc\u015f\u00fcnme Kitab\u0131\u2019n\u0131n yan\u0131 s\u0131ra Fikirler Kitab\u0131 da T\u00fcrk\u00e7eye \u00e7evrilmi\u015ftir. Daha fazla bilgi i\u00e7in thesmartthinkingbook.com. adresini ziyaret edebilirsiniz.    \u201cAkl\u0131n\u0131z\u0131 h\u0131zl\u0131 bir ko\u015fuya \u00e7\u0131karmak istedi\u011finizde Ak\u0131ll\u0131 D\u00fc\u015f\u00fcnme Kitab\u0131\u2019n\u0131 protein olarak yan\u0131n\u0131za al\u0131n!\u201d \u2013Richard Hytner Ba\u015fkan Yard\u0131mc\u0131s\u0131, Saatchi &amp; Saatchi Worldwide \u201c\u0130\u015fin ne kadar basit olabilece\u011fini unutan hepimize ila\u00e7 gibi gelecek \u00f6nemli bir kitap. Etkili + Canl\u0131 = Tazeleyici!\u201d \u2013Chris Bar\u00e9z-Brown Upping Your Elvis\u2019in Kurucusu ve Shine and Free kitaplar\u0131n\u0131n yazar\u0131 \u201c\u00c7o\u011fu i\u015f kitab\u0131, birka\u00e7 iyi fikir d\u0131\u015f\u0131nda bir s\u00fcr\u00fc l\u00fczumsuz meselelerle doludur. Oysa bu kitapta durum tam tersi. Hangisini tercih edersiniz?\u201d \u2013Euan Semple Organizations Don\u2019t Tweet, People Do kitab\u0131n\u0131n yazar\u0131   <\/p>\n","protected":false},"excerpt":{"rendered":"<p>AKILLI D\u00dc\u015e\u00dcNMEK, ARTIK \u00c7OK KOLAY! Ak\u0131ll\u0131 D\u00fc\u015f\u00fcnme Kitab\u0131, k\u0131sa s\u00fcrede b\u00fcy\u00fck hamleler ger\u00e7ekle\u015ftirmenizi sa\u011flayacak yetmi\u015fi a\u015fk\u0131n \u00f6zl\u00fc teknikleriyle elinizde! B\u00fcy\u00fcme, ileti\u015fim, yenilik, yarat\u0131c\u0131l\u0131k, ili\u015fkiler ve d\u00fc\u015f\u00fcnme<span class=\"excerpt-hellip\"> [\u2026]<\/span><\/p>\n","protected":false},"featured_media":0,"template":"","meta":{"_monsterinsights_skip_tracking":false,"_monsterinsights_sitenote_active":false,"_monsterinsights_sitenote_note":"","_monsterinsights_sitenote_category":0},"product_brand":[],"product_cat":[12364,12376],"product_tag":[],"class_list":{"0":"post-748625","1":"product","2":"type-product","3":"status-publish","5":"product_cat-genel-konular","6":"product_cat-kisisel-gelisim","7":"pa_cilt-ciltsiz","8":"pa_tur-kitap","9":"pa_yayinevi-mona-kitap","10":"pa_yazar-kevin-duncan","12":"first","13":"instock","14":"sale","15":"shipping-taxable","16":"purchasable","17":"product-type-simple"},"_links":{"self":[{"href":"https:\/\/roveyayinevi.com.tr\/index.php\/wp-json\/wp\/v2\/product\/748625","targetHints":{"allow":["GET"]}}],"collection":[{"href":"https:\/\/roveyayinevi.com.tr\/index.php\/wp-json\/wp\/v2\/product"}],"about":[{"href":"https:\/\/roveyayinevi.com.tr\/index.php\/wp-json\/wp\/v2\/types\/product"}],"wp:attachment":[{"href":"https:\/\/roveyayinevi.com.tr\/index.php\/wp-json\/wp\/v2\/media?parent=748625"}],"wp:term":[{"taxonomy":"product_brand","embeddable":true,"href":"https:\/\/roveyayinevi.com.tr\/index.php\/wp-json\/wp\/v2\/product_brand?post=748625"},{"taxonomy":"product_cat","embeddable":true,"href":"https:\/\/roveyayinevi.com.tr\/index.php\/wp-json\/wp\/v2\/product_cat?post=748625"},{"taxonomy":"product_tag","embeddable":true,"href":"https:\/\/roveyayinevi.com.tr\/index.php\/wp-json\/wp\/v2\/product_tag?post=748625"}],"curies":[{"name":"wp","href":"https:\/\/api.w.org\/{rel}","templated":true}]}}