{"id":748623,"date":"2025-08-28T03:35:32","date_gmt":"2025-08-28T00:35:32","guid":{"rendered":"https:\/\/roveyayinevi.com.tr\/index.php\/urun\/icimdeki-mezarlik\/"},"modified":"2026-04-16T03:01:17","modified_gmt":"2026-04-16T00:01:17","slug":"icimdeki-mezarlik","status":"publish","type":"product","link":"https:\/\/roveyayinevi.com.tr\/index.php\/urun\/icimdeki-mezarlik\/","title":{"rendered":"\u0130\u00e7imdeki Mezarl\u0131k"},"content":{"rendered":"<p>\u2018\u015eiir tek ki\u015filik bir zevktir yaln\u0131zl\u0131\u011f\u0131n sanat\u0131d\u0131r\u2019 demi\u015f Jeffrey Moore.  Kalpten ne geliyorsa kaleme o d\u00f6k\u00fcl\u00fcr. Konu\u015famad\u0131klar\u0131m\u0131z\u0131 ya da anlatmak istediklerimizi anlatamay\u0131p ka\u011f\u0131da d\u00f6kme sanat\u0131d\u0131r. Bazen g\u00f6zya\u015f\u0131 damlalar\u0131n\u0131 bazen mutlulu\u011funu d\u00f6kersin sayfalara, inci gibi dizersin b\u00fcy\u00fck bir \u00f6zenle yan yana. Ad\u0131na \u015fiir dersin, ruhumuzun almas\u0131 gereken en g\u00fczel g\u0131dad\u0131r \u015fiir. Sanat\u0131n en mahzun halidir. Ben ilk okul y\u0131llar\u0131mda \u015fiire merak sard\u0131m ve evrende ya\u015fan\u0131lm\u0131\u015f b\u00fct\u00fcn isyanlar\u0131n, sitemlerin duygular\u0131n, h\u00fcz\u00fcnlerin b\u00fct\u00fcn halini kaleme ald\u0131m. Keyifle okuyaca\u011f\u0131n\u0131z bir \u015fiir kitab\u0131 yazd\u0131m, \u015fiir sevenlere keyifli okumalar diliyorum. <\/p>\n","protected":false},"excerpt":{"rendered":"<p>\u2018\u015eiir tek ki\u015filik bir zevktir yaln\u0131zl\u0131\u011f\u0131n sanat\u0131d\u0131r\u2019 demi\u015f Jeffrey Moore. Kalpten ne geliyorsa kaleme o d\u00f6k\u00fcl\u00fcr. Konu\u015famad\u0131klar\u0131m\u0131z\u0131 ya da anlatmak istediklerimizi anlatamay\u0131p ka\u011f\u0131da d\u00f6kme sanat\u0131d\u0131r. Bazen<span class=\"excerpt-hellip\"> [\u2026]<\/span><\/p>\n","protected":false},"featured_media":0,"template":"","meta":{"_monsterinsights_skip_tracking":false,"_monsterinsights_sitenote_active":false,"_monsterinsights_sitenote_note":"","_monsterinsights_sitenote_category":0},"product_brand":[],"product_cat":[12291,12509],"product_tag":[],"class_list":{"0":"post-748623","1":"product","2":"type-product","3":"status-publish","5":"product_cat-edebiyat","6":"product_cat-siir","7":"pa_cilt-ciltsiz","8":"pa_tur-kitap","9":"pa_yayinevi-karavan-yayinevi","10":"pa_yazar-emine-ocakli","12":"first","13":"instock","14":"sale","15":"shipping-taxable","16":"purchasable","17":"product-type-simple"},"_links":{"self":[{"href":"https:\/\/roveyayinevi.com.tr\/index.php\/wp-json\/wp\/v2\/product\/748623","targetHints":{"allow":["GET"]}}],"collection":[{"href":"https:\/\/roveyayinevi.com.tr\/index.php\/wp-json\/wp\/v2\/product"}],"about":[{"href":"https:\/\/roveyayinevi.com.tr\/index.php\/wp-json\/wp\/v2\/types\/product"}],"wp:attachment":[{"href":"https:\/\/roveyayinevi.com.tr\/index.php\/wp-json\/wp\/v2\/media?parent=748623"}],"wp:term":[{"taxonomy":"product_brand","embeddable":true,"href":"https:\/\/roveyayinevi.com.tr\/index.php\/wp-json\/wp\/v2\/product_brand?post=748623"},{"taxonomy":"product_cat","embeddable":true,"href":"https:\/\/roveyayinevi.com.tr\/index.php\/wp-json\/wp\/v2\/product_cat?post=748623"},{"taxonomy":"product_tag","embeddable":true,"href":"https:\/\/roveyayinevi.com.tr\/index.php\/wp-json\/wp\/v2\/product_tag?post=748623"}],"curies":[{"name":"wp","href":"https:\/\/api.w.org\/{rel}","templated":true}]}}