{"id":748622,"date":"2025-08-28T03:35:31","date_gmt":"2025-08-28T00:35:31","guid":{"rendered":"https:\/\/roveyayinevi.com.tr\/index.php\/urun\/cocukca-ramazan-takvimi\/"},"modified":"2026-04-16T03:01:17","modified_gmt":"2026-04-16T00:01:17","slug":"cocukca-ramazan-takvimi","status":"publish","type":"product","link":"https:\/\/roveyayinevi.com.tr\/index.php\/urun\/cocukca-ramazan-takvimi\/","title":{"rendered":"\u00c7ocuk\u00e7a Ramazan Takvimi"},"content":{"rendered":"<p>Bu takvimle ramazan\u0131n bereketi, huzuru, payla\u015fma duygusu, an\u0131lar\u0131 \u00e7ocu\u011fun kalbinde yeti\u015fkinli\u011fe uzanan bir k\u00f6pr\u00fc olsun istedik. En b\u00fcy\u00fck arzumuz eski ramazanlar\u0131 ve \u015fimdiki ramazanlar\u0131 dualarla, bilmecelerle, ayetlerle ve hadislerle birbirine ba\u011flamak. Bu sayede \u00e7ocuklar\u0131n ad\u0131m ad\u0131m ve duyarl\u0131l\u0131kla din\u00ee kavramlar\u0131 \u00f6\u011frenmesine katk\u0131 sa\u011flamak. \u0130ki g\u00fczel \u015fey bir araya geliyor bu takvimde; \u00e7ocuk ve ramazan\u2026 \u0130ki g\u00fczel \u015fey bir araya gelir de orada tebess\u00fcm, muhabbet, huzur olmaz m\u0131? \u015eimdi \u00e7evirin takvimin sayfalar\u0131n\u0131, bu ramazan size \u00e7ocuk safl\u0131\u011f\u0131, temizli\u011fi ve muhabbetiyle gelsin. Hem de her defas\u0131nda. <\/p>\n","protected":false},"excerpt":{"rendered":"<p>Bu takvimle ramazan\u0131n bereketi, huzuru, payla\u015fma duygusu, an\u0131lar\u0131 \u00e7ocu\u011fun kalbinde yeti\u015fkinli\u011fe uzanan bir k\u00f6pr\u00fc olsun istedik. En b\u00fcy\u00fck arzumuz eski ramazanlar\u0131 ve \u015fimdiki ramazanlar\u0131 dualarla, bilmecelerle,<span class=\"excerpt-hellip\"> [\u2026]<\/span><\/p>\n","protected":false},"featured_media":0,"template":"","meta":{"_monsterinsights_skip_tracking":false,"_monsterinsights_sitenote_active":false,"_monsterinsights_sitenote_note":"","_monsterinsights_sitenote_category":0},"product_brand":[],"product_cat":[28265,15563],"product_tag":[],"class_list":{"0":"post-748622","1":"product","2":"type-product","3":"status-publish","5":"product_cat-diger-hobi","6":"product_cat-hobi","7":"pa_cilt-ciltsiz","8":"pa_tur-kitap","9":"pa_yayinevi-nesil-cocuk-yayinlari","10":"pa_yazar-havva-irmak","12":"first","13":"instock","14":"sale","15":"shipping-taxable","16":"purchasable","17":"product-type-simple"},"_links":{"self":[{"href":"https:\/\/roveyayinevi.com.tr\/index.php\/wp-json\/wp\/v2\/product\/748622","targetHints":{"allow":["GET"]}}],"collection":[{"href":"https:\/\/roveyayinevi.com.tr\/index.php\/wp-json\/wp\/v2\/product"}],"about":[{"href":"https:\/\/roveyayinevi.com.tr\/index.php\/wp-json\/wp\/v2\/types\/product"}],"wp:attachment":[{"href":"https:\/\/roveyayinevi.com.tr\/index.php\/wp-json\/wp\/v2\/media?parent=748622"}],"wp:term":[{"taxonomy":"product_brand","embeddable":true,"href":"https:\/\/roveyayinevi.com.tr\/index.php\/wp-json\/wp\/v2\/product_brand?post=748622"},{"taxonomy":"product_cat","embeddable":true,"href":"https:\/\/roveyayinevi.com.tr\/index.php\/wp-json\/wp\/v2\/product_cat?post=748622"},{"taxonomy":"product_tag","embeddable":true,"href":"https:\/\/roveyayinevi.com.tr\/index.php\/wp-json\/wp\/v2\/product_tag?post=748622"}],"curies":[{"name":"wp","href":"https:\/\/api.w.org\/{rel}","templated":true}]}}