{"id":748620,"date":"2025-08-28T03:35:29","date_gmt":"2025-08-28T00:35:29","guid":{"rendered":"https:\/\/roveyayinevi.com.tr\/index.php\/urun\/bebek-kitabi\/"},"modified":"2026-04-16T03:01:17","modified_gmt":"2026-04-16T00:01:17","slug":"bebek-kitabi","status":"publish","type":"product","link":"https:\/\/roveyayinevi.com.tr\/index.php\/urun\/bebek-kitabi\/","title":{"rendered":"Bebek Kitab\u0131"},"content":{"rendered":"<p>Bir milyon kopyadan fazla satan Bebek Kitab\u0131, bebek bezinden yenido\u011fan bak\u0131m\u0131na, ebelikten hastanelerdeki do\u011fum odalar\u0131na, do\u011fum sonras\u0131 beslenmeden bebeklerin geli\u015fim farkl\u0131l\u0131klar\u0131na kadar bir\u00e7ok konuya de\u011finiyor. Searslar, bebek bak\u0131m\u0131yla ilgili akla gelebilecek neredeyse her konuyla ilgili kapsaml\u0131 bilgi sa\u011flamak i\u00e7in hem t\u0131p uzmanlar\u0131 hem de ebeveynler olarak bizlere engin deneyimlerini aktar\u0131yor. Bebek Kitab\u0131, g\u00fcn\u00fcm\u00fcz\u00fcn ebeveynlerini en \u00e7ok ilgilendiren sorular\u0131 ele al\u0131rken bebeklerin temel ihtiya\u00e7lar\u0131na -yemek yeme, uyuma, geli\u015fme, sa\u011fl\u0131k ve rahatl\u0131k- odaklan\u0131yor. Ele al\u0131nan baz\u0131 konular \u015f\u00f6yle:   \u2022    G\u00fcvenli ve sa\u011fl\u0131kl\u0131 bir do\u011fum i\u00e7in haz\u0131rlanmak \u2022    Bebe\u011finizle ba\u011f kurmak \u2022    Bebe\u011finizi do\u011fru beslemek \u2022    Yayg\u0131n hastal\u0131klar\u0131n tedavisi \u2022    \u00d6fke n\u00f6betleriyle ba\u015fa \u00e7\u0131kmak \u2022    Tuvalet e\u011fitimi \u2022    \u0130lkyard\u0131m prosed\u00fcrleri \u2022    Ve \u00e7ok daha fazlas\u0131!   Kapsam\u0131 ve yeterlili\u011fi bak\u0131m\u0131ndan rakipsiz olan Bebek Kitab\u0131, bug\u00fcnk\u00fc ya\u015fama tarz\u0131m\u0131za uygun, \u00e7a\u011fda\u015f bir ebeveynlik yakla\u015f\u0131m\u0131 sunuyor. Searslar, bir bebe\u011fe ebeveynlik yapman\u0131n tek bir yolu olmad\u0131\u011f\u0131n\u0131 kabul ediyor ve size \u00e7ocu\u011funuz i\u00e7in en uygun ebeveynlik tarz\u0131n\u0131 geli\u015ftirebilmeniz i\u00e7in temel rehberli\u011fi sa\u011fl\u0131yor<\/p>\n","protected":false},"excerpt":{"rendered":"<p>Bir milyon kopyadan fazla satan Bebek Kitab\u0131, bebek bezinden yenido\u011fan bak\u0131m\u0131na, ebelikten hastanelerdeki do\u011fum odalar\u0131na, do\u011fum sonras\u0131 beslenmeden bebeklerin geli\u015fim farkl\u0131l\u0131klar\u0131na kadar bir\u00e7ok konuya de\u011finiyor. Searslar,<span class=\"excerpt-hellip\"> [\u2026]<\/span><\/p>\n","protected":false},"featured_media":0,"template":"","meta":{"_monsterinsights_skip_tracking":false,"_monsterinsights_sitenote_active":false,"_monsterinsights_sitenote_note":"","_monsterinsights_sitenote_category":0},"product_brand":[],"product_cat":[14902,13365],"product_tag":[],"class_list":{"0":"post-748620","1":"product","2":"type-product","3":"status-publish","5":"product_cat-annelik-ve-cocuk-bakimi","6":"product_cat-saglik","7":"pa_cilt-ciltsiz","8":"pa_tur-kitap","9":"pa_yayinevi-yakamoz-yayinevi","10":"pa_yazar-kolektif","12":"first","13":"instock","14":"sale","15":"shipping-taxable","16":"purchasable","17":"product-type-simple"},"_links":{"self":[{"href":"https:\/\/roveyayinevi.com.tr\/index.php\/wp-json\/wp\/v2\/product\/748620","targetHints":{"allow":["GET"]}}],"collection":[{"href":"https:\/\/roveyayinevi.com.tr\/index.php\/wp-json\/wp\/v2\/product"}],"about":[{"href":"https:\/\/roveyayinevi.com.tr\/index.php\/wp-json\/wp\/v2\/types\/product"}],"wp:attachment":[{"href":"https:\/\/roveyayinevi.com.tr\/index.php\/wp-json\/wp\/v2\/media?parent=748620"}],"wp:term":[{"taxonomy":"product_brand","embeddable":true,"href":"https:\/\/roveyayinevi.com.tr\/index.php\/wp-json\/wp\/v2\/product_brand?post=748620"},{"taxonomy":"product_cat","embeddable":true,"href":"https:\/\/roveyayinevi.com.tr\/index.php\/wp-json\/wp\/v2\/product_cat?post=748620"},{"taxonomy":"product_tag","embeddable":true,"href":"https:\/\/roveyayinevi.com.tr\/index.php\/wp-json\/wp\/v2\/product_tag?post=748620"}],"curies":[{"name":"wp","href":"https:\/\/api.w.org\/{rel}","templated":true}]}}