{"id":748618,"date":"2025-08-28T03:35:25","date_gmt":"2025-08-28T00:35:25","guid":{"rendered":"https:\/\/roveyayinevi.com.tr\/index.php\/urun\/sahaflar-carsisinda-gorup-isittiklerim\/"},"modified":"2026-04-16T03:01:17","modified_gmt":"2026-04-16T00:01:17","slug":"sahaflar-carsisinda-gorup-isittiklerim","status":"publish","type":"product","link":"https:\/\/roveyayinevi.com.tr\/index.php\/urun\/sahaflar-carsisinda-gorup-isittiklerim\/","title":{"rendered":"Sahaflar \u00c7ars\u0131s\u0131\u2019nda G\u00f6r\u00fcp \u0130\u015fittiklerim"},"content":{"rendered":"<p>Turan M. T\u00fcrkmeno\u011flu, 120 y\u0131l\u0131 a\u015fk\u0131n s\u00fcredir sahafl\u0131k mesle\u011fini s\u00fcrd\u00fcren bir ailenin \u00fc\u00e7\u00fcnc\u00fc ku\u015fak temsilcisi&#8230; Sahaflar \u00c7ar\u015f\u0131s\u0131\u2019nda G\u00f6r\u00fcp \u0130\u015fittiklerim adl\u0131 kitab\u0131nda duyduklar\u0131n\u0131 ve tan\u0131kl\u0131klar\u0131n\u0131 aktar\u0131yor. Kitap 20. y\u00fczy\u0131l\u0131n ba\u015f\u0131ndan g\u00fcn\u00fcm\u00fcze kadarki k\u00fclt\u00fcr tarihimizin gizli kalm\u0131\u015f y\u00f6nlerine dikkat \u00e7ekici bir katk\u0131 sunuyor; daha \u00f6nce kayda ge\u00e7memi\u015f pek \u00e7ok hat\u0131ray\u0131, anekdotu okuyucusuna ula\u015ft\u0131r\u0131yor.   Kitab\u0131 okurken Celal Bayar\u2019\u0131n ileri ya\u015f\u0131nda bir suikastten nas\u0131l kurtuldu\u011funu \u00f6\u011frenecek, kendisinden habersiz yay\u0131n d\u00fcnyas\u0131nda ku\u015f u\u00e7urtmayan Aziz Bozkurt\u2019u tan\u0131yacak, Re\u015fad\u00ee Baba\u2019dan Bekta\u015filik \u00e2d\u00e2b\u0131n\u0131 \u00f6\u011frenecek, Necip Faz\u0131l\u2019\u0131n M. \u015eevket Eygi\u2019yi zor durumdan kurtar\u0131\u015f\u0131n\u0131 izleyecek ve Beh\u00e7et Kemal \u00c7a\u011flar\u2019\u0131n eski ni\u015fanl\u0131s\u0131n\u0131n metruk k\u00f6\u015fk\u00fcnde anlat\u0131c\u0131yla beraber \u00fcrkeceksiniz.   Buradaki hat\u0131ralar\u0131n bundan sonra edebiyat ve sanat mahfillerinde terenn\u00fcm edilece\u011fini, kulaktan kula\u011fa yay\u0131laca\u011f\u0131n\u0131 tahmin etmek g\u00fc\u00e7 de\u011fil. Kimi zaman tebess\u00fcmle kimi zaman h\u00fcz\u00fcnle okuyaca\u011f\u0131n\u0131z bu kitab\u0131 bitirdi\u011finizde kendinizi Beyaz\u0131t\u2019ta, Sahaflar \u00c7ar\u015f\u0131s\u0131\u2019nda bulacaks\u0131n\u0131z.<\/p>\n","protected":false},"excerpt":{"rendered":"<p>Turan M. T\u00fcrkmeno\u011flu, 120 y\u0131l\u0131 a\u015fk\u0131n s\u00fcredir sahafl\u0131k mesle\u011fini s\u00fcrd\u00fcren bir ailenin \u00fc\u00e7\u00fcnc\u00fc ku\u015fak temsilcisi&#8230; Sahaflar \u00c7ar\u015f\u0131s\u0131\u2019nda G\u00f6r\u00fcp \u0130\u015fittiklerim adl\u0131 kitab\u0131nda duyduklar\u0131n\u0131 ve tan\u0131kl\u0131klar\u0131n\u0131 aktar\u0131yor. Kitap<span class=\"excerpt-hellip\"> [\u2026]<\/span><\/p>\n","protected":false},"featured_media":0,"template":"","meta":{"_monsterinsights_skip_tracking":false,"_monsterinsights_sitenote_active":false,"_monsterinsights_sitenote_note":"","_monsterinsights_sitenote_category":0},"product_brand":[],"product_cat":[18545,12291],"product_tag":[],"class_list":{"0":"post-748618","1":"product","2":"type-product","3":"status-publish","5":"product_cat-anlati","6":"product_cat-edebiyat","7":"pa_cilt-ciltsiz","8":"pa_tur-kitap","9":"pa_yayinevi-otuken-nesriyat","10":"pa_yazar-turan-m-turkmenoglu","12":"first","13":"instock","14":"sale","15":"shipping-taxable","16":"purchasable","17":"product-type-simple"},"_links":{"self":[{"href":"https:\/\/roveyayinevi.com.tr\/index.php\/wp-json\/wp\/v2\/product\/748618","targetHints":{"allow":["GET"]}}],"collection":[{"href":"https:\/\/roveyayinevi.com.tr\/index.php\/wp-json\/wp\/v2\/product"}],"about":[{"href":"https:\/\/roveyayinevi.com.tr\/index.php\/wp-json\/wp\/v2\/types\/product"}],"wp:attachment":[{"href":"https:\/\/roveyayinevi.com.tr\/index.php\/wp-json\/wp\/v2\/media?parent=748618"}],"wp:term":[{"taxonomy":"product_brand","embeddable":true,"href":"https:\/\/roveyayinevi.com.tr\/index.php\/wp-json\/wp\/v2\/product_brand?post=748618"},{"taxonomy":"product_cat","embeddable":true,"href":"https:\/\/roveyayinevi.com.tr\/index.php\/wp-json\/wp\/v2\/product_cat?post=748618"},{"taxonomy":"product_tag","embeddable":true,"href":"https:\/\/roveyayinevi.com.tr\/index.php\/wp-json\/wp\/v2\/product_tag?post=748618"}],"curies":[{"name":"wp","href":"https:\/\/api.w.org\/{rel}","templated":true}]}}