{"id":748617,"date":"2025-08-28T03:35:24","date_gmt":"2025-08-28T00:35:24","guid":{"rendered":"https:\/\/roveyayinevi.com.tr\/index.php\/urun\/etimolojinin-izinde\/"},"modified":"2026-04-16T03:01:17","modified_gmt":"2026-04-16T00:01:17","slug":"etimolojinin-izinde","status":"publish","type":"product","link":"https:\/\/roveyayinevi.com.tr\/index.php\/urun\/etimolojinin-izinde\/","title":{"rendered":"Etimolojinin \u0130zinde"},"content":{"rendered":"<p>Etimoloji merak\u0131n\u0131, onun k\u00fclt\u00fcrel kodlar\u0131n\u0131 okumaya arac\u0131 k\u0131larak kaleme al\u0131nan bu kitapta gramere dair teknik meseleler, k\u0131sa ve anla\u015f\u0131l\u0131r boyutta tutulmaya gayret edilmi\u015ftir. Kelimelerin kavramsal in\u015fa s\u00fcre\u00e7leri a\u00e7\u0131klan\u0131rken T\u00fcrk k\u00fclt\u00fcr\u00fcn\u00fcn zemin metinlerinin belirledi\u011fi do\u011frultuda ilerlenmi\u015ftir. T\u00fcrk d\u00fc\u015f\u00fcncesini yans\u0131tan temel kaynaklar durumundaki K\u00f6kt\u00fcrk Yaz\u0131tlar\u0131, Kutadgu Bilig, D\u00eev\u00e2nu Lug\u00e2ti\u2019t-T\u00fcrk, Dede Korkut, O\u011fuz Ka\u011fan Destan\u0131 gibi eserlere ta\u015f\u0131nm\u0131\u015f dil i\u00e7i d\u00fcnya g\u00f6r\u00fc\u015f\u00fc \u00fczerinden de\u011ferlendirmelerde bulunulmu\u015ftur. Etimolojik tespitler, art zamanl\u0131 foto\u011fraflamalar yan\u0131nda tarihselci bir yakla\u015f\u0131mla e\u015f zamanl\u0131 mukayeselere kavu\u015fturulmu\u015ftur. B\u00f6ylelikle, T\u00fcrk d\u00fcnya g\u00f6r\u00fc\u015f\u00fcn\u00fcn en saf h\u00e2line y\u00f6nelik \u00f6nermeler ortaya konmu\u015f, gelecek tasavvurumuza dil ve medeniyet ilintisi ba\u011flam\u0131nda fark\u0131ndal\u0131klar sunulmu\u015ftur. Kelimelerimizin hik\u00e2yesi, k\u00fclt\u00fcrel derinli\u011finizden esinlenir. Dolay\u0131s\u0131yla milletlerin s\u0131n\u0131rlar\u0131n\u0131 k\u00fclt\u00fcrlerin \u00e7izdi\u011fi \u00e7a\u011f\u0131m\u0131zda diliniz kimli\u011finiz, kimli\u011finiz dilinizdir. Buradan bak\u0131l\u0131nca T\u00fcrk, T\u00fcrk\u00e7edir.<\/p>\n","protected":false},"excerpt":{"rendered":"<p>Etimoloji merak\u0131n\u0131, onun k\u00fclt\u00fcrel kodlar\u0131n\u0131 okumaya arac\u0131 k\u0131larak kaleme al\u0131nan bu kitapta gramere dair teknik meseleler, k\u0131sa ve anla\u015f\u0131l\u0131r boyutta tutulmaya gayret edilmi\u015ftir. Kelimelerin kavramsal in\u015fa<span class=\"excerpt-hellip\"> [\u2026]<\/span><\/p>\n","protected":false},"featured_media":0,"template":"","meta":{"_monsterinsights_skip_tracking":false,"_monsterinsights_sitenote_active":false,"_monsterinsights_sitenote_note":"","_monsterinsights_sitenote_category":0},"product_brand":[],"product_cat":[13072,12291],"product_tag":[],"class_list":{"0":"post-748617","1":"product","2":"type-product","3":"status-publish","5":"product_cat-arastirma-inceleme-referans","6":"product_cat-edebiyat","7":"pa_cilt-ciltsiz","8":"pa_tur-kitap","9":"pa_yayinevi-otuken-nesriyat","10":"pa_yazar-serkan-sen","12":"first","13":"instock","14":"sale","15":"shipping-taxable","16":"purchasable","17":"product-type-simple"},"_links":{"self":[{"href":"https:\/\/roveyayinevi.com.tr\/index.php\/wp-json\/wp\/v2\/product\/748617","targetHints":{"allow":["GET"]}}],"collection":[{"href":"https:\/\/roveyayinevi.com.tr\/index.php\/wp-json\/wp\/v2\/product"}],"about":[{"href":"https:\/\/roveyayinevi.com.tr\/index.php\/wp-json\/wp\/v2\/types\/product"}],"wp:attachment":[{"href":"https:\/\/roveyayinevi.com.tr\/index.php\/wp-json\/wp\/v2\/media?parent=748617"}],"wp:term":[{"taxonomy":"product_brand","embeddable":true,"href":"https:\/\/roveyayinevi.com.tr\/index.php\/wp-json\/wp\/v2\/product_brand?post=748617"},{"taxonomy":"product_cat","embeddable":true,"href":"https:\/\/roveyayinevi.com.tr\/index.php\/wp-json\/wp\/v2\/product_cat?post=748617"},{"taxonomy":"product_tag","embeddable":true,"href":"https:\/\/roveyayinevi.com.tr\/index.php\/wp-json\/wp\/v2\/product_tag?post=748617"}],"curies":[{"name":"wp","href":"https:\/\/api.w.org\/{rel}","templated":true}]}}