{"id":748616,"date":"2025-08-28T03:35:23","date_gmt":"2025-08-28T00:35:23","guid":{"rendered":"https:\/\/roveyayinevi.com.tr\/index.php\/urun\/sevginin-ve-siddetin-kaynagi\/"},"modified":"2026-04-12T03:05:15","modified_gmt":"2026-04-12T00:05:15","slug":"sevginin-ve-siddetin-kaynagi","status":"publish","type":"product","link":"https:\/\/roveyayinevi.com.tr\/index.php\/urun\/sevginin-ve-siddetin-kaynagi\/","title":{"rendered":"Sevginin ve \u015eiddetin Kayna\u011f\u0131"},"content":{"rendered":"<p>\u201cSEVG\u0130N\u0130N VE \u015e\u0130DDET\u0130N KAYNA\u011eI\u201d Sevginin ve \u015eiddetin Kayna\u011f\u0131 1964 y\u0131l\u0131nda ilk kez yay\u0131mland\u0131\u011f\u0131nda insanl\u0131k en y\u0131k\u0131c\u0131 silahlar\u0131n\u0131, n\u00fckleer f\u00fczeleri geli\u015ftirmeye ba\u015flam\u0131\u015ft\u0131. Sanayile\u015fmi\u015f bir d\u00fcnyada egemen olan b\u00fcrokratik ruh hayata kar\u015f\u0131 derin bir kay\u0131ts\u0131zl\u0131k do\u011furuyordu. \u0130nsan\u0131 b\u00f6ylesine bir \u015fiddete y\u00f6nlendiren \u015fey ne olabilirdi?  Erich Fromm ki\u015fili\u011fin derinlerinde yer alan y\u0131kma kapasitesini, narsisizmi ve ensest ya\u015famaya olan saplant\u0131y\u0131 bir \u201c\u00e7\u00f6k\u00fc\u015f sendromu\u201d olarak g\u00f6r\u00fcr. \u0130nsan, t\u00fcm bu yok edici \u015fiddetin \u00fcstesinden \u201cgeli\u015fme sendromu\u201dnu olu\u015fturan hayat sevgisi, insan sevgisi ve ba\u011f\u0131ms\u0131zl\u0131k sayesinde gelir. Fromm\u2019un bir psikanalist olarak yapt\u0131\u011f\u0131 klinik ara\u015ft\u0131rmalar\u0131n sonu\u00e7lar\u0131n\u0131 i\u00e7eren Sevginin ve \u015eiddetin Kayna\u011f\u0131 iyiye ve k\u00f6t\u00fcye e\u011filimli olan insan kalbini derinlemesine inceliyor ve hayat sevgisini bir sevme sorunu olarak ele almas\u0131 bak\u0131m\u0131ndan Sevme Sanat\u0131\u2019n\u0131 tamaml\u0131yor.  \u0130nsan\u0131n y\u00fcre\u011fi kat\u0131la\u015fabilir; insanl\u0131k d\u0131\u015f\u0131 h\u00e2le gelebilir, fakat asla insan olmaktan \u00e7\u0131kmaz. \u0130nsan kalbi daima varl\u0131\u011f\u0131n\u0131 s\u00fcrd\u00fcr\u00fcr.<\/p>\n","protected":false},"excerpt":{"rendered":"<p>\u201cSEVG\u0130N\u0130N VE \u015e\u0130DDET\u0130N KAYNA\u011eI\u201d Sevginin ve \u015eiddetin Kayna\u011f\u0131 1964 y\u0131l\u0131nda ilk kez yay\u0131mland\u0131\u011f\u0131nda insanl\u0131k en y\u0131k\u0131c\u0131 silahlar\u0131n\u0131, n\u00fckleer f\u00fczeleri geli\u015ftirmeye ba\u015flam\u0131\u015ft\u0131. Sanayile\u015fmi\u015f bir d\u00fcnyada egemen olan<span class=\"excerpt-hellip\"> [\u2026]<\/span><\/p>\n","protected":false},"featured_media":0,"template":"","meta":{"_monsterinsights_skip_tracking":false,"_monsterinsights_sitenote_active":false,"_monsterinsights_sitenote_note":"","_monsterinsights_sitenote_category":0},"product_brand":[],"product_cat":[20502,12357],"product_tag":[],"class_list":{"0":"post-748616","1":"product","2":"type-product","3":"status-publish","5":"product_cat-basvuru-kitaplari-psikoloji","6":"product_cat-psikoloji","7":"pa_cilt-ciltsiz","8":"pa_tur-kitap","9":"pa_yayinevi-say-yayinlari","10":"pa_yazar-erich-fromm","12":"first","13":"instock","14":"sale","15":"shipping-taxable","16":"purchasable","17":"product-type-simple"},"_links":{"self":[{"href":"https:\/\/roveyayinevi.com.tr\/index.php\/wp-json\/wp\/v2\/product\/748616","targetHints":{"allow":["GET"]}}],"collection":[{"href":"https:\/\/roveyayinevi.com.tr\/index.php\/wp-json\/wp\/v2\/product"}],"about":[{"href":"https:\/\/roveyayinevi.com.tr\/index.php\/wp-json\/wp\/v2\/types\/product"}],"wp:attachment":[{"href":"https:\/\/roveyayinevi.com.tr\/index.php\/wp-json\/wp\/v2\/media?parent=748616"}],"wp:term":[{"taxonomy":"product_brand","embeddable":true,"href":"https:\/\/roveyayinevi.com.tr\/index.php\/wp-json\/wp\/v2\/product_brand?post=748616"},{"taxonomy":"product_cat","embeddable":true,"href":"https:\/\/roveyayinevi.com.tr\/index.php\/wp-json\/wp\/v2\/product_cat?post=748616"},{"taxonomy":"product_tag","embeddable":true,"href":"https:\/\/roveyayinevi.com.tr\/index.php\/wp-json\/wp\/v2\/product_tag?post=748616"}],"curies":[{"name":"wp","href":"https:\/\/api.w.org\/{rel}","templated":true}]}}