{"id":748614,"date":"2025-08-28T03:35:21","date_gmt":"2025-08-28T00:35:21","guid":{"rendered":"https:\/\/roveyayinevi.com.tr\/index.php\/urun\/ahlak-ve-karakter\/"},"modified":"2026-04-16T03:01:17","modified_gmt":"2026-04-16T00:01:17","slug":"ahlak-ve-karakter","status":"publish","type":"product","link":"https:\/\/roveyayinevi.com.tr\/index.php\/urun\/ahlak-ve-karakter\/","title":{"rendered":"Ahlak ve Karakter"},"content":{"rendered":"<p>Stoa mektebi \u201cnas\u0131l ya\u015famal\u0131y\u0131z?\u201d sorusunun cevab\u0131n\u0131 Grek sofia miras\u0131n\u0131 kom\u015fu bilgelik geleneklerinden artakalanlar ile harmanlayarak \u201cd\u00fcnyevi \u015feylerin cereyan\u0131na uygun bir vukufla ya\u015famal\u0131y\u0131z\u201d diye h\u00fclasa etti. Zira insan ne zaman serinkanl\u0131l\u0131\u011f\u0131n\u0131 \u015fu veya bu \u015fekilde kaybetse, bir talihsizlikle yere serilse veya \u00f6fkesine yenik d\u00fc\u015fse yahut umutsuzlu\u011fa kap\u0131lsa bu suretle umdu\u011fundan farkl\u0131 \u015feylerle kar\u015f\u0131la\u015ft\u0131\u011f\u0131n\u0131 g\u00f6stermi\u015f olur. Bu da onun beklentilerinin yanl\u0131\u015f oldu\u011funu, hayat ve d\u00fcnya ile yeteri kadar \u00fcnsiyetinin bulunmad\u0131\u011f\u0131n\u0131 g\u00f6sterir. O nas\u0131l ki canl\u0131 tabiat gerek \u00e7at\u0131\u015fan niyet ve maksatlarla gerekse k\u00f6t\u00fcl\u00fck yahut garazk\u00e2rl\u0131kla ayn\u0131 \u015feyi yap\u0131yorsa, cans\u0131z tabiat\u0131n da her ad\u0131mda tesad\u00fcf ile ki\u015finin iradesini hedefinden sapt\u0131rd\u0131\u011f\u0131n\u0131n gafilidir. Dolay\u0131s\u0131yla o hayat\u0131n bu bariz vasf\u0131n\u0131n umumi bir malumat\u0131na eri\u015fmek i\u00e7in ya akl\u0131n\u0131 kullanmam\u0131\u015f veya umumi manada bildi\u011fini m\u00fcnferit olanda tan\u0131yamad\u0131\u011f\u0131na ya da bu y\u00fczden onun kar\u015f\u0131s\u0131nda \u015fa\u015f\u0131r\u0131p serinkanl\u0131l\u0131\u011f\u0131n\u0131 kaybetti\u011fine g\u00f6re muhakeme g\u00fcc\u00fc ile en az\u0131ndan ya\u015fad\u0131\u011f\u0131 hayat\u0131n talep etti\u011fi d\u00fczeyde kendisini te\u00e7hiz edememi\u015f demektir. Fakat Greklerin ethosu \u201cnas\u0131l ya\u015famal\u0131y\u0131z?\u201d sorusunun \u00e7ok daha derinlerden ele al\u0131nmas\u0131 l\u00fczumuna i\u015faret eder. \u00d6yle ki hal ve tavr\u0131ndan hareketle bir kimse i\u00e7in ethik tabirini kulland\u0131\u011f\u0131m\u0131zda, bu ister onun bar\u0131nma tarz\u0131 ister bir itiyat \u00fczere olu\u015fuyla tabir edilsin \u201cethosuna has\u201d manas\u0131yla en derin \u00f6z\u00fcyle yakalanm\u0131\u015f ve onunla irtibatland\u0131r\u0131lm\u0131\u015f oluyordu. O irtibat\u0131n a\u00e7t\u0131\u011f\u0131 aral\u0131ktan soruyorduk: \u201cBir insan\u0131n karakteri ile kaderi, yani onun \u015fu hayatta tutup y\u00fcr\u00fcd\u00fc\u011f\u00fc yol aras\u0131nda tam bir farkl\u0131l\u0131k var m\u0131d\u0131r? Yoksa ilke olarak al\u0131nd\u0131\u011f\u0131 takdirde herkesin kaderi karakteri ile uyum i\u00e7erisinde midir? Yoksa son olarak, bir oyunun yazar\u0131na benzetilebilecek, tasavvur edilmesi m\u00fcmk\u00fcn olmayan gizli bir zorunluluk asl\u0131nda bu ikisini her zaman birbirine uygun \u015fekilde bir araya getirir mi?\u201d<\/p>\n","protected":false},"excerpt":{"rendered":"<p>Stoa mektebi \u201cnas\u0131l ya\u015famal\u0131y\u0131z?\u201d sorusunun cevab\u0131n\u0131 Grek sofia miras\u0131n\u0131 kom\u015fu bilgelik geleneklerinden artakalanlar ile harmanlayarak \u201cd\u00fcnyevi \u015feylerin cereyan\u0131na uygun bir vukufla ya\u015famal\u0131y\u0131z\u201d diye h\u00fclasa etti. Zira<span class=\"excerpt-hellip\"> [\u2026]<\/span><\/p>\n","protected":false},"featured_media":0,"template":"","meta":{"_monsterinsights_skip_tracking":false,"_monsterinsights_sitenote_active":false,"_monsterinsights_sitenote_note":"","_monsterinsights_sitenote_category":0},"product_brand":[],"product_cat":[15319,12388],"product_tag":[],"class_list":{"0":"post-748614","1":"product","2":"type-product","3":"status-publish","5":"product_cat-etik","6":"product_cat-felsefe","7":"pa_cilt-ciltsiz","8":"pa_tur-kitap","9":"pa_yayinevi-say-yayinlari","10":"pa_yazar-arthur-schopenhauer","12":"first","13":"instock","14":"sale","15":"shipping-taxable","16":"purchasable","17":"product-type-simple"},"_links":{"self":[{"href":"https:\/\/roveyayinevi.com.tr\/index.php\/wp-json\/wp\/v2\/product\/748614","targetHints":{"allow":["GET"]}}],"collection":[{"href":"https:\/\/roveyayinevi.com.tr\/index.php\/wp-json\/wp\/v2\/product"}],"about":[{"href":"https:\/\/roveyayinevi.com.tr\/index.php\/wp-json\/wp\/v2\/types\/product"}],"wp:attachment":[{"href":"https:\/\/roveyayinevi.com.tr\/index.php\/wp-json\/wp\/v2\/media?parent=748614"}],"wp:term":[{"taxonomy":"product_brand","embeddable":true,"href":"https:\/\/roveyayinevi.com.tr\/index.php\/wp-json\/wp\/v2\/product_brand?post=748614"},{"taxonomy":"product_cat","embeddable":true,"href":"https:\/\/roveyayinevi.com.tr\/index.php\/wp-json\/wp\/v2\/product_cat?post=748614"},{"taxonomy":"product_tag","embeddable":true,"href":"https:\/\/roveyayinevi.com.tr\/index.php\/wp-json\/wp\/v2\/product_tag?post=748614"}],"curies":[{"name":"wp","href":"https:\/\/api.w.org\/{rel}","templated":true}]}}