{"id":748612,"date":"2025-08-28T03:35:18","date_gmt":"2025-08-28T00:35:18","guid":{"rendered":"https:\/\/roveyayinevi.com.tr\/index.php\/urun\/rodin-cezanne-bez-cilt\/"},"modified":"2026-04-16T03:01:16","modified_gmt":"2026-04-16T00:01:16","slug":"rodin-cezanne-bez-cilt","status":"publish","type":"product","link":"https:\/\/roveyayinevi.com.tr\/index.php\/urun\/rodin-cezanne-bez-cilt\/","title":{"rendered":"Rodin &amp; Cezanne (Bez Cilt)"},"content":{"rendered":"<p>G\u00fczel sanatlarda usta sanat\u00e7\u0131lar\u0131n olgun eserlerini verdi\u011fi 20. y\u00fczy\u0131l ba\u015flar\u0131nda Rilke, alanlar\u0131nda yetkin ki\u015filerle yak\u0131nl\u0131k kurarak onlarla kendi i\u00e7indeki ufuklar\u0131 a\u015fma ve sanatsal d\u00fcnyas\u0131n\u0131 zenginle\u015ftirme olana\u011f\u0131 yakalar. Bu isimlerden en \u00f6nemlileri aras\u0131nda Auguste Rodin ve Paul C\u00e9zanne vard\u0131r. Onlarla dostluklar\u0131 sayesinde ya\u015fam\u0131n s\u0131rlar\u0131n\u0131n do\u011fan\u0131n i\u00e7inde gizlendi\u011fini ke\u015ffeder, \u201cbakmay\u0131\u201d ve \u201cg\u00f6rmeyi\u201d \u00f6\u011frenir.   Sekreterli\u011fini yapt\u0131\u011f\u0131 heykelt\u0131ra\u015f Rodin\u2019den etkilendi\u011fi d\u00f6nemde Rilke \u015fiirlerini bir heykel gibi yontmu\u015f; modernist resmin \u00f6nc\u00fclerinden C\u00e9zanne sayesinde \u00f6lesiye \u00e7al\u0131\u015fman\u0131n anlam\u0131n\u0131 kavrayarak kendini sanat\u0131na adam\u0131\u015ft\u0131r. Bu kitap, okuru Rilke\u2019nin sanat tarihindeki iki b\u00fcy\u00fck \u015fahsiyetin ya\u015famlar\u0131na dair harikulade izlenimlerine g\u00f6t\u00fcrmekle kalm\u0131yor, ayn\u0131 zamanda onun sanata dair b\u00fcy\u00fcleyici d\u00fc\u015f\u00fcnceleri aras\u0131nda kaybolmaya da davet ediyor. Avrupa edebiyat\u0131nda lirik \u015fiirin zirvelerinden Rilke\u2019nin kendi sanatsal geli\u015fimine ve \u00e7a\u011f\u0131n sanat\u0131na \u0131\u015f\u0131k tutan bu eserini Semih U\u00e7ar\u2019\u0131n \u00f6zenli \u00e7evirisiyle sunuyoruz. <\/p>\n","protected":false},"excerpt":{"rendered":"<p>G\u00fczel sanatlarda usta sanat\u00e7\u0131lar\u0131n olgun eserlerini verdi\u011fi 20. y\u00fczy\u0131l ba\u015flar\u0131nda Rilke, alanlar\u0131nda yetkin ki\u015filerle yak\u0131nl\u0131k kurarak onlarla kendi i\u00e7indeki ufuklar\u0131 a\u015fma ve sanatsal d\u00fcnyas\u0131n\u0131 zenginle\u015ftirme olana\u011f\u0131<span class=\"excerpt-hellip\"> [\u2026]<\/span><\/p>\n","protected":false},"featured_media":0,"template":"","meta":{"_monsterinsights_skip_tracking":false,"_monsterinsights_sitenote_active":false,"_monsterinsights_sitenote_note":"","_monsterinsights_sitenote_category":0},"product_brand":[],"product_cat":[12782,12291],"product_tag":[],"class_list":{"0":"post-748612","1":"product","2":"type-product","3":"status-publish","5":"product_cat-alman-edebiyati","6":"product_cat-edebiyat","7":"pa_cilt-ciltli","8":"pa_tur-kitap","9":"pa_yayinevi-koridor-yayincilik","10":"pa_yazar-rainer-maria-rilke","12":"first","13":"instock","14":"sale","15":"shipping-taxable","16":"purchasable","17":"product-type-simple"},"_links":{"self":[{"href":"https:\/\/roveyayinevi.com.tr\/index.php\/wp-json\/wp\/v2\/product\/748612","targetHints":{"allow":["GET"]}}],"collection":[{"href":"https:\/\/roveyayinevi.com.tr\/index.php\/wp-json\/wp\/v2\/product"}],"about":[{"href":"https:\/\/roveyayinevi.com.tr\/index.php\/wp-json\/wp\/v2\/types\/product"}],"wp:attachment":[{"href":"https:\/\/roveyayinevi.com.tr\/index.php\/wp-json\/wp\/v2\/media?parent=748612"}],"wp:term":[{"taxonomy":"product_brand","embeddable":true,"href":"https:\/\/roveyayinevi.com.tr\/index.php\/wp-json\/wp\/v2\/product_brand?post=748612"},{"taxonomy":"product_cat","embeddable":true,"href":"https:\/\/roveyayinevi.com.tr\/index.php\/wp-json\/wp\/v2\/product_cat?post=748612"},{"taxonomy":"product_tag","embeddable":true,"href":"https:\/\/roveyayinevi.com.tr\/index.php\/wp-json\/wp\/v2\/product_tag?post=748612"}],"curies":[{"name":"wp","href":"https:\/\/api.w.org\/{rel}","templated":true}]}}