{"id":748611,"date":"2025-08-28T03:35:16","date_gmt":"2025-08-28T00:35:16","guid":{"rendered":"https:\/\/roveyayinevi.com.tr\/index.php\/urun\/genc-saire-mektuplar-bir-genc-kadina-mektuplar-bez-cilt\/"},"modified":"2026-04-16T03:01:16","modified_gmt":"2026-04-16T00:01:16","slug":"genc-saire-mektuplar-bir-genc-kadina-mektuplar-bez-cilt","status":"publish","type":"product","link":"https:\/\/roveyayinevi.com.tr\/index.php\/urun\/genc-saire-mektuplar-bir-genc-kadina-mektuplar-bez-cilt\/","title":{"rendered":"Gen\u00e7 \u015eaire Mektuplar &amp; Bir Gen\u00e7 Kad\u0131na Mektuplar (Bez Cilt)"},"content":{"rendered":"<p>1902 sonbahar\u0131, Viyana. Franz Xaver Kappus ad\u0131nda bir gen\u00e7, tutkusunun pe\u015finde zorluklarla dolu bir yola m\u0131 girecek yoksa gelece\u011fini g\u00fcvenceye alacak bir kariyer mi se\u00e7ecektir? Bir g\u00fcn cesaretini toplay\u0131p yazd\u0131\u011f\u0131 \u015fiirlerden birka\u00e7\u0131n\u0131 idol\u00fc olarak g\u00f6rd\u00fc\u011f\u00fc usta \u015fair Rainer Maria Rilke\u2019ye g\u00f6nderir ve onun fikirlerini sorar. Rilke\u2019nin yan\u0131t\u0131 yaln\u0131zca bu gen\u00e7 \u015fairin de\u011fil ya\u015fama sanat\u0131n\u0131 \u00f6\u011frenmeye merakl\u0131 herkesin yararlanabilece\u011fi bir \u00f6\u011f\u00fctt\u00fcr: \u201c\u0130\u00e7inize d\u00f6n\u00fcn.\u201d Kendi hakikatine yakla\u015fmay\u0131 i\u00e7sel bir hesapla\u015fma ve ke\u015fif olarak g\u00f6ren Rilke, yazd\u0131\u011f\u0131 mektuplarda gen\u00e7 \u015faire i\u00e7indeki karanl\u0131\u011f\u0131 ayd\u0131nlatacak bir kandil sunarken insan\u0131n kalbinde filizlenmeyen hi\u00e7bir \u015feyin sahici olamayaca\u011f\u0131n\u0131 da incelikle aktar\u0131r.   Gen\u00e7 \u015eaire Mektuplar\u2019la tematik bir devaml\u0131l\u0131k i\u00e7inde beraber sundu\u011fumuz Bir Gen\u00e7 Kad\u0131na Mektuplar\u2019da ise Rilke\u2019nin yaz\u0131\u015ft\u0131\u011f\u0131 ki\u015fi bu kez duygusal \u00e7\u00f6k\u00fcnt\u00fc i\u00e7inde bir kad\u0131nd\u0131r: Lisa Hease. Rilke\u2019ye k\u00e2h i\u00e7ini d\u00f6ker k\u00e2h ak\u0131l dan\u0131\u015f\u0131r k\u00e2h onda umut arar. O\u011fluyla hayatta kalma sava\u015f\u0131 veren bu kad\u0131n, Rilke\u2019nin bilgece s\u00f6zlerinde ya\u015fam g\u00fcc\u00fc bulur.   20. y\u00fczy\u0131l\u0131n dehalar\u0131ndan ve d\u00fcnyan\u0131n en \u00f6nemli \u015fairlerinden Rilke\u2019nin yaratma ve ya\u015fama u\u011fra\u015f\u0131nda yol g\u00f6sterici k\u0131lavuz niteli\u011findeki bu iki de\u011ferli eserini Semih U\u00e7ar\u2019\u0131n \u00f6zenli \u00e7evirisiyle sunuyoruz. <\/p>\n","protected":false},"excerpt":{"rendered":"<p>1902 sonbahar\u0131, Viyana. Franz Xaver Kappus ad\u0131nda bir gen\u00e7, tutkusunun pe\u015finde zorluklarla dolu bir yola m\u0131 girecek yoksa gelece\u011fini g\u00fcvenceye alacak bir kariyer mi se\u00e7ecektir? Bir<span class=\"excerpt-hellip\"> [\u2026]<\/span><\/p>\n","protected":false},"featured_media":0,"template":"","meta":{"_monsterinsights_skip_tracking":false,"_monsterinsights_sitenote_active":false,"_monsterinsights_sitenote_note":"","_monsterinsights_sitenote_category":0},"product_brand":[],"product_cat":[12782,12291],"product_tag":[],"class_list":{"0":"post-748611","1":"product","2":"type-product","3":"status-publish","5":"product_cat-alman-edebiyati","6":"product_cat-edebiyat","7":"pa_cilt-ciltli","8":"pa_tur-kitap","9":"pa_yayinevi-koridor-yayincilik","10":"pa_yazar-rainer-maria-rilke","12":"first","13":"instock","14":"sale","15":"shipping-taxable","16":"purchasable","17":"product-type-simple"},"_links":{"self":[{"href":"https:\/\/roveyayinevi.com.tr\/index.php\/wp-json\/wp\/v2\/product\/748611","targetHints":{"allow":["GET"]}}],"collection":[{"href":"https:\/\/roveyayinevi.com.tr\/index.php\/wp-json\/wp\/v2\/product"}],"about":[{"href":"https:\/\/roveyayinevi.com.tr\/index.php\/wp-json\/wp\/v2\/types\/product"}],"wp:attachment":[{"href":"https:\/\/roveyayinevi.com.tr\/index.php\/wp-json\/wp\/v2\/media?parent=748611"}],"wp:term":[{"taxonomy":"product_brand","embeddable":true,"href":"https:\/\/roveyayinevi.com.tr\/index.php\/wp-json\/wp\/v2\/product_brand?post=748611"},{"taxonomy":"product_cat","embeddable":true,"href":"https:\/\/roveyayinevi.com.tr\/index.php\/wp-json\/wp\/v2\/product_cat?post=748611"},{"taxonomy":"product_tag","embeddable":true,"href":"https:\/\/roveyayinevi.com.tr\/index.php\/wp-json\/wp\/v2\/product_tag?post=748611"}],"curies":[{"name":"wp","href":"https:\/\/api.w.org\/{rel}","templated":true}]}}