{"id":748606,"date":"2025-08-28T03:35:09","date_gmt":"2025-08-28T00:35:09","guid":{"rendered":"https:\/\/roveyayinevi.com.tr\/index.php\/urun\/uydurmalarin-kadinlara-siddeti\/"},"modified":"2026-04-16T03:01:16","modified_gmt":"2026-04-16T00:01:16","slug":"uydurmalarin-kadinlara-siddeti","status":"publish","type":"product","link":"https:\/\/roveyayinevi.com.tr\/index.php\/urun\/uydurmalarin-kadinlara-siddeti\/","title":{"rendered":"Uydurmalar\u0131n Kad\u0131nlara \u015eiddeti"},"content":{"rendered":"<p>Kur\u2019an, Mushaf olarak hemen yak\u0131n\u0131m\u0131zda; ama \u201ckad\u0131n haklar\u0131\u201d konusunda ondan \u00e7ok uzaktay\u0131z. \u201cYa\u015fayan Kur\u2019an\u201d Allah El\u00e7isi, kad\u0131nlara verdi\u011fi de\u011ferle, en g\u00fczel \u00f6rnekli\u011fi sergiledi\u011fi h\u00e2lde, ad\u0131na uydurulan rivayetlerle \u201celman\u0131n yar\u0131s\u0131\u201d h\u0131rpalanmaya devam ediyor. Gen\u00e7ler! Hi\u00e7 g\u00f6rmedi\u011finiz ve istemedi\u011finiz bir erkekle evlenmek ister misiniz? Kad\u0131nlar! Sizlere \u201cu\u011fursuz\u201d dense kabullenir misiniz? Erkekler! Kad\u0131nlar, fitne de siz de\u011fil misiniz? Cehenneme ilk kim girecekmi\u015f? Cennetliklerin \u00e7o\u011funlu\u011fu erkekler mi, kad\u0131nlar m\u0131? Erkeklerin bo\u015fama hakk\u0131 var da kad\u0131nlar\u0131n yok mu? Kad\u0131nlar\u0131n okumas\u0131n\u0131 engelleme bask\u0131s\u0131! \u0130ki cinsin farkl\u0131 maddelerden yarat\u0131ld\u0131\u011f\u0131 iddias\u0131! Hz. Havva\u2019n\u0131n \u015fahs\u0131nda, kad\u0131nlara yap\u0131lan \u201cihanet\u201d su\u00e7lamas\u0131! Daha nice sorular\u0131n ve teredd\u00fctlerin cevab\u0131, bu kitapta.<\/p>\n","protected":false},"excerpt":{"rendered":"<p>Kur\u2019an, Mushaf olarak hemen yak\u0131n\u0131m\u0131zda; ama \u201ckad\u0131n haklar\u0131\u201d konusunda ondan \u00e7ok uzaktay\u0131z. \u201cYa\u015fayan Kur\u2019an\u201d Allah El\u00e7isi, kad\u0131nlara verdi\u011fi de\u011ferle, en g\u00fczel \u00f6rnekli\u011fi sergiledi\u011fi h\u00e2lde, ad\u0131na uydurulan<span class=\"excerpt-hellip\"> [\u2026]<\/span><\/p>\n","protected":false},"featured_media":0,"template":"","meta":{"_monsterinsights_skip_tracking":false,"_monsterinsights_sitenote_active":false,"_monsterinsights_sitenote_note":"","_monsterinsights_sitenote_category":0},"product_brand":[],"product_cat":[12718,12719],"product_tag":[],"class_list":{"0":"post-748606","1":"product","2":"type-product","3":"status-publish","5":"product_cat-din","6":"product_cat-islam","7":"pa_cilt-ciltsiz","8":"pa_tur-kitap","9":"pa_yayinevi-foliant-yayinlari","10":"pa_yazar-ibrahim-unal","12":"first","13":"instock","14":"sale","15":"shipping-taxable","16":"purchasable","17":"product-type-simple"},"_links":{"self":[{"href":"https:\/\/roveyayinevi.com.tr\/index.php\/wp-json\/wp\/v2\/product\/748606","targetHints":{"allow":["GET"]}}],"collection":[{"href":"https:\/\/roveyayinevi.com.tr\/index.php\/wp-json\/wp\/v2\/product"}],"about":[{"href":"https:\/\/roveyayinevi.com.tr\/index.php\/wp-json\/wp\/v2\/types\/product"}],"wp:attachment":[{"href":"https:\/\/roveyayinevi.com.tr\/index.php\/wp-json\/wp\/v2\/media?parent=748606"}],"wp:term":[{"taxonomy":"product_brand","embeddable":true,"href":"https:\/\/roveyayinevi.com.tr\/index.php\/wp-json\/wp\/v2\/product_brand?post=748606"},{"taxonomy":"product_cat","embeddable":true,"href":"https:\/\/roveyayinevi.com.tr\/index.php\/wp-json\/wp\/v2\/product_cat?post=748606"},{"taxonomy":"product_tag","embeddable":true,"href":"https:\/\/roveyayinevi.com.tr\/index.php\/wp-json\/wp\/v2\/product_tag?post=748606"}],"curies":[{"name":"wp","href":"https:\/\/api.w.org\/{rel}","templated":true}]}}