{"id":748605,"date":"2025-08-28T03:35:08","date_gmt":"2025-08-28T00:35:08","guid":{"rendered":"https:\/\/roveyayinevi.com.tr\/index.php\/urun\/icebakis-fragmanlari\/"},"modified":"2026-04-16T03:01:16","modified_gmt":"2026-04-16T00:01:16","slug":"icebakis-fragmanlari","status":"publish","type":"product","link":"https:\/\/roveyayinevi.com.tr\/index.php\/urun\/icebakis-fragmanlari\/","title":{"rendered":"\u0130\u00e7ebak\u0131\u015f Fragmanlar\u0131"},"content":{"rendered":"<p>\u0130nsan bazen \u00f6yle s\u0131k\u0131\u015f\u0131r, \u00f6yle bunal\u0131r ki d\u00fcnyay\u0131 i\u00e7indeki b\u00fct\u00fcn herc\u00fcmerciyle geride b\u0131rak\u0131p farkl\u0131 hallere, farkl\u0131 \u00e2lemlere yelken a\u00e7mak ister. \u015eehirden \u015fehre, \u00fclkeden \u00fclkeye gitmekle s\u0131yr\u0131labilece\u011fini sand\u0131\u011f\u0131 s\u0131k\u0131nt\u0131l\u0131 ruh hali, asl\u0131nda somut \u00e2lemden s\u0131yr\u0131lma ihtiyac\u0131d\u0131r. Diyar diyar gezmekle a\u015f\u0131lamayan bu sorun, bazen bir odadan bir ba\u015fka odaya ge\u00e7ip, bir seccadede birka\u00e7 dakika i\u00e7 d\u00f6kmekle \u00e7\u00f6z\u00fcl\u00fcr. Bunu yapabilen ki\u015fi, bir ba\u015fka \u015fehre de\u011fil, bir ba\u015fka \u00e2leme ta\u015f\u0131nm\u0131\u015ft\u0131r. K\u0131sa de\u011fil, uzun mesafe yolculuk etmi\u015ftir. \u0130nsan\u0131n ailesi ve sevdikleriyle ileti\u015fim kurmaya ihtiyac\u0131 olur da kendisini Yaratanla m\u00fcnasebet kurmaya ihtiyac\u0131 olmaz m\u0131? Allah\u2019a y\u00f6nelmek, O\u2019nu anmak ve hat\u0131rlamak insan ruhunun en hayati ihtiyac\u0131d\u0131r. \u0130nsan Allah\u2019a ba\u011flanma ihtiyac\u0131n\u0131, hazlara, insanlara ve i\u015flere ba\u011flanarak gidermeye \u00e7al\u0131\u015ft\u0131\u011f\u0131nda, kalbindeki a\u00e7l\u0131k, ruhundaki bo\u015fluk gitgide b\u00fcy\u00fcr. \u0130nsan bazen y\u00fczlerce \u015feye birden ba\u011flan\u0131r ama ruhundaki susuzlu\u011fu bir nebze olsun gideremez. Ki\u015fi unutamayaca\u011f\u0131 baz\u0131 ac\u0131lar ya\u015fam\u0131\u015ft\u0131r, \u00e7\u0131kmaza girmi\u015ftir, gelecek karanl\u0131k g\u00f6r\u00fcn\u00fcyordur. Bu hal onun ruhunda duaya ve ibadete y\u00f6nelme, Allah\u2019la temas kurma gibi ihtiya\u00e7lar\u0131n \u015fiddetli sinyallerini vermektedir. Kalbinin iniltilerini dinlemeyen, ruhunun feryat figan dilini \u00e7\u00f6zemeyen insan, hangi ihtiya\u00e7lar i\u00e7inde oldu\u011funun tespitini yanl\u0131\u015f yapmakta, bu ihtiya\u00e7lar\u0131 yanl\u0131\u015f isimlendirmekte ve dolay\u0131s\u0131yla \u00e7\u00f6z\u00fcm\u00fc yanl\u0131\u015f yerlerde aramaktad\u0131r. \u0130nsan\u0131n g\u00f6n\u00fcl haritas\u0131 \u00fczerinde ince ve derin analizlerle ilerleyen bu \u00e7al\u0131\u015fma, hemen her sat\u0131r\u0131yla, ana caddesi olan yarat\u0131l\u0131\u015f f\u0131trat\u0131na ve i\u00e7sel \u00f6z yap\u0131lanmas\u0131na insan\u0131 biraz daha y\u00f6nlendirmekte ve ona bu esas yolculu\u011funda rehberlik etmeyi hedeflemektedir.<\/p>\n","protected":false},"excerpt":{"rendered":"<p>\u0130nsan bazen \u00f6yle s\u0131k\u0131\u015f\u0131r, \u00f6yle bunal\u0131r ki d\u00fcnyay\u0131 i\u00e7indeki b\u00fct\u00fcn herc\u00fcmerciyle geride b\u0131rak\u0131p farkl\u0131 hallere, farkl\u0131 \u00e2lemlere yelken a\u00e7mak ister. \u015eehirden \u015fehre, \u00fclkeden \u00fclkeye gitmekle s\u0131yr\u0131labilece\u011fini<span class=\"excerpt-hellip\"> [\u2026]<\/span><\/p>\n","protected":false},"featured_media":0,"template":"","meta":{"_monsterinsights_skip_tracking":false,"_monsterinsights_sitenote_active":false,"_monsterinsights_sitenote_note":"","_monsterinsights_sitenote_category":0},"product_brand":[],"product_cat":[12718,12719],"product_tag":[],"class_list":{"0":"post-748605","1":"product","2":"type-product","3":"status-publish","5":"product_cat-din","6":"product_cat-islam","7":"pa_cilt-ciltsiz","8":"pa_tur-kitap","9":"pa_yayinevi-foliant-yayinlari","10":"pa_yazar-mecit-omur-ozturk","12":"first","13":"instock","14":"sale","15":"shipping-taxable","16":"purchasable","17":"product-type-simple"},"_links":{"self":[{"href":"https:\/\/roveyayinevi.com.tr\/index.php\/wp-json\/wp\/v2\/product\/748605","targetHints":{"allow":["GET"]}}],"collection":[{"href":"https:\/\/roveyayinevi.com.tr\/index.php\/wp-json\/wp\/v2\/product"}],"about":[{"href":"https:\/\/roveyayinevi.com.tr\/index.php\/wp-json\/wp\/v2\/types\/product"}],"wp:attachment":[{"href":"https:\/\/roveyayinevi.com.tr\/index.php\/wp-json\/wp\/v2\/media?parent=748605"}],"wp:term":[{"taxonomy":"product_brand","embeddable":true,"href":"https:\/\/roveyayinevi.com.tr\/index.php\/wp-json\/wp\/v2\/product_brand?post=748605"},{"taxonomy":"product_cat","embeddable":true,"href":"https:\/\/roveyayinevi.com.tr\/index.php\/wp-json\/wp\/v2\/product_cat?post=748605"},{"taxonomy":"product_tag","embeddable":true,"href":"https:\/\/roveyayinevi.com.tr\/index.php\/wp-json\/wp\/v2\/product_tag?post=748605"}],"curies":[{"name":"wp","href":"https:\/\/api.w.org\/{rel}","templated":true}]}}