{"id":748600,"date":"2025-08-28T03:35:01","date_gmt":"2025-08-28T00:35:01","guid":{"rendered":"https:\/\/roveyayinevi.com.tr\/index.php\/urun\/ekonomik-esitsizlik\/"},"modified":"2026-04-16T03:01:16","modified_gmt":"2026-04-16T00:01:16","slug":"ekonomik-esitsizlik","status":"publish","type":"product","link":"https:\/\/roveyayinevi.com.tr\/index.php\/urun\/ekonomik-esitsizlik\/","title":{"rendered":"Ekonomik E\u015fitsizlik"},"content":{"rendered":"<p>Ekonomik e\u015fitsizlik, \u00f6zelikle serbest piyasa ekonomisinin geli\u015fti\u011fi \u00fclkelerde son y\u0131llarda bir\u00e7ok siyas\u00ee ve sosyal tart\u0131\u015fman\u0131n konusu haline geldi. E\u015fitlik\u00e7i anlay\u0131\u015flar\u0131n ortaya koydu\u011fu istatistikler, bak\u0131ld\u0131\u011f\u0131nda, \u00e7ok az say\u0131daki zenginin d\u00fcnya gelirinin ve fiziksel ve finansal servetin \u00e7o\u011funa sahip oldu\u011funu g\u00f6steriyor. Hatta durum \u00f6yle lanse ediliyor ki zenginlerin gelir ve servet \u00fczerindeki orant\u0131s\u0131z sahipli\u011fi o toplumlardaki d\u00fc\u015f\u00fck ya\u015fam s\u00fcresi beklentisi, k\u00f6t\u00fc e\u011fitim, ak\u0131l hastal\u0131\u011f\u0131, obezite, siyas\u00ee istikrars\u0131zl\u0131k ve di\u011fer sosyal problemlerle ili\u015fkilendiriliyor. E\u015fitsizli\u011fe kar\u015f\u0131 \u00e7\u0131kanlar servet \u00fczerinden vergi al\u0131nmas\u0131n\u0131, refah devletinin geni\u015fletilmesini ve daha y\u00fcksek asgar\u00ee \u00fccret belirlenmesini talep ediyorlar.Eamonn Butler, ekonomik e\u015fitsizli\u011fe istatistiksel ve teorik a\u00e7\u0131dan daha farkl\u0131 yakla\u015fmakta ve e\u015fitlik\u00e7i anlay\u0131\u015f\u0131n arg\u00fcmanlar\u0131n\u0131 bilimsel olarak cidd\u00ee bir sorgulamaya t\u00e2bi tutmaktad\u0131r. Butler, ekonomik e\u015fitli\u011fin de\u011fil, tam aksine ekonomik e\u015fitsizli\u011fin serbest piyasa toplumlar\u0131nda herkes i\u00e7in daha fazla zenginlik \u00fcretti\u011fini ve refah politikalar\u0131n\u0131n asl\u0131nda toplumlar\u0131 ekonomik olarak daha geriye g\u00f6t\u00fcrd\u00fc\u011f\u00fcn\u00fc savunmaktad\u0131r. Bunun yan\u0131nda zenginlik ve gelir modellerinin s\u0131f\u0131r toplaml\u0131 olmad\u0131\u011f\u0131n\u0131 vurgulamaktad\u0131r.E\u015fitlik ad\u0131na yeniden da\u011f\u0131t\u0131m\u0131n \u00e7eli\u015fkili oldu\u011funu i\u015faret eden bu kitap ekonomik e\u015fitsizli\u011fi serbest piyasa ekonomisi a\u00e7\u0131s\u0131ndan de\u011ferlendirmek isteyenler i\u00e7in harika bir kaynak.<\/p>\n","protected":false},"excerpt":{"rendered":"<p>Ekonomik e\u015fitsizlik, \u00f6zelikle serbest piyasa ekonomisinin geli\u015fti\u011fi \u00fclkelerde son y\u0131llarda bir\u00e7ok siyas\u00ee ve sosyal tart\u0131\u015fman\u0131n konusu haline geldi. E\u015fitlik\u00e7i anlay\u0131\u015flar\u0131n ortaya koydu\u011fu istatistikler, bak\u0131ld\u0131\u011f\u0131nda, \u00e7ok az<span class=\"excerpt-hellip\"> [\u2026]<\/span><\/p>\n","protected":false},"featured_media":0,"template":"","meta":{"_monsterinsights_skip_tracking":false,"_monsterinsights_sitenote_active":false,"_monsterinsights_sitenote_note":"","_monsterinsights_sitenote_category":0},"product_brand":[],"product_cat":[20333,13043],"product_tag":[],"class_list":{"0":"post-748600","1":"product","2":"type-product","3":"status-publish","5":"product_cat-diger-ekonomi","6":"product_cat-ekonomi","7":"pa_cilt-ciltsiz","8":"pa_tur-kitap","9":"pa_yayinevi-serbest-kitaplar","10":"pa_yazar-eamonn-butler","12":"first","13":"instock","14":"sale","15":"shipping-taxable","16":"purchasable","17":"product-type-simple"},"_links":{"self":[{"href":"https:\/\/roveyayinevi.com.tr\/index.php\/wp-json\/wp\/v2\/product\/748600","targetHints":{"allow":["GET"]}}],"collection":[{"href":"https:\/\/roveyayinevi.com.tr\/index.php\/wp-json\/wp\/v2\/product"}],"about":[{"href":"https:\/\/roveyayinevi.com.tr\/index.php\/wp-json\/wp\/v2\/types\/product"}],"wp:attachment":[{"href":"https:\/\/roveyayinevi.com.tr\/index.php\/wp-json\/wp\/v2\/media?parent=748600"}],"wp:term":[{"taxonomy":"product_brand","embeddable":true,"href":"https:\/\/roveyayinevi.com.tr\/index.php\/wp-json\/wp\/v2\/product_brand?post=748600"},{"taxonomy":"product_cat","embeddable":true,"href":"https:\/\/roveyayinevi.com.tr\/index.php\/wp-json\/wp\/v2\/product_cat?post=748600"},{"taxonomy":"product_tag","embeddable":true,"href":"https:\/\/roveyayinevi.com.tr\/index.php\/wp-json\/wp\/v2\/product_tag?post=748600"}],"curies":[{"name":"wp","href":"https:\/\/api.w.org\/{rel}","templated":true}]}}