{"id":748599,"date":"2025-08-28T03:35:00","date_gmt":"2025-08-28T00:35:00","guid":{"rendered":"https:\/\/roveyayinevi.com.tr\/index.php\/urun\/kendi-benliginle-nasil-tanisilir\/"},"modified":"2026-04-11T14:17:45","modified_gmt":"2026-04-11T11:17:45","slug":"kendi-benliginle-nasil-tanisilir","status":"publish","type":"product","link":"https:\/\/roveyayinevi.com.tr\/index.php\/urun\/kendi-benliginle-nasil-tanisilir\/","title":{"rendered":"Kendi Benli\u011finle Nas\u0131l Tan\u0131\u015f\u0131l\u0131r ?"},"content":{"rendered":"<p>DR. Nicole LePera son y\u0131llarda du\u0308nya \u00e7ap\u0131nda milyonlarca insan\u0131n hayatta kalma modundan \u00e7\u0131k\u0131p sevdikleri \u00f6zgu\u0308n hayatlar\u0131 bilin\u00e7li bir \u015fekilde olu\u015fturmalar\u0131na yard\u0131mc\u0131 olarak, psikolojik kendini iyile\u015ftirme alan\u0131n\u0131n \u00f6nde gelen sesi haline gelmi\u015ftir. Dr. Nicole, ilk kitab\u0131 Kendini \u0130yile\u015ftirme \u0130\u015fi Nas\u0131l Yap\u0131l\u0131r?\u2019da okuyucular\u0131na kendini iyile\u015ftirme konusunda devrim niteli\u011finde bu\u0308tu\u0308nsel bir \u00e7er\u00e7eve sunmu\u015ftu. \u015eimdi de Kendi Benli\u011finle Nas\u0131l Tan\u0131\u015f\u0131l\u0131r?\u2019da, her okuyucunun \u00f6zgu\u0308n benli\u011fini ortaya \u00e7\u0131karmas\u0131na yard\u0131mc\u0131 olmak u\u0308zere tasarlanm\u0131\u015f etkile\u015fimli bir \u00e7al\u0131\u015fma kitab\u0131 payla\u015f\u0131yor. Hepimiz s\u0131k\u0131\u015fm\u0131\u015fl\u0131k, ac\u0131 ve kendine zarar verme d\u00f6ngu\u0308lerine yol a\u00e7an, ge\u00e7mi\u015fimizin u\u0308ru\u0308nleri olan \u015fartland\u0131r\u0131lm\u0131\u015f al\u0131\u015fkanl\u0131klara ve kal\u0131plara gireriz. Ancak Dr. Nicole\u2019u\u0308n de payla\u015ft\u0131\u011f\u0131 gibi, art\u0131k bize hizmet etmeyen davran\u0131\u015flara uyanmak ve bu davran\u0131\u015flar\u0131 de\u011fi\u015ftirmek i\u00e7in do\u011fu\u015ftan gelen bir yetene\u011fe sahibiz ve bu yetenek kendimizin en yu\u0308ksek versiyonlar\u0131na ad\u0131m atmam\u0131z\u0131 sa\u011flar. Gu\u0308nlerimizi dolduran ve mevcut benliklerimizi olu\u015fturan fiziksel, zihinsel ve duygusal kal\u0131plar\u0131, nesnel ve \u015fefkatli bir \u015fekilde g\u00f6zlemleyerek gelece\u011fe neyi ta\u015f\u0131mak istemedi\u011fimizi daha net g\u00f6rebiliriz. Bu kitap u\u0308zerinde \u00e7al\u0131\u015f\u0131rken ve uykudan hareket etmeye, yemek yemekten duygusal tepkiselli\u011fe ve temel inan\u00e7lara kadar uzanan varsay\u0131lan al\u0131\u015fkanl\u0131klar\u0131n\u0131za tan\u0131kl\u0131k ederken, bir daha asla \u201cAma nereden ba\u015flayaca\u011f\u0131m?\u201d diye sormak zorunda kalmayacaks\u0131n\u0131z. Kendi Benli\u011finle Nas\u0131l Tan\u0131\u015f\u0131l\u0131r? devrim niteli\u011finde bir rehber, nazik ve te\u015fvik edici bir yol arkada\u015f\u0131 ve i\u00e7sel olarak kendini iyile\u015ftirme i\u015finizi ve d\u0131\u015f du\u0308nyan\u0131z\u0131 k\u00f6kten de\u011fi\u015ftirecek kapsaml\u0131 bir kendini anlama ba\u015fyap\u0131t\u0131d\u0131r.. <\/p>\n","protected":false},"excerpt":{"rendered":"<p>DR. Nicole LePera son y\u0131llarda du\u0308nya \u00e7ap\u0131nda milyonlarca insan\u0131n hayatta kalma modundan \u00e7\u0131k\u0131p sevdikleri \u00f6zgu\u0308n hayatlar\u0131 bilin\u00e7li bir \u015fekilde olu\u015fturmalar\u0131na yard\u0131mc\u0131 olarak, psikolojik kendini iyile\u015ftirme alan\u0131n\u0131n<span class=\"excerpt-hellip\"> [\u2026]<\/span><\/p>\n","protected":false},"featured_media":0,"template":"","meta":{"_monsterinsights_skip_tracking":false,"_monsterinsights_sitenote_active":false,"_monsterinsights_sitenote_note":"","_monsterinsights_sitenote_category":0},"product_brand":[],"product_cat":[12364,12376],"product_tag":[],"class_list":{"0":"post-748599","1":"product","2":"type-product","3":"status-publish","5":"product_cat-genel-konular","6":"product_cat-kisisel-gelisim","7":"pa_cilt-ciltsiz","8":"pa_tur-kitap","9":"pa_yayinevi-butik-yayinlari","10":"pa_yazar-nicole-lepera","12":"first","13":"instock","14":"sale","15":"shipping-taxable","16":"purchasable","17":"product-type-simple"},"_links":{"self":[{"href":"https:\/\/roveyayinevi.com.tr\/index.php\/wp-json\/wp\/v2\/product\/748599","targetHints":{"allow":["GET"]}}],"collection":[{"href":"https:\/\/roveyayinevi.com.tr\/index.php\/wp-json\/wp\/v2\/product"}],"about":[{"href":"https:\/\/roveyayinevi.com.tr\/index.php\/wp-json\/wp\/v2\/types\/product"}],"wp:attachment":[{"href":"https:\/\/roveyayinevi.com.tr\/index.php\/wp-json\/wp\/v2\/media?parent=748599"}],"wp:term":[{"taxonomy":"product_brand","embeddable":true,"href":"https:\/\/roveyayinevi.com.tr\/index.php\/wp-json\/wp\/v2\/product_brand?post=748599"},{"taxonomy":"product_cat","embeddable":true,"href":"https:\/\/roveyayinevi.com.tr\/index.php\/wp-json\/wp\/v2\/product_cat?post=748599"},{"taxonomy":"product_tag","embeddable":true,"href":"https:\/\/roveyayinevi.com.tr\/index.php\/wp-json\/wp\/v2\/product_tag?post=748599"}],"curies":[{"name":"wp","href":"https:\/\/api.w.org\/{rel}","templated":true}]}}