{"id":748598,"date":"2025-08-28T03:34:59","date_gmt":"2025-08-28T00:34:59","guid":{"rendered":"https:\/\/roveyayinevi.com.tr\/index.php\/urun\/farkliliklarimizla-mutluyuz\/"},"modified":"2026-04-16T03:01:16","modified_gmt":"2026-04-16T00:01:16","slug":"farkliliklarimizla-mutluyuz","status":"publish","type":"product","link":"https:\/\/roveyayinevi.com.tr\/index.php\/urun\/farkliliklarimizla-mutluyuz\/","title":{"rendered":"Farkl\u0131l\u0131klar\u0131m\u0131zla Mutluyuz"},"content":{"rendered":"<p>Her \u00e7ocuk farkl\u0131 \u00f6zelliklere sahiptir; b\u00fcy\u00fcrken kal\u0131t\u0131m\u0131n yan\u0131 s\u0131ra yak\u0131n \u00e7evrelerinden, i\u00e7inde bulunduklar\u0131 sosyo-k\u00fclt\u00fcrel ve ekonomik ortamdan da etkilenirler. Bu nedenle hi\u00e7bir \u00e7ocuk di\u011ferine benzemez. \u00c7ocu\u011fun yak\u0131n \u00e7evresi \u00f6ncelikle ailesi, daha sonra ise okul \u00f6ncesi kurumlard\u0131r. Toplumsal ya\u015fant\u0131 i\u00e7inde sosyal huzurun sa\u011flanmas\u0131, \u00f6tekile\u015ftirmenin, ayr\u0131mc\u0131l\u0131\u011f\u0131n, \u00f6nyarg\u0131lar\u0131n olmad\u0131\u011f\u0131 bir d\u00fczenin kurulabilmesi i\u00e7in farkl\u0131l\u0131klar\u0131 zenginlik olarak g\u00f6ren nesiller yeti\u015fmelidir. Bunu ba\u015farabilmek i\u00e7in aile ve okul \u201cfarkl\u0131l\u0131klara sayg\u0131 e\u011fitimi\u201d i\u00e7in b\u00fct\u00fcnc\u00fcl bir yakla\u015f\u0131mla birlikte \u00e7al\u0131\u015fmal\u0131d\u0131r. Erken \u00e7ocukluk d\u00f6neminde okul \u00f6ncesi e\u011fitim program\u0131nda farkl\u0131l\u0131klara sayg\u0131 e\u011fitimine mutlaka yer verilmelidir. Bu kitap farkl\u0131l\u0131klara sayg\u0131 alan\u0131nda \u00e7ocuklarda kal\u0131c\u0131 bir bak\u0131\u015f a\u00e7\u0131s\u0131 sa\u011flamak amac\u0131yla haz\u0131rlanm\u0131\u015ft\u0131r. <\/p>\n","protected":false},"excerpt":{"rendered":"<p>Her \u00e7ocuk farkl\u0131 \u00f6zelliklere sahiptir; b\u00fcy\u00fcrken kal\u0131t\u0131m\u0131n yan\u0131 s\u0131ra yak\u0131n \u00e7evrelerinden, i\u00e7inde bulunduklar\u0131 sosyo-k\u00fclt\u00fcrel ve ekonomik ortamdan da etkilenirler. Bu nedenle hi\u00e7bir \u00e7ocuk di\u011ferine benzemez. \u00c7ocu\u011fun<span class=\"excerpt-hellip\"> [\u2026]<\/span><\/p>\n","protected":false},"featured_media":0,"template":"","meta":{"_monsterinsights_skip_tracking":false,"_monsterinsights_sitenote_active":false,"_monsterinsights_sitenote_note":"","_monsterinsights_sitenote_category":0},"product_brand":[],"product_cat":[12274,15842],"product_tag":[],"class_list":{"0":"post-748598","1":"product","2":"type-product","3":"status-publish","5":"product_cat-cocuk-ve-genclik-kitaplari","6":"product_cat-egitici-kitaplar","7":"pa_cilt-ciltsiz","8":"pa_tur-kitap","9":"pa_yayinevi-nesil-yayinlari","10":"pa_yazar-ozgul-polat-tuba-ozkabak-yildiz","12":"first","13":"instock","14":"sale","15":"shipping-taxable","16":"purchasable","17":"product-type-simple"},"_links":{"self":[{"href":"https:\/\/roveyayinevi.com.tr\/index.php\/wp-json\/wp\/v2\/product\/748598","targetHints":{"allow":["GET"]}}],"collection":[{"href":"https:\/\/roveyayinevi.com.tr\/index.php\/wp-json\/wp\/v2\/product"}],"about":[{"href":"https:\/\/roveyayinevi.com.tr\/index.php\/wp-json\/wp\/v2\/types\/product"}],"wp:attachment":[{"href":"https:\/\/roveyayinevi.com.tr\/index.php\/wp-json\/wp\/v2\/media?parent=748598"}],"wp:term":[{"taxonomy":"product_brand","embeddable":true,"href":"https:\/\/roveyayinevi.com.tr\/index.php\/wp-json\/wp\/v2\/product_brand?post=748598"},{"taxonomy":"product_cat","embeddable":true,"href":"https:\/\/roveyayinevi.com.tr\/index.php\/wp-json\/wp\/v2\/product_cat?post=748598"},{"taxonomy":"product_tag","embeddable":true,"href":"https:\/\/roveyayinevi.com.tr\/index.php\/wp-json\/wp\/v2\/product_tag?post=748598"}],"curies":[{"name":"wp","href":"https:\/\/api.w.org\/{rel}","templated":true}]}}